{"id":133,"date":"2024-01-26T08:38:41","date_gmt":"2024-01-26T08:38:41","guid":{"rendered":"https:\/\/shelly.ee\/?post_type=product&#038;p=133"},"modified":"2026-03-23T13:21:00","modified_gmt":"2026-03-23T13:21:00","slug":"shelly-1pm-mini-gen3","status":"publish","type":"product","link":"https:\/\/shelly.ee\/en\/product\/shelly-1pm-mini-gen3\/","title":{"rendered":"Shelly 1PM Mini Gen3"},"content":{"rendered":"<p>The world's smallest relay switch for smart control and accurate power monitoring. Automate your lights or small electrical appliances in less than 10 minutes and control and monitor them from anywhere. Small enough to fit behind any wall switch or outlet, the Shelly 1PM Mini Gen3 is retrofittable and perfectly compatible with your existing smart ecosystem.<\/p>\n<ul>\n<li>Equipped with a new CPU and more RAM - ESP Shelly<\/li>\n<li>Contacts for current\/voltage up to 8 A\/240 VAC<\/li>\n<li>Wi-Fi range extender and Bluetooth gateway<\/li>\n<li>Accurate and real-time power measurement with free cloud data storage for analysis and optimization of energy use.\u200b\u200b<\/li>\n<li>No hub needed! Easy control via the Shelly Smart Control app, most platforms and protocols, and voice assistants. Use it with Alexa, Home Assistant or your preferred automation platform<\/li>\n<li>Supports scripting, webhooks, MQTT, WebSocket, HTTPS, UDP, TLS and custom certificates<\/li>\n<\/ul>","protected":false},"excerpt":{"rendered":"<p>Wi-Fi operated smart switch, relay controlled 1 channel 8A, power cons. measuring<\/p>","protected":false},"featured_media":136,"template":"","meta":{"_kadence_starter_templates_imported_post":false,"_kad_post_transparent":"","_kad_post_title":"","_kad_post_layout":"","_kad_post_sidebar_id":"","_kad_post_content_style":"","_kad_post_vertical_padding":"","_kad_post_feature":"","_kad_post_feature_position":"","_kad_post_header":false,"_kad_post_footer":false,"_kad_post_classname":""},"product_brand":[],"product_cat":[104,22],"product_tag":[28,23,26,27,25],"class_list":{"0":"post-133","1":"product","2":"type-product","3":"status-publish","4":"has-post-thumbnail","6":"product_cat-energiaarvestid","7":"product_cat-nutireleed-ja-dimmerid","8":"product_tag-relay","9":"product_tag-relee","10":"product_tag-smart-switch","11":"product_tag-switch","12":"product_tag-wifi","14":"first","15":"instock","16":"shipping-taxable","17":"product-type-external","18":"entry","19":"content-bg","20":"loop-entry"},"yoast_head":"<!-- This site is optimized with the Yoast SEO plugin v27.4 - https:\/\/yoast.com\/product\/yoast-seo-wordpress\/ -->\n<title>Shelly 1PM Mini Gen3 - Shelly EE<\/title>\n<meta name=\"robots\" content=\"index, follow, max-snippet:-1, max-image-preview:large, max-video-preview:-1\" \/>\n<link rel=\"canonical\" href=\"https:\/\/shelly.ee\/en\/product\/shelly-1pm-mini-gen3\/\" \/>\n<meta property=\"og:locale\" content=\"en_US\" \/>\n<meta property=\"og:type\" content=\"article\" \/>\n<meta property=\"og:title\" content=\"Shelly 1PM Mini Gen3 - Shelly EE\" \/>\n<meta property=\"og:description\" content=\"Wi-Fi-ga t\u00f6\u00f6tav nutil\u00fcliti, releega juhitav 1 kanal 8A, voolutarbimise m\u00f5\u00f5tmine.\" \/>\n<meta property=\"og:url\" content=\"https:\/\/shelly.ee\/en\/product\/shelly-1pm-mini-gen3\/\" \/>\n<meta property=\"og:site_name\" content=\"Shelly\" \/>\n<meta property=\"article:publisher\" content=\"https:\/\/www.facebook.com\/groups\/ShellyIoTCommunitySupport\/\" \/>\n<meta property=\"article:modified_time\" content=\"2026-03-23T13:21:00+00:00\" \/>\n<meta property=\"og:image\" content=\"https:\/\/shelly.ee\/wp-content\/uploads\/2024\/01\/Shelly_Plus_1PM_Mini_x1_02-625x625-2-625x625-1.png\" \/>\n\t<meta property=\"og:image:width\" content=\"625\" \/>\n\t<meta property=\"og:image:height\" content=\"625\" \/>\n\t<meta property=\"og:image:type\" content=\"image\/png\" \/>\n<meta name=\"twitter:card\" content=\"summary_large_image\" \/>\n<meta name=\"twitter:site\" content=\"@shelly_iot\" \/>\n<meta name=\"twitter:label1\" content=\"Est. reading time\" \/>\n\t<meta name=\"twitter:data1\" content=\"1 minute\" \/>\n<script type=\"application\/ld+json\" class=\"yoast-schema-graph\">{\"@context\":\"https:\\\/\\\/schema.org\",\"@graph\":[{\"@type\":\"WebPage\",\"@id\":\"https:\\\/\\\/shelly.ee\\\/toode\\\/shelly-1pm-mini-gen3\\\/\",\"url\":\"https:\\\/\\\/shelly.ee\\\/toode\\\/shelly-1pm-mini-gen3\\\/\",\"name\":\"Shelly 1PM Mini Gen3 - Shelly EE\",\"isPartOf\":{\"@id\":\"https:\\\/\\\/shelly.ee\\\/#website\"},\"primaryImageOfPage\":{\"@id\":\"https:\\\/\\\/shelly.ee\\\/toode\\\/shelly-1pm-mini-gen3\\\/#primaryimage\"},\"image\":{\"@id\":\"https:\\\/\\\/shelly.ee\\\/toode\\\/shelly-1pm-mini-gen3\\\/#primaryimage\"},\"thumbnailUrl\":\"https:\\\/\\\/shelly.ee\\\/wp-content\\\/uploads\\\/2024\\\/01\\\/Shelly_Plus_1PM_Mini_x1_02-625x625-2-625x625-1.png\",\"datePublished\":\"2024-01-26T08:38:41+00:00\",\"dateModified\":\"2026-03-23T13:21:00+00:00\",\"breadcrumb\":{\"@id\":\"https:\\\/\\\/shelly.ee\\\/toode\\\/shelly-1pm-mini-gen3\\\/#breadcrumb\"},\"inLanguage\":\"en-US\",\"potentialAction\":[{\"@type\":\"ReadAction\",\"target\":[\"https:\\\/\\\/shelly.ee\\\/toode\\\/shelly-1pm-mini-gen3\\\/\"]}]},{\"@type\":\"ImageObject\",\"inLanguage\":\"en-US\",\"@id\":\"https:\\\/\\\/shelly.ee\\\/toode\\\/shelly-1pm-mini-gen3\\\/#primaryimage\",\"url\":\"https:\\\/\\\/shelly.ee\\\/wp-content\\\/uploads\\\/2024\\\/01\\\/Shelly_Plus_1PM_Mini_x1_02-625x625-2-625x625-1.png\",\"contentUrl\":\"https:\\\/\\\/shelly.ee\\\/wp-content\\\/uploads\\\/2024\\\/01\\\/Shelly_Plus_1PM_Mini_x1_02-625x625-2-625x625-1.png\",\"width\":625,\"height\":625},{\"@type\":\"BreadcrumbList\",\"@id\":\"https:\\\/\\\/shelly.ee\\\/toode\\\/shelly-1pm-mini-gen3\\\/#breadcrumb\",\"itemListElement\":[{\"@type\":\"ListItem\",\"position\":1,\"name\":\"Home\",\"item\":\"https:\\\/\\\/shelly.ee\\\/\"},{\"@type\":\"ListItem\",\"position\":2,\"name\":\"Pood\",\"item\":\"https:\\\/\\\/shelly.ee\\\/pood\\\/\"},{\"@type\":\"ListItem\",\"position\":3,\"name\":\"Shelly 1PM Mini Gen3\"}]},{\"@type\":\"WebSite\",\"@id\":\"https:\\\/\\\/shelly.ee\\\/#website\",\"url\":\"https:\\\/\\\/shelly.ee\\\/\",\"name\":\"Shelly Eesti\",\"description\":\"T&otilde;hus nutikodu automaatika\",\"publisher\":{\"@id\":\"https:\\\/\\\/shelly.ee\\\/#organization\"},\"alternateName\":\"Shelly Estonia\",\"potentialAction\":[{\"@type\":\"SearchAction\",\"target\":{\"@type\":\"EntryPoint\",\"urlTemplate\":\"https:\\\/\\\/shelly.ee\\\/?s={search_term_string}\"},\"query-input\":{\"@type\":\"PropertyValueSpecification\",\"valueRequired\":true,\"valueName\":\"search_term_string\"}}],\"inLanguage\":\"en-US\"},{\"@type\":\"Organization\",\"@id\":\"https:\\\/\\\/shelly.ee\\\/#organization\",\"name\":\"Shelly\",\"alternateName\":\"Shelly Estonia\",\"url\":\"https:\\\/\\\/shelly.ee\\\/\",\"logo\":{\"@type\":\"ImageObject\",\"inLanguage\":\"en-US\",\"@id\":\"https:\\\/\\\/shelly.ee\\\/#\\\/schema\\\/logo\\\/image\\\/\",\"url\":\"https:\\\/\\\/shelly.ee\\\/wp-content\\\/uploads\\\/2024\\\/01\\\/cropped-apple-touch-icon-120x120-1.png\",\"contentUrl\":\"https:\\\/\\\/shelly.ee\\\/wp-content\\\/uploads\\\/2024\\\/01\\\/cropped-apple-touch-icon-120x120-1.png\",\"width\":512,\"height\":512,\"caption\":\"Shelly\"},\"image\":{\"@id\":\"https:\\\/\\\/shelly.ee\\\/#\\\/schema\\\/logo\\\/image\\\/\"},\"sameAs\":[\"https:\\\/\\\/www.facebook.com\\\/groups\\\/ShellyIoTCommunitySupport\\\/\",\"https:\\\/\\\/x.com\\\/shelly_iot\",\"https:\\\/\\\/www.instagram.com\\\/shelly.iot\\\/\",\"https:\\\/\\\/www.youtube.com\\\/channel\\\/UCbsZRChOGBmMXx9-6PhCxdw\"]}]}<\/script>\n<!-- \/ Yoast SEO plugin. -->","yoast_head_json":{"title":"Shelly 1PM Mini Gen3 - Shelly EE","robots":{"index":"index","follow":"follow","max-snippet":"max-snippet:-1","max-image-preview":"max-image-preview:large","max-video-preview":"max-video-preview:-1"},"canonical":"https:\/\/shelly.ee\/en\/product\/shelly-1pm-mini-gen3\/","og_locale":"en_US","og_type":"article","og_title":"Shelly 1PM Mini Gen3 - Shelly EE","og_description":"Wi-Fi-ga t\u00f6\u00f6tav nutil\u00fcliti, releega juhitav 1 kanal 8A, voolutarbimise m\u00f5\u00f5tmine.","og_url":"https:\/\/shelly.ee\/en\/product\/shelly-1pm-mini-gen3\/","og_site_name":"Shelly","article_publisher":"https:\/\/www.facebook.com\/groups\/ShellyIoTCommunitySupport\/","article_modified_time":"2026-03-23T13:21:00+00:00","og_image":[{"width":625,"height":625,"url":"https:\/\/shelly.ee\/wp-content\/uploads\/2024\/01\/Shelly_Plus_1PM_Mini_x1_02-625x625-2-625x625-1.png","type":"image\/png"}],"twitter_card":"summary_large_image","twitter_site":"@shelly_iot","twitter_misc":{"Est. reading time":"1 minute"},"schema":{"@context":"https:\/\/schema.org","@graph":[{"@type":"WebPage","@id":"https:\/\/shelly.ee\/toode\/shelly-1pm-mini-gen3\/","url":"https:\/\/shelly.ee\/toode\/shelly-1pm-mini-gen3\/","name":"Shelly 1PM Mini Gen3 - Shelly EE","isPartOf":{"@id":"https:\/\/shelly.ee\/#website"},"primaryImageOfPage":{"@id":"https:\/\/shelly.ee\/toode\/shelly-1pm-mini-gen3\/#primaryimage"},"image":{"@id":"https:\/\/shelly.ee\/toode\/shelly-1pm-mini-gen3\/#primaryimage"},"thumbnailUrl":"https:\/\/shelly.ee\/wp-content\/uploads\/2024\/01\/Shelly_Plus_1PM_Mini_x1_02-625x625-2-625x625-1.png","datePublished":"2024-01-26T08:38:41+00:00","dateModified":"2026-03-23T13:21:00+00:00","breadcrumb":{"@id":"https:\/\/shelly.ee\/toode\/shelly-1pm-mini-gen3\/#breadcrumb"},"inLanguage":"en-US","potentialAction":[{"@type":"ReadAction","target":["https:\/\/shelly.ee\/toode\/shelly-1pm-mini-gen3\/"]}]},{"@type":"ImageObject","inLanguage":"en-US","@id":"https:\/\/shelly.ee\/toode\/shelly-1pm-mini-gen3\/#primaryimage","url":"https:\/\/shelly.ee\/wp-content\/uploads\/2024\/01\/Shelly_Plus_1PM_Mini_x1_02-625x625-2-625x625-1.png","contentUrl":"https:\/\/shelly.ee\/wp-content\/uploads\/2024\/01\/Shelly_Plus_1PM_Mini_x1_02-625x625-2-625x625-1.png","width":625,"height":625},{"@type":"BreadcrumbList","@id":"https:\/\/shelly.ee\/toode\/shelly-1pm-mini-gen3\/#breadcrumb","itemListElement":[{"@type":"ListItem","position":1,"name":"Home","item":"https:\/\/shelly.ee\/"},{"@type":"ListItem","position":2,"name":"Pood","item":"https:\/\/shelly.ee\/pood\/"},{"@type":"ListItem","position":3,"name":"Shelly 1PM Mini Gen3"}]},{"@type":"WebSite","@id":"https:\/\/shelly.ee\/#website","url":"https:\/\/shelly.ee\/","name":"Shelly Eesti","description":"T&otilde;hus nutikodu automaatika","publisher":{"@id":"https:\/\/shelly.ee\/#organization"},"alternateName":"Shelly Estonia","potentialAction":[{"@type":"SearchAction","target":{"@type":"EntryPoint","urlTemplate":"https:\/\/shelly.ee\/?s={search_term_string}"},"query-input":{"@type":"PropertyValueSpecification","valueRequired":true,"valueName":"search_term_string"}}],"inLanguage":"en-US"},{"@type":"Organization","@id":"https:\/\/shelly.ee\/#organization","name":"Shelly's","alternateName":"Shelly Estonia","url":"https:\/\/shelly.ee\/","logo":{"@type":"ImageObject","inLanguage":"en-US","@id":"https:\/\/shelly.ee\/#\/schema\/logo\/image\/","url":"https:\/\/shelly.ee\/wp-content\/uploads\/2024\/01\/cropped-apple-touch-icon-120x120-1.png","contentUrl":"https:\/\/shelly.ee\/wp-content\/uploads\/2024\/01\/cropped-apple-touch-icon-120x120-1.png","width":512,"height":512,"caption":"Shelly"},"image":{"@id":"https:\/\/shelly.ee\/#\/schema\/logo\/image\/"},"sameAs":["https:\/\/www.facebook.com\/groups\/ShellyIoTCommunitySupport\/","https:\/\/x.com\/shelly_iot","https:\/\/www.instagram.com\/shelly.iot\/","https:\/\/www.youtube.com\/channel\/UCbsZRChOGBmMXx9-6PhCxdw"]}]}},"_links":{"self":[{"href":"https:\/\/shelly.ee\/en\/wp-json\/wp\/v2\/product\/133","targetHints":{"allow":["GET"]}}],"collection":[{"href":"https:\/\/shelly.ee\/en\/wp-json\/wp\/v2\/product"}],"about":[{"href":"https:\/\/shelly.ee\/en\/wp-json\/wp\/v2\/types\/product"}],"wp:featuredmedia":[{"embeddable":true,"href":"https:\/\/shelly.ee\/en\/wp-json\/wp\/v2\/media\/136"}],"wp:attachment":[{"href":"https:\/\/shelly.ee\/en\/wp-json\/wp\/v2\/media?parent=133"}],"wp:term":[{"taxonomy":"product_brand","embeddable":true,"href":"https:\/\/shelly.ee\/en\/wp-json\/wp\/v2\/product_brand?post=133"},{"taxonomy":"product_cat","embeddable":true,"href":"https:\/\/shelly.ee\/en\/wp-json\/wp\/v2\/product_cat?post=133"},{"taxonomy":"product_tag","embeddable":true,"href":"https:\/\/shelly.ee\/en\/wp-json\/wp\/v2\/product_tag?post=133"}],"curies":[{"name":"wp","href":"https:\/\/api.w.org\/{rel}","templated":true}]}}