{"id":153,"date":"2024-01-26T09:34:34","date_gmt":"2024-01-26T09:34:34","guid":{"rendered":"https:\/\/shelly.ee\/?post_type=product&#038;p=153"},"modified":"2026-04-08T06:43:58","modified_gmt":"2026-04-08T06:43:58","slug":"shelly-door-window-2","status":"publish","type":"product","link":"https:\/\/shelly.ee\/en\/product\/shelly-door-window-2\/","title":{"rendered":"Shelly Door\/Window 2"},"content":{"rendered":"<p>Lightning fast smart door and window sensor<br \/>\nShelly Door\/Window is designed to detect and report the opening and closing of doors and windows. Its compact design allows it to be easily installed on any door or window, and because it is light, the sensor is almost invisible.<\/p>\n<ul>\n<li>No HUB needed<\/li>\n<li>Sends notifications about opening\/closing doors and windows<\/li>\n<li>Integrated temperature and LUX sensors<\/li>\n<li>Can be integrated to the Shelly ecosystem<\/li>\n<li>Connects to Android, IOS, Amazon Alexa, Google Assistant and home automation servers that use MQTT, coAP and REST API<\/li>\n<li>Easily make your Arduino project live and usable in an automation project.<\/li>\n<li>Up to 18 months battery life<\/li>\n<li>Works using 2x 3V CR123A batteries (not included)<\/li>\n<\/ul>","protected":false},"excerpt":{"rendered":"<p>Lightning fast smart door and window sensor<br \/>\nShelly Door\/Window on loodud uste ja akende avanemise ja sulgemise tuvastamiseks ja sellest teatamiseks. Seadme kompaktne disain v\u00f5imaldab seda h\u00f5lpsasti paigaldada igale uksele v\u00f5i aknale ning kuna see on kerge, on andur peaaegu n\u00e4htamatu.<\/p>","protected":false},"featured_media":155,"template":"","meta":{"_kadence_starter_templates_imported_post":false,"_kad_post_transparent":"default","_kad_post_title":"","_kad_post_layout":"default","_kad_post_sidebar_id":"","_kad_post_content_style":"default","_kad_post_vertical_padding":"default","_kad_post_feature":"","_kad_post_feature_position":"","_kad_post_header":false,"_kad_post_footer":false,"_kad_post_classname":""},"product_brand":[],"product_cat":[29],"product_tag":[32,33,30,34,31],"class_list":{"0":"post-153","1":"product","2":"type-product","3":"status-publish","4":"has-post-thumbnail","6":"product_cat-turvalisus","7":"product_tag-aknaandur","8":"product_tag-andur","9":"product_tag-door-sensor","10":"product_tag-ukseandur","11":"product_tag-window-sensor","13":"first","14":"instock","15":"sale","16":"shipping-taxable","17":"product-type-external","18":"entry","19":"content-bg","20":"loop-entry"},"yoast_head":"<!-- This site is optimized with the Yoast SEO plugin v27.4 - https:\/\/yoast.com\/product\/yoast-seo-wordpress\/ -->\n<title>Shelly Door\/Window 2 - Shelly EE<\/title>\n<meta name=\"robots\" content=\"index, follow, max-snippet:-1, max-image-preview:large, max-video-preview:-1\" \/>\n<link rel=\"canonical\" href=\"https:\/\/shelly.ee\/en\/product\/shelly-door-window-2\/\" \/>\n<meta property=\"og:locale\" content=\"en_US\" \/>\n<meta property=\"og:type\" content=\"article\" \/>\n<meta property=\"og:title\" content=\"Shelly Door\/Window 2 - Shelly EE\" \/>\n<meta property=\"og:description\" content=\"V\u00e4lkkiire nutikas, ukse- ja aknaandur Shelly Door\/Window on loodud uste ja akende avanemise ja sulgemise tuvastamiseks ja sellest teatamiseks. Seadme kompaktne disain v\u00f5imaldab seda h\u00f5lpsasti paigaldada igale uksele v\u00f5i aknale ning kuna see on kerge, on andur peaaegu n\u00e4htamatu.\" \/>\n<meta property=\"og:url\" content=\"https:\/\/shelly.ee\/en\/product\/shelly-door-window-2\/\" \/>\n<meta property=\"og:site_name\" content=\"Shelly\" \/>\n<meta property=\"article:publisher\" content=\"https:\/\/www.facebook.com\/groups\/ShellyIoTCommunitySupport\/\" \/>\n<meta property=\"article:modified_time\" content=\"2026-04-08T06:43:58+00:00\" \/>\n<meta property=\"og:image\" content=\"https:\/\/shelly.ee\/wp-content\/uploads\/2024\/01\/door-ezgif.com-webp-to-png-converter.png\" \/>\n\t<meta property=\"og:image:width\" content=\"2500\" \/>\n\t<meta property=\"og:image:height\" content=\"2000\" \/>\n\t<meta property=\"og:image:type\" content=\"image\/png\" \/>\n<meta name=\"twitter:card\" content=\"summary_large_image\" \/>\n<meta name=\"twitter:site\" content=\"@shelly_iot\" \/>\n<meta name=\"twitter:label1\" content=\"Est. reading time\" \/>\n\t<meta name=\"twitter:data1\" content=\"1 minute\" \/>\n<script type=\"application\/ld+json\" class=\"yoast-schema-graph\">{\"@context\":\"https:\\\/\\\/schema.org\",\"@graph\":[{\"@type\":\"WebPage\",\"@id\":\"https:\\\/\\\/shelly.ee\\\/toode\\\/shelly-door-window-2\\\/\",\"url\":\"https:\\\/\\\/shelly.ee\\\/toode\\\/shelly-door-window-2\\\/\",\"name\":\"Shelly Door\\\/Window 2 - Shelly EE\",\"isPartOf\":{\"@id\":\"https:\\\/\\\/shelly.ee\\\/#website\"},\"primaryImageOfPage\":{\"@id\":\"https:\\\/\\\/shelly.ee\\\/toode\\\/shelly-door-window-2\\\/#primaryimage\"},\"image\":{\"@id\":\"https:\\\/\\\/shelly.ee\\\/toode\\\/shelly-door-window-2\\\/#primaryimage\"},\"thumbnailUrl\":\"https:\\\/\\\/shelly.ee\\\/wp-content\\\/uploads\\\/2024\\\/01\\\/door-ezgif.com-webp-to-png-converter.png\",\"datePublished\":\"2024-01-26T09:34:34+00:00\",\"dateModified\":\"2026-04-08T06:43:58+00:00\",\"breadcrumb\":{\"@id\":\"https:\\\/\\\/shelly.ee\\\/toode\\\/shelly-door-window-2\\\/#breadcrumb\"},\"inLanguage\":\"en-US\",\"potentialAction\":[{\"@type\":\"ReadAction\",\"target\":[\"https:\\\/\\\/shelly.ee\\\/toode\\\/shelly-door-window-2\\\/\"]}]},{\"@type\":\"ImageObject\",\"inLanguage\":\"en-US\",\"@id\":\"https:\\\/\\\/shelly.ee\\\/toode\\\/shelly-door-window-2\\\/#primaryimage\",\"url\":\"https:\\\/\\\/shelly.ee\\\/wp-content\\\/uploads\\\/2024\\\/01\\\/door-ezgif.com-webp-to-png-converter.png\",\"contentUrl\":\"https:\\\/\\\/shelly.ee\\\/wp-content\\\/uploads\\\/2024\\\/01\\\/door-ezgif.com-webp-to-png-converter.png\",\"width\":2500,\"height\":2000},{\"@type\":\"BreadcrumbList\",\"@id\":\"https:\\\/\\\/shelly.ee\\\/toode\\\/shelly-door-window-2\\\/#breadcrumb\",\"itemListElement\":[{\"@type\":\"ListItem\",\"position\":1,\"name\":\"Home\",\"item\":\"https:\\\/\\\/shelly.ee\\\/\"},{\"@type\":\"ListItem\",\"position\":2,\"name\":\"Pood\",\"item\":\"https:\\\/\\\/shelly.ee\\\/pood\\\/\"},{\"@type\":\"ListItem\",\"position\":3,\"name\":\"Shelly Door\\\/Window 2\"}]},{\"@type\":\"WebSite\",\"@id\":\"https:\\\/\\\/shelly.ee\\\/#website\",\"url\":\"https:\\\/\\\/shelly.ee\\\/\",\"name\":\"Shelly Eesti\",\"description\":\"T&otilde;hus nutikodu automaatika\",\"publisher\":{\"@id\":\"https:\\\/\\\/shelly.ee\\\/#organization\"},\"alternateName\":\"Shelly Estonia\",\"potentialAction\":[{\"@type\":\"SearchAction\",\"target\":{\"@type\":\"EntryPoint\",\"urlTemplate\":\"https:\\\/\\\/shelly.ee\\\/?s={search_term_string}\"},\"query-input\":{\"@type\":\"PropertyValueSpecification\",\"valueRequired\":true,\"valueName\":\"search_term_string\"}}],\"inLanguage\":\"en-US\"},{\"@type\":\"Organization\",\"@id\":\"https:\\\/\\\/shelly.ee\\\/#organization\",\"name\":\"Shelly\",\"alternateName\":\"Shelly Estonia\",\"url\":\"https:\\\/\\\/shelly.ee\\\/\",\"logo\":{\"@type\":\"ImageObject\",\"inLanguage\":\"en-US\",\"@id\":\"https:\\\/\\\/shelly.ee\\\/#\\\/schema\\\/logo\\\/image\\\/\",\"url\":\"https:\\\/\\\/shelly.ee\\\/wp-content\\\/uploads\\\/2024\\\/01\\\/cropped-apple-touch-icon-120x120-1.png\",\"contentUrl\":\"https:\\\/\\\/shelly.ee\\\/wp-content\\\/uploads\\\/2024\\\/01\\\/cropped-apple-touch-icon-120x120-1.png\",\"width\":512,\"height\":512,\"caption\":\"Shelly\"},\"image\":{\"@id\":\"https:\\\/\\\/shelly.ee\\\/#\\\/schema\\\/logo\\\/image\\\/\"},\"sameAs\":[\"https:\\\/\\\/www.facebook.com\\\/groups\\\/ShellyIoTCommunitySupport\\\/\",\"https:\\\/\\\/x.com\\\/shelly_iot\",\"https:\\\/\\\/www.instagram.com\\\/shelly.iot\\\/\",\"https:\\\/\\\/www.youtube.com\\\/channel\\\/UCbsZRChOGBmMXx9-6PhCxdw\"]}]}<\/script>\n<!-- \/ Yoast SEO plugin. -->","yoast_head_json":{"title":"Shelly Door\/Window 2 - Shelly EE","robots":{"index":"index","follow":"follow","max-snippet":"max-snippet:-1","max-image-preview":"max-image-preview:large","max-video-preview":"max-video-preview:-1"},"canonical":"https:\/\/shelly.ee\/en\/product\/shelly-door-window-2\/","og_locale":"en_US","og_type":"article","og_title":"Shelly Door\/Window 2 - Shelly EE","og_description":"V\u00e4lkkiire nutikas, ukse- ja aknaandur Shelly Door\/Window on loodud uste ja akende avanemise ja sulgemise tuvastamiseks ja sellest teatamiseks. Seadme kompaktne disain v\u00f5imaldab seda h\u00f5lpsasti paigaldada igale uksele v\u00f5i aknale ning kuna see on kerge, on andur peaaegu n\u00e4htamatu.","og_url":"https:\/\/shelly.ee\/en\/product\/shelly-door-window-2\/","og_site_name":"Shelly","article_publisher":"https:\/\/www.facebook.com\/groups\/ShellyIoTCommunitySupport\/","article_modified_time":"2026-04-08T06:43:58+00:00","og_image":[{"width":2500,"height":2000,"url":"https:\/\/shelly.ee\/wp-content\/uploads\/2024\/01\/door-ezgif.com-webp-to-png-converter.png","type":"image\/png"}],"twitter_card":"summary_large_image","twitter_site":"@shelly_iot","twitter_misc":{"Est. reading time":"1 minute"},"schema":{"@context":"https:\/\/schema.org","@graph":[{"@type":"WebPage","@id":"https:\/\/shelly.ee\/toode\/shelly-door-window-2\/","url":"https:\/\/shelly.ee\/toode\/shelly-door-window-2\/","name":"Shelly Door\/Window 2 - Shelly EE","isPartOf":{"@id":"https:\/\/shelly.ee\/#website"},"primaryImageOfPage":{"@id":"https:\/\/shelly.ee\/toode\/shelly-door-window-2\/#primaryimage"},"image":{"@id":"https:\/\/shelly.ee\/toode\/shelly-door-window-2\/#primaryimage"},"thumbnailUrl":"https:\/\/shelly.ee\/wp-content\/uploads\/2024\/01\/door-ezgif.com-webp-to-png-converter.png","datePublished":"2024-01-26T09:34:34+00:00","dateModified":"2026-04-08T06:43:58+00:00","breadcrumb":{"@id":"https:\/\/shelly.ee\/toode\/shelly-door-window-2\/#breadcrumb"},"inLanguage":"en-US","potentialAction":[{"@type":"ReadAction","target":["https:\/\/shelly.ee\/toode\/shelly-door-window-2\/"]}]},{"@type":"ImageObject","inLanguage":"en-US","@id":"https:\/\/shelly.ee\/toode\/shelly-door-window-2\/#primaryimage","url":"https:\/\/shelly.ee\/wp-content\/uploads\/2024\/01\/door-ezgif.com-webp-to-png-converter.png","contentUrl":"https:\/\/shelly.ee\/wp-content\/uploads\/2024\/01\/door-ezgif.com-webp-to-png-converter.png","width":2500,"height":2000},{"@type":"BreadcrumbList","@id":"https:\/\/shelly.ee\/toode\/shelly-door-window-2\/#breadcrumb","itemListElement":[{"@type":"ListItem","position":1,"name":"Home","item":"https:\/\/shelly.ee\/"},{"@type":"ListItem","position":2,"name":"Pood","item":"https:\/\/shelly.ee\/pood\/"},{"@type":"ListItem","position":3,"name":"Shelly Door\/Window 2"}]},{"@type":"WebSite","@id":"https:\/\/shelly.ee\/#website","url":"https:\/\/shelly.ee\/","name":"Shelly Eesti","description":"T&otilde;hus nutikodu automaatika","publisher":{"@id":"https:\/\/shelly.ee\/#organization"},"alternateName":"Shelly Estonia","potentialAction":[{"@type":"SearchAction","target":{"@type":"EntryPoint","urlTemplate":"https:\/\/shelly.ee\/?s={search_term_string}"},"query-input":{"@type":"PropertyValueSpecification","valueRequired":true,"valueName":"search_term_string"}}],"inLanguage":"en-US"},{"@type":"Organization","@id":"https:\/\/shelly.ee\/#organization","name":"Shelly's","alternateName":"Shelly Estonia","url":"https:\/\/shelly.ee\/","logo":{"@type":"ImageObject","inLanguage":"en-US","@id":"https:\/\/shelly.ee\/#\/schema\/logo\/image\/","url":"https:\/\/shelly.ee\/wp-content\/uploads\/2024\/01\/cropped-apple-touch-icon-120x120-1.png","contentUrl":"https:\/\/shelly.ee\/wp-content\/uploads\/2024\/01\/cropped-apple-touch-icon-120x120-1.png","width":512,"height":512,"caption":"Shelly"},"image":{"@id":"https:\/\/shelly.ee\/#\/schema\/logo\/image\/"},"sameAs":["https:\/\/www.facebook.com\/groups\/ShellyIoTCommunitySupport\/","https:\/\/x.com\/shelly_iot","https:\/\/www.instagram.com\/shelly.iot\/","https:\/\/www.youtube.com\/channel\/UCbsZRChOGBmMXx9-6PhCxdw"]}]}},"_links":{"self":[{"href":"https:\/\/shelly.ee\/en\/wp-json\/wp\/v2\/product\/153","targetHints":{"allow":["GET"]}}],"collection":[{"href":"https:\/\/shelly.ee\/en\/wp-json\/wp\/v2\/product"}],"about":[{"href":"https:\/\/shelly.ee\/en\/wp-json\/wp\/v2\/types\/product"}],"wp:featuredmedia":[{"embeddable":true,"href":"https:\/\/shelly.ee\/en\/wp-json\/wp\/v2\/media\/155"}],"wp:attachment":[{"href":"https:\/\/shelly.ee\/en\/wp-json\/wp\/v2\/media?parent=153"}],"wp:term":[{"taxonomy":"product_brand","embeddable":true,"href":"https:\/\/shelly.ee\/en\/wp-json\/wp\/v2\/product_brand?post=153"},{"taxonomy":"product_cat","embeddable":true,"href":"https:\/\/shelly.ee\/en\/wp-json\/wp\/v2\/product_cat?post=153"},{"taxonomy":"product_tag","embeddable":true,"href":"https:\/\/shelly.ee\/en\/wp-json\/wp\/v2\/product_tag?post=153"}],"curies":[{"name":"wp","href":"https:\/\/api.w.org\/{rel}","templated":true}]}}