{"id":193,"date":"2024-01-26T12:48:01","date_gmt":"2024-01-26T12:48:01","guid":{"rendered":"https:\/\/shelly.ee\/?post_type=product&#038;p=193"},"modified":"2024-01-31T12:01:14","modified_gmt":"2024-01-31T12:01:14","slug":"shelly-ht-gen3-niiskus-ja-temperatuuriandur","status":"publish","type":"product","link":"https:\/\/shelly.ee\/en\/product\/shelly-ht-gen3-niiskus-ja-temperatuuriandur\/","title":{"rendered":"Shelly H&amp;T Gen3 Humidity and temperature sensor"},"content":{"rendered":"<p>Next generation Wi-Fi temperature and humidity sensor<\/p>\n<p>Shelly H&amp;T Gen 3 pakub lihtsat niiskuse ja temperatuuri j\u00e4lgimist &#8211; m\u00f5lemad faktorid on kriitiliselt vajalikud tervisliku kodukeskkonna loomiseks. Shelly H&amp;T seadet on v\u00f5imalik \u00fchendada teiste Shelly seadetega &#8211; automatiseeri enda kodu kliimakontrollimine.<\/p>\n<ul>\n<li>Doesn't need a hub to work\/be controlled, just download the Shelly app<\/li>\n<li>8MB RAM means faster responsiveness<\/li>\n<li>Eco-friendly e-reader screen &amp; built-in clock<\/li>\n<li>USB-C connectability<\/li>\n<li>Works with 4 x 1.5V AA batteries (not included)<\/li>\n<li>Low energy consumption (batteries last up to a year)<\/li>\n<li>Wall mountable<\/li>\n<li>Built-in web server<\/li>\n<\/ul>","protected":false},"excerpt":{"rendered":"<p>Modern Wi-Fi temperature and humidity sensor<\/p>","protected":false},"featured_media":199,"template":"","meta":{"_kadence_starter_templates_imported_post":false,"_kad_post_transparent":"","_kad_post_title":"","_kad_post_layout":"","_kad_post_sidebar_id":"","_kad_post_content_style":"","_kad_post_vertical_padding":"","_kad_post_feature":"","_kad_post_feature_position":"","_kad_post_header":false,"_kad_post_footer":false,"_kad_post_classname":""},"product_brand":[],"product_cat":[21],"product_tag":[33,42,45,43,44,46],"class_list":{"0":"post-193","1":"product","2":"type-product","3":"status-publish","4":"has-post-thumbnail","6":"product_cat-kute-ja-temperatuur","7":"product_tag-andur","8":"product_tag-ekraan","9":"product_tag-humidity-sensor","10":"product_tag-niiskus","11":"product_tag-temperatuur","12":"product_tag-thermometer","14":"first","15":"instock","16":"shipping-taxable","17":"product-type-external","18":"entry","19":"content-bg","20":"loop-entry"},"yoast_head":"<!-- This site is optimized with the Yoast SEO plugin v27.4 - https:\/\/yoast.com\/product\/yoast-seo-wordpress\/ -->\n<title>Shelly H&amp;T Gen3 Niiskus- ja temperatuuriandur - Shelly EE<\/title>\n<meta name=\"robots\" content=\"index, follow, max-snippet:-1, max-image-preview:large, max-video-preview:-1\" \/>\n<link rel=\"canonical\" href=\"https:\/\/shelly.ee\/en\/product\/shelly-ht-gen3-niiskus-ja-temperatuuriandur\/\" \/>\n<meta property=\"og:locale\" content=\"en_US\" \/>\n<meta property=\"og:type\" content=\"article\" \/>\n<meta property=\"og:title\" content=\"Shelly H&amp;T Gen3 Niiskus- ja temperatuuriandur - Shelly EE\" \/>\n<meta property=\"og:description\" content=\"Kaasaegne Wi-Fi temperatuuri- ja niiskusandur\" \/>\n<meta property=\"og:url\" content=\"https:\/\/shelly.ee\/en\/product\/shelly-ht-gen3-niiskus-ja-temperatuuriandur\/\" \/>\n<meta property=\"og:site_name\" content=\"Shelly\" \/>\n<meta property=\"article:publisher\" content=\"https:\/\/www.facebook.com\/groups\/ShellyIoTCommunitySupport\/\" \/>\n<meta property=\"article:modified_time\" content=\"2024-01-31T12:01:14+00:00\" \/>\n<meta property=\"og:image\" content=\"https:\/\/shelly.ee\/wp-content\/uploads\/2024\/01\/Shelly_Wall_Display3_black_x1-625x625-1.webp\" \/>\n\t<meta property=\"og:image:width\" content=\"625\" \/>\n\t<meta property=\"og:image:height\" content=\"625\" \/>\n\t<meta property=\"og:image:type\" content=\"image\/webp\" \/>\n<meta name=\"twitter:card\" content=\"summary_large_image\" \/>\n<meta name=\"twitter:site\" content=\"@shelly_iot\" \/>\n<meta name=\"twitter:label1\" content=\"Est. reading time\" \/>\n\t<meta name=\"twitter:data1\" content=\"1 minute\" \/>\n<script type=\"application\/ld+json\" class=\"yoast-schema-graph\">{\"@context\":\"https:\\\/\\\/schema.org\",\"@graph\":[{\"@type\":\"WebPage\",\"@id\":\"https:\\\/\\\/shelly.ee\\\/toode\\\/shelly-ht-gen3-niiskus-ja-temperatuuriandur\\\/\",\"url\":\"https:\\\/\\\/shelly.ee\\\/toode\\\/shelly-ht-gen3-niiskus-ja-temperatuuriandur\\\/\",\"name\":\"Shelly H&T Gen3 Niiskus- ja temperatuuriandur - Shelly EE\",\"isPartOf\":{\"@id\":\"https:\\\/\\\/shelly.ee\\\/#website\"},\"primaryImageOfPage\":{\"@id\":\"https:\\\/\\\/shelly.ee\\\/toode\\\/shelly-ht-gen3-niiskus-ja-temperatuuriandur\\\/#primaryimage\"},\"image\":{\"@id\":\"https:\\\/\\\/shelly.ee\\\/toode\\\/shelly-ht-gen3-niiskus-ja-temperatuuriandur\\\/#primaryimage\"},\"thumbnailUrl\":\"https:\\\/\\\/shelly.ee\\\/wp-content\\\/uploads\\\/2024\\\/01\\\/Shelly_Wall_Display3_black_x1-625x625-1.webp\",\"datePublished\":\"2024-01-26T12:48:01+00:00\",\"dateModified\":\"2024-01-31T12:01:14+00:00\",\"breadcrumb\":{\"@id\":\"https:\\\/\\\/shelly.ee\\\/toode\\\/shelly-ht-gen3-niiskus-ja-temperatuuriandur\\\/#breadcrumb\"},\"inLanguage\":\"en-US\",\"potentialAction\":[{\"@type\":\"ReadAction\",\"target\":[\"https:\\\/\\\/shelly.ee\\\/toode\\\/shelly-ht-gen3-niiskus-ja-temperatuuriandur\\\/\"]}]},{\"@type\":\"ImageObject\",\"inLanguage\":\"en-US\",\"@id\":\"https:\\\/\\\/shelly.ee\\\/toode\\\/shelly-ht-gen3-niiskus-ja-temperatuuriandur\\\/#primaryimage\",\"url\":\"https:\\\/\\\/shelly.ee\\\/wp-content\\\/uploads\\\/2024\\\/01\\\/Shelly_Wall_Display3_black_x1-625x625-1.webp\",\"contentUrl\":\"https:\\\/\\\/shelly.ee\\\/wp-content\\\/uploads\\\/2024\\\/01\\\/Shelly_Wall_Display3_black_x1-625x625-1.webp\",\"width\":625,\"height\":625},{\"@type\":\"BreadcrumbList\",\"@id\":\"https:\\\/\\\/shelly.ee\\\/toode\\\/shelly-ht-gen3-niiskus-ja-temperatuuriandur\\\/#breadcrumb\",\"itemListElement\":[{\"@type\":\"ListItem\",\"position\":1,\"name\":\"Home\",\"item\":\"https:\\\/\\\/shelly.ee\\\/\"},{\"@type\":\"ListItem\",\"position\":2,\"name\":\"Pood\",\"item\":\"https:\\\/\\\/shelly.ee\\\/pood\\\/\"},{\"@type\":\"ListItem\",\"position\":3,\"name\":\"Shelly H&#038;T Gen3 Niiskus- ja temperatuuriandur\"}]},{\"@type\":\"WebSite\",\"@id\":\"https:\\\/\\\/shelly.ee\\\/#website\",\"url\":\"https:\\\/\\\/shelly.ee\\\/\",\"name\":\"Shelly Eesti\",\"description\":\"T&otilde;hus nutikodu automaatika\",\"publisher\":{\"@id\":\"https:\\\/\\\/shelly.ee\\\/#organization\"},\"alternateName\":\"Shelly Estonia\",\"potentialAction\":[{\"@type\":\"SearchAction\",\"target\":{\"@type\":\"EntryPoint\",\"urlTemplate\":\"https:\\\/\\\/shelly.ee\\\/?s={search_term_string}\"},\"query-input\":{\"@type\":\"PropertyValueSpecification\",\"valueRequired\":true,\"valueName\":\"search_term_string\"}}],\"inLanguage\":\"en-US\"},{\"@type\":\"Organization\",\"@id\":\"https:\\\/\\\/shelly.ee\\\/#organization\",\"name\":\"Shelly\",\"alternateName\":\"Shelly Estonia\",\"url\":\"https:\\\/\\\/shelly.ee\\\/\",\"logo\":{\"@type\":\"ImageObject\",\"inLanguage\":\"en-US\",\"@id\":\"https:\\\/\\\/shelly.ee\\\/#\\\/schema\\\/logo\\\/image\\\/\",\"url\":\"https:\\\/\\\/shelly.ee\\\/wp-content\\\/uploads\\\/2024\\\/01\\\/cropped-apple-touch-icon-120x120-1.png\",\"contentUrl\":\"https:\\\/\\\/shelly.ee\\\/wp-content\\\/uploads\\\/2024\\\/01\\\/cropped-apple-touch-icon-120x120-1.png\",\"width\":512,\"height\":512,\"caption\":\"Shelly\"},\"image\":{\"@id\":\"https:\\\/\\\/shelly.ee\\\/#\\\/schema\\\/logo\\\/image\\\/\"},\"sameAs\":[\"https:\\\/\\\/www.facebook.com\\\/groups\\\/ShellyIoTCommunitySupport\\\/\",\"https:\\\/\\\/x.com\\\/shelly_iot\",\"https:\\\/\\\/www.instagram.com\\\/shelly.iot\\\/\",\"https:\\\/\\\/www.youtube.com\\\/channel\\\/UCbsZRChOGBmMXx9-6PhCxdw\"]}]}<\/script>\n<!-- \/ Yoast SEO plugin. -->","yoast_head_json":{"title":"Shelly H&T Gen3 Niiskus- ja temperatuuriandur - Shelly EE","robots":{"index":"index","follow":"follow","max-snippet":"max-snippet:-1","max-image-preview":"max-image-preview:large","max-video-preview":"max-video-preview:-1"},"canonical":"https:\/\/shelly.ee\/en\/product\/shelly-ht-gen3-niiskus-ja-temperatuuriandur\/","og_locale":"en_US","og_type":"article","og_title":"Shelly H&T Gen3 Niiskus- ja temperatuuriandur - Shelly EE","og_description":"Kaasaegne Wi-Fi temperatuuri- ja niiskusandur","og_url":"https:\/\/shelly.ee\/en\/product\/shelly-ht-gen3-niiskus-ja-temperatuuriandur\/","og_site_name":"Shelly","article_publisher":"https:\/\/www.facebook.com\/groups\/ShellyIoTCommunitySupport\/","article_modified_time":"2024-01-31T12:01:14+00:00","og_image":[{"width":625,"height":625,"url":"https:\/\/shelly.ee\/wp-content\/uploads\/2024\/01\/Shelly_Wall_Display3_black_x1-625x625-1.webp","type":"image\/webp"}],"twitter_card":"summary_large_image","twitter_site":"@shelly_iot","twitter_misc":{"Est. reading time":"1 minute"},"schema":{"@context":"https:\/\/schema.org","@graph":[{"@type":"WebPage","@id":"https:\/\/shelly.ee\/toode\/shelly-ht-gen3-niiskus-ja-temperatuuriandur\/","url":"https:\/\/shelly.ee\/toode\/shelly-ht-gen3-niiskus-ja-temperatuuriandur\/","name":"Shelly H&T Gen3 Niiskus- ja temperatuuriandur - Shelly EE","isPartOf":{"@id":"https:\/\/shelly.ee\/#website"},"primaryImageOfPage":{"@id":"https:\/\/shelly.ee\/toode\/shelly-ht-gen3-niiskus-ja-temperatuuriandur\/#primaryimage"},"image":{"@id":"https:\/\/shelly.ee\/toode\/shelly-ht-gen3-niiskus-ja-temperatuuriandur\/#primaryimage"},"thumbnailUrl":"https:\/\/shelly.ee\/wp-content\/uploads\/2024\/01\/Shelly_Wall_Display3_black_x1-625x625-1.webp","datePublished":"2024-01-26T12:48:01+00:00","dateModified":"2024-01-31T12:01:14+00:00","breadcrumb":{"@id":"https:\/\/shelly.ee\/toode\/shelly-ht-gen3-niiskus-ja-temperatuuriandur\/#breadcrumb"},"inLanguage":"en-US","potentialAction":[{"@type":"ReadAction","target":["https:\/\/shelly.ee\/toode\/shelly-ht-gen3-niiskus-ja-temperatuuriandur\/"]}]},{"@type":"ImageObject","inLanguage":"en-US","@id":"https:\/\/shelly.ee\/toode\/shelly-ht-gen3-niiskus-ja-temperatuuriandur\/#primaryimage","url":"https:\/\/shelly.ee\/wp-content\/uploads\/2024\/01\/Shelly_Wall_Display3_black_x1-625x625-1.webp","contentUrl":"https:\/\/shelly.ee\/wp-content\/uploads\/2024\/01\/Shelly_Wall_Display3_black_x1-625x625-1.webp","width":625,"height":625},{"@type":"BreadcrumbList","@id":"https:\/\/shelly.ee\/toode\/shelly-ht-gen3-niiskus-ja-temperatuuriandur\/#breadcrumb","itemListElement":[{"@type":"ListItem","position":1,"name":"Home","item":"https:\/\/shelly.ee\/"},{"@type":"ListItem","position":2,"name":"Pood","item":"https:\/\/shelly.ee\/pood\/"},{"@type":"ListItem","position":3,"name":"Shelly H&#038;T Gen3 Niiskus- ja temperatuuriandur"}]},{"@type":"WebSite","@id":"https:\/\/shelly.ee\/#website","url":"https:\/\/shelly.ee\/","name":"Shelly Eesti","description":"T&otilde;hus nutikodu automaatika","publisher":{"@id":"https:\/\/shelly.ee\/#organization"},"alternateName":"Shelly Estonia","potentialAction":[{"@type":"SearchAction","target":{"@type":"EntryPoint","urlTemplate":"https:\/\/shelly.ee\/?s={search_term_string}"},"query-input":{"@type":"PropertyValueSpecification","valueRequired":true,"valueName":"search_term_string"}}],"inLanguage":"en-US"},{"@type":"Organization","@id":"https:\/\/shelly.ee\/#organization","name":"Shelly's","alternateName":"Shelly Estonia","url":"https:\/\/shelly.ee\/","logo":{"@type":"ImageObject","inLanguage":"en-US","@id":"https:\/\/shelly.ee\/#\/schema\/logo\/image\/","url":"https:\/\/shelly.ee\/wp-content\/uploads\/2024\/01\/cropped-apple-touch-icon-120x120-1.png","contentUrl":"https:\/\/shelly.ee\/wp-content\/uploads\/2024\/01\/cropped-apple-touch-icon-120x120-1.png","width":512,"height":512,"caption":"Shelly"},"image":{"@id":"https:\/\/shelly.ee\/#\/schema\/logo\/image\/"},"sameAs":["https:\/\/www.facebook.com\/groups\/ShellyIoTCommunitySupport\/","https:\/\/x.com\/shelly_iot","https:\/\/www.instagram.com\/shelly.iot\/","https:\/\/www.youtube.com\/channel\/UCbsZRChOGBmMXx9-6PhCxdw"]}]}},"_links":{"self":[{"href":"https:\/\/shelly.ee\/en\/wp-json\/wp\/v2\/product\/193","targetHints":{"allow":["GET"]}}],"collection":[{"href":"https:\/\/shelly.ee\/en\/wp-json\/wp\/v2\/product"}],"about":[{"href":"https:\/\/shelly.ee\/en\/wp-json\/wp\/v2\/types\/product"}],"wp:featuredmedia":[{"embeddable":true,"href":"https:\/\/shelly.ee\/en\/wp-json\/wp\/v2\/media\/199"}],"wp:attachment":[{"href":"https:\/\/shelly.ee\/en\/wp-json\/wp\/v2\/media?parent=193"}],"wp:term":[{"taxonomy":"product_brand","embeddable":true,"href":"https:\/\/shelly.ee\/en\/wp-json\/wp\/v2\/product_brand?post=193"},{"taxonomy":"product_cat","embeddable":true,"href":"https:\/\/shelly.ee\/en\/wp-json\/wp\/v2\/product_cat?post=193"},{"taxonomy":"product_tag","embeddable":true,"href":"https:\/\/shelly.ee\/en\/wp-json\/wp\/v2\/product_tag?post=193"}],"curies":[{"name":"wp","href":"https:\/\/api.w.org\/{rel}","templated":true}]}}