{"id":56,"date":"2024-01-24T12:20:34","date_gmt":"2024-01-24T12:20:34","guid":{"rendered":"https:\/\/shelly.ee\/?post_type=product&#038;p=56"},"modified":"2024-01-31T12:03:52","modified_gmt":"2024-01-31T12:03:52","slug":"shelly-ht-niiskuse-ja-temperatuuriandur","status":"publish","type":"product","link":"https:\/\/shelly.ee\/en\/product\/shelly-ht-niiskuse-ja-temperatuuriandur\/","title":{"rendered":"Shelly H&amp;T Humidity and temperature sensor"},"content":{"rendered":"<p>Shelly's top-of-the-line energy-saving Wi-Fi humidity and temperature sensor.<\/p>\n<ul>\n<li>Small and can be hidden easily<\/li>\n<li>WiFi connectability<\/li>\n<li>Small power consumption - 1 battery lasts up to 12+ months<\/li>\n<li>Temperature tracking - receive updates about temperature fluctuations<\/li>\n<li>Humidity monitoring - watch out for spikes of humidity to avoid mold in your home<\/li>\n<li>Up to 1 year free cloud storage<\/li>\n<li>Works with 1x CR123A battery or wall power. Battery can be bought <a href=\"https:\/\/www.teval.ee\/shop?search=cr123a&amp;order=&amp;af=\">here<\/a><\/li>\n<\/ul>","protected":false},"excerpt":{"rendered":"<p>Shelly tippklassi energias\u00e4\u00e4stlik Wi-Fi abil t\u00f6\u00f6tav <strong>niiskuse- ja temperatuuriandur<\/strong>.<\/p>","protected":false},"featured_media":65,"template":"","meta":{"_kadence_starter_templates_imported_post":false,"_kad_post_transparent":"","_kad_post_title":"","_kad_post_layout":"","_kad_post_sidebar_id":"","_kad_post_content_style":"","_kad_post_vertical_padding":"","_kad_post_feature":"","_kad_post_feature_position":"","_kad_post_header":false,"_kad_post_footer":false,"_kad_post_classname":""},"product_brand":[],"product_cat":[21],"product_tag":[],"class_list":{"0":"post-56","1":"product","2":"type-product","3":"status-publish","4":"has-post-thumbnail","6":"product_cat-kute-ja-temperatuur","8":"first","9":"instock","10":"shipping-taxable","11":"product-type-external","12":"entry","13":"content-bg","14":"loop-entry"},"yoast_head":"<!-- This site is optimized with the Yoast SEO plugin v27.4 - https:\/\/yoast.com\/product\/yoast-seo-wordpress\/ -->\n<title>Shelly H&amp;T Niiskuse- ja temperatuuriandur - Shelly EE<\/title>\n<meta name=\"robots\" content=\"index, follow, max-snippet:-1, max-image-preview:large, max-video-preview:-1\" \/>\n<link rel=\"canonical\" href=\"https:\/\/shelly.ee\/en\/product\/shelly-ht-niiskuse-ja-temperatuuriandur\/\" \/>\n<meta property=\"og:locale\" content=\"en_US\" \/>\n<meta property=\"og:type\" content=\"article\" \/>\n<meta property=\"og:title\" content=\"Shelly H&amp;T Niiskuse- ja temperatuuriandur - Shelly EE\" \/>\n<meta property=\"og:description\" content=\"Shelly tippklassi energias\u00e4\u00e4stlik Wi-Fi abil t\u00f6\u00f6tav niiskuse- ja temperatuuriandur.\" \/>\n<meta property=\"og:url\" content=\"https:\/\/shelly.ee\/en\/product\/shelly-ht-niiskuse-ja-temperatuuriandur\/\" \/>\n<meta property=\"og:site_name\" content=\"Shelly\" \/>\n<meta property=\"article:publisher\" content=\"https:\/\/www.facebook.com\/groups\/ShellyIoTCommunitySupport\/\" \/>\n<meta property=\"article:modified_time\" content=\"2024-01-31T12:03:52+00:00\" \/>\n<meta property=\"og:image\" content=\"https:\/\/shelly.ee\/wp-content\/uploads\/2024\/01\/Shelly_HT_White_x1-625x625-1.webp\" \/>\n\t<meta property=\"og:image:width\" content=\"625\" \/>\n\t<meta property=\"og:image:height\" content=\"625\" \/>\n\t<meta property=\"og:image:type\" content=\"image\/webp\" \/>\n<meta name=\"twitter:card\" content=\"summary_large_image\" \/>\n<meta name=\"twitter:site\" content=\"@shelly_iot\" \/>\n<meta name=\"twitter:label1\" content=\"Est. reading time\" \/>\n\t<meta name=\"twitter:data1\" content=\"1 minute\" \/>\n<script type=\"application\/ld+json\" class=\"yoast-schema-graph\">{\"@context\":\"https:\\\/\\\/schema.org\",\"@graph\":[{\"@type\":\"WebPage\",\"@id\":\"https:\\\/\\\/shelly.ee\\\/toode\\\/shelly-ht-niiskuse-ja-temperatuuriandur\\\/\",\"url\":\"https:\\\/\\\/shelly.ee\\\/toode\\\/shelly-ht-niiskuse-ja-temperatuuriandur\\\/\",\"name\":\"Shelly H&T Niiskuse- ja temperatuuriandur - Shelly EE\",\"isPartOf\":{\"@id\":\"https:\\\/\\\/shelly.ee\\\/#website\"},\"primaryImageOfPage\":{\"@id\":\"https:\\\/\\\/shelly.ee\\\/toode\\\/shelly-ht-niiskuse-ja-temperatuuriandur\\\/#primaryimage\"},\"image\":{\"@id\":\"https:\\\/\\\/shelly.ee\\\/toode\\\/shelly-ht-niiskuse-ja-temperatuuriandur\\\/#primaryimage\"},\"thumbnailUrl\":\"https:\\\/\\\/shelly.ee\\\/wp-content\\\/uploads\\\/2024\\\/01\\\/Shelly_HT_White_x1-625x625-1.webp\",\"datePublished\":\"2024-01-24T12:20:34+00:00\",\"dateModified\":\"2024-01-31T12:03:52+00:00\",\"breadcrumb\":{\"@id\":\"https:\\\/\\\/shelly.ee\\\/toode\\\/shelly-ht-niiskuse-ja-temperatuuriandur\\\/#breadcrumb\"},\"inLanguage\":\"en-US\",\"potentialAction\":[{\"@type\":\"ReadAction\",\"target\":[\"https:\\\/\\\/shelly.ee\\\/toode\\\/shelly-ht-niiskuse-ja-temperatuuriandur\\\/\"]}]},{\"@type\":\"ImageObject\",\"inLanguage\":\"en-US\",\"@id\":\"https:\\\/\\\/shelly.ee\\\/toode\\\/shelly-ht-niiskuse-ja-temperatuuriandur\\\/#primaryimage\",\"url\":\"https:\\\/\\\/shelly.ee\\\/wp-content\\\/uploads\\\/2024\\\/01\\\/Shelly_HT_White_x1-625x625-1.webp\",\"contentUrl\":\"https:\\\/\\\/shelly.ee\\\/wp-content\\\/uploads\\\/2024\\\/01\\\/Shelly_HT_White_x1-625x625-1.webp\",\"width\":625,\"height\":625},{\"@type\":\"BreadcrumbList\",\"@id\":\"https:\\\/\\\/shelly.ee\\\/toode\\\/shelly-ht-niiskuse-ja-temperatuuriandur\\\/#breadcrumb\",\"itemListElement\":[{\"@type\":\"ListItem\",\"position\":1,\"name\":\"Home\",\"item\":\"https:\\\/\\\/shelly.ee\\\/\"},{\"@type\":\"ListItem\",\"position\":2,\"name\":\"Pood\",\"item\":\"https:\\\/\\\/shelly.ee\\\/pood\\\/\"},{\"@type\":\"ListItem\",\"position\":3,\"name\":\"Shelly H&#038;T Niiskuse- ja temperatuuriandur\"}]},{\"@type\":\"WebSite\",\"@id\":\"https:\\\/\\\/shelly.ee\\\/#website\",\"url\":\"https:\\\/\\\/shelly.ee\\\/\",\"name\":\"Shelly Eesti\",\"description\":\"T&otilde;hus nutikodu automaatika\",\"publisher\":{\"@id\":\"https:\\\/\\\/shelly.ee\\\/#organization\"},\"alternateName\":\"Shelly Estonia\",\"potentialAction\":[{\"@type\":\"SearchAction\",\"target\":{\"@type\":\"EntryPoint\",\"urlTemplate\":\"https:\\\/\\\/shelly.ee\\\/?s={search_term_string}\"},\"query-input\":{\"@type\":\"PropertyValueSpecification\",\"valueRequired\":true,\"valueName\":\"search_term_string\"}}],\"inLanguage\":\"en-US\"},{\"@type\":\"Organization\",\"@id\":\"https:\\\/\\\/shelly.ee\\\/#organization\",\"name\":\"Shelly\",\"alternateName\":\"Shelly Estonia\",\"url\":\"https:\\\/\\\/shelly.ee\\\/\",\"logo\":{\"@type\":\"ImageObject\",\"inLanguage\":\"en-US\",\"@id\":\"https:\\\/\\\/shelly.ee\\\/#\\\/schema\\\/logo\\\/image\\\/\",\"url\":\"https:\\\/\\\/shelly.ee\\\/wp-content\\\/uploads\\\/2024\\\/01\\\/cropped-apple-touch-icon-120x120-1.png\",\"contentUrl\":\"https:\\\/\\\/shelly.ee\\\/wp-content\\\/uploads\\\/2024\\\/01\\\/cropped-apple-touch-icon-120x120-1.png\",\"width\":512,\"height\":512,\"caption\":\"Shelly\"},\"image\":{\"@id\":\"https:\\\/\\\/shelly.ee\\\/#\\\/schema\\\/logo\\\/image\\\/\"},\"sameAs\":[\"https:\\\/\\\/www.facebook.com\\\/groups\\\/ShellyIoTCommunitySupport\\\/\",\"https:\\\/\\\/x.com\\\/shelly_iot\",\"https:\\\/\\\/www.instagram.com\\\/shelly.iot\\\/\",\"https:\\\/\\\/www.youtube.com\\\/channel\\\/UCbsZRChOGBmMXx9-6PhCxdw\"]}]}<\/script>\n<!-- \/ Yoast SEO plugin. -->","yoast_head_json":{"title":"Shelly H&T Niiskuse- ja temperatuuriandur - Shelly EE","robots":{"index":"index","follow":"follow","max-snippet":"max-snippet:-1","max-image-preview":"max-image-preview:large","max-video-preview":"max-video-preview:-1"},"canonical":"https:\/\/shelly.ee\/en\/product\/shelly-ht-niiskuse-ja-temperatuuriandur\/","og_locale":"en_US","og_type":"article","og_title":"Shelly H&T Niiskuse- ja temperatuuriandur - Shelly EE","og_description":"Shelly tippklassi energias\u00e4\u00e4stlik Wi-Fi abil t\u00f6\u00f6tav niiskuse- ja temperatuuriandur.","og_url":"https:\/\/shelly.ee\/en\/product\/shelly-ht-niiskuse-ja-temperatuuriandur\/","og_site_name":"Shelly","article_publisher":"https:\/\/www.facebook.com\/groups\/ShellyIoTCommunitySupport\/","article_modified_time":"2024-01-31T12:03:52+00:00","og_image":[{"width":625,"height":625,"url":"https:\/\/shelly.ee\/wp-content\/uploads\/2024\/01\/Shelly_HT_White_x1-625x625-1.webp","type":"image\/webp"}],"twitter_card":"summary_large_image","twitter_site":"@shelly_iot","twitter_misc":{"Est. reading time":"1 minute"},"schema":{"@context":"https:\/\/schema.org","@graph":[{"@type":"WebPage","@id":"https:\/\/shelly.ee\/toode\/shelly-ht-niiskuse-ja-temperatuuriandur\/","url":"https:\/\/shelly.ee\/toode\/shelly-ht-niiskuse-ja-temperatuuriandur\/","name":"Shelly H&T Niiskuse- ja temperatuuriandur - Shelly EE","isPartOf":{"@id":"https:\/\/shelly.ee\/#website"},"primaryImageOfPage":{"@id":"https:\/\/shelly.ee\/toode\/shelly-ht-niiskuse-ja-temperatuuriandur\/#primaryimage"},"image":{"@id":"https:\/\/shelly.ee\/toode\/shelly-ht-niiskuse-ja-temperatuuriandur\/#primaryimage"},"thumbnailUrl":"https:\/\/shelly.ee\/wp-content\/uploads\/2024\/01\/Shelly_HT_White_x1-625x625-1.webp","datePublished":"2024-01-24T12:20:34+00:00","dateModified":"2024-01-31T12:03:52+00:00","breadcrumb":{"@id":"https:\/\/shelly.ee\/toode\/shelly-ht-niiskuse-ja-temperatuuriandur\/#breadcrumb"},"inLanguage":"en-US","potentialAction":[{"@type":"ReadAction","target":["https:\/\/shelly.ee\/toode\/shelly-ht-niiskuse-ja-temperatuuriandur\/"]}]},{"@type":"ImageObject","inLanguage":"en-US","@id":"https:\/\/shelly.ee\/toode\/shelly-ht-niiskuse-ja-temperatuuriandur\/#primaryimage","url":"https:\/\/shelly.ee\/wp-content\/uploads\/2024\/01\/Shelly_HT_White_x1-625x625-1.webp","contentUrl":"https:\/\/shelly.ee\/wp-content\/uploads\/2024\/01\/Shelly_HT_White_x1-625x625-1.webp","width":625,"height":625},{"@type":"BreadcrumbList","@id":"https:\/\/shelly.ee\/toode\/shelly-ht-niiskuse-ja-temperatuuriandur\/#breadcrumb","itemListElement":[{"@type":"ListItem","position":1,"name":"Home","item":"https:\/\/shelly.ee\/"},{"@type":"ListItem","position":2,"name":"Pood","item":"https:\/\/shelly.ee\/pood\/"},{"@type":"ListItem","position":3,"name":"Shelly H&#038;T Niiskuse- ja temperatuuriandur"}]},{"@type":"WebSite","@id":"https:\/\/shelly.ee\/#website","url":"https:\/\/shelly.ee\/","name":"Shelly Eesti","description":"T&otilde;hus nutikodu automaatika","publisher":{"@id":"https:\/\/shelly.ee\/#organization"},"alternateName":"Shelly Estonia","potentialAction":[{"@type":"SearchAction","target":{"@type":"EntryPoint","urlTemplate":"https:\/\/shelly.ee\/?s={search_term_string}"},"query-input":{"@type":"PropertyValueSpecification","valueRequired":true,"valueName":"search_term_string"}}],"inLanguage":"en-US"},{"@type":"Organization","@id":"https:\/\/shelly.ee\/#organization","name":"Shelly's","alternateName":"Shelly Estonia","url":"https:\/\/shelly.ee\/","logo":{"@type":"ImageObject","inLanguage":"en-US","@id":"https:\/\/shelly.ee\/#\/schema\/logo\/image\/","url":"https:\/\/shelly.ee\/wp-content\/uploads\/2024\/01\/cropped-apple-touch-icon-120x120-1.png","contentUrl":"https:\/\/shelly.ee\/wp-content\/uploads\/2024\/01\/cropped-apple-touch-icon-120x120-1.png","width":512,"height":512,"caption":"Shelly"},"image":{"@id":"https:\/\/shelly.ee\/#\/schema\/logo\/image\/"},"sameAs":["https:\/\/www.facebook.com\/groups\/ShellyIoTCommunitySupport\/","https:\/\/x.com\/shelly_iot","https:\/\/www.instagram.com\/shelly.iot\/","https:\/\/www.youtube.com\/channel\/UCbsZRChOGBmMXx9-6PhCxdw"]}]}},"_links":{"self":[{"href":"https:\/\/shelly.ee\/en\/wp-json\/wp\/v2\/product\/56","targetHints":{"allow":["GET"]}}],"collection":[{"href":"https:\/\/shelly.ee\/en\/wp-json\/wp\/v2\/product"}],"about":[{"href":"https:\/\/shelly.ee\/en\/wp-json\/wp\/v2\/types\/product"}],"wp:featuredmedia":[{"embeddable":true,"href":"https:\/\/shelly.ee\/en\/wp-json\/wp\/v2\/media\/65"}],"wp:attachment":[{"href":"https:\/\/shelly.ee\/en\/wp-json\/wp\/v2\/media?parent=56"}],"wp:term":[{"taxonomy":"product_brand","embeddable":true,"href":"https:\/\/shelly.ee\/en\/wp-json\/wp\/v2\/product_brand?post=56"},{"taxonomy":"product_cat","embeddable":true,"href":"https:\/\/shelly.ee\/en\/wp-json\/wp\/v2\/product_cat?post=56"},{"taxonomy":"product_tag","embeddable":true,"href":"https:\/\/shelly.ee\/en\/wp-json\/wp\/v2\/product_tag?post=56"}],"curies":[{"name":"wp","href":"https:\/\/api.w.org\/{rel}","templated":true}]}}