{"id":656,"date":"2025-08-05T07:02:04","date_gmt":"2025-08-05T07:02:04","guid":{"rendered":"https:\/\/shelly.ee\/?post_type=product&#038;p=656"},"modified":"2025-08-08T07:34:59","modified_gmt":"2025-08-08T07:34:59","slug":"shelly-1l","status":"publish","type":"product","link":"https:\/\/shelly.ee\/en\/product\/shelly-1l\/","title":{"rendered":"Shelly 1l"},"content":{"rendered":"<p id=\"tw-target-text\" class=\"tw-data-text tw-text-large tw-ta\" dir=\"ltr\" data-placeholder=\"Translation\" data-ved=\"2ahUKEwj30Oa5jvOOAxUVAxAIHTB1CzoQ3ewLegQICRAV\" aria-label=\"Translated text: Shelly 1L on kompaktne nutikas releel\u00fcliti, mis on loodud teie tulede v\u00f5i seadmete automatiseerimiseks ilma neutraaljuhtme vajaduseta. Ideaalne olemasolevate seinal\u00fclitite moderniseerimiseks.\"><span class=\"Y2IQFc\" lang=\"et\">Shelly 1L is a compact smart switch that solves lighting automation issues<\/span><\/p>\n<ul>\n<li>No neutral wire required \u2013 ideal for older homes where a neutral wire is not available<\/li>\n<li>Compact design \u2013 fits behind most wall switches and junction boxes<\/li>\n<li>WiFi-enabled \u2013 connects directly to your home network for remote control<\/li>\n<li>App and voice control \u2013 use the Shelly Smart Control app or integrate with Amazon Alexa, Google Home and SmartThings<\/li>\n<li>Overheating and overload protection \u2013 enhanced safety with built-in protections<\/li>\n<li>Schedules and timers \u2013 automate your lighting according to your routine<\/li>\n<li>Supports external switches \u2013 works with momentary, toggle and push-button switches<\/li>\n<\/ul>","protected":false},"excerpt":{"rendered":"<p id=\"tw-target-text\" class=\"tw-data-text tw-text-large tw-ta\" dir=\"ltr\" data-placeholder=\"Translation\" data-ved=\"2ahUKEwj30Oa5jvOOAxUVAxAIHTB1CzoQ3ewLegQICRAV\" aria-label=\"Translated text: Shelly 1L on kompaktne nutikas l\u00fcliti, mis lahendab valgusautomaatika probleeme.\"><span class=\"Y2IQFc\" lang=\"et\">Shelly 1L is a compact smart switch that solves lighting automation issues<\/span><\/p>","protected":false},"featured_media":657,"template":"","meta":{"_kadence_starter_templates_imported_post":false,"_kad_post_transparent":"","_kad_post_title":"","_kad_post_layout":"","_kad_post_sidebar_id":"","_kad_post_content_style":"","_kad_post_vertical_padding":"","_kad_post_feature":"","_kad_post_feature_position":"","_kad_post_header":false,"_kad_post_footer":false,"_kad_post_classname":""},"product_brand":[],"product_cat":[22],"product_tag":[28,23,84,82,26],"class_list":{"0":"post-656","1":"product","2":"type-product","3":"status-publish","4":"has-post-thumbnail","6":"product_cat-nutireleed-ja-dimmerid","7":"product_tag-relay","8":"product_tag-relee","9":"product_tag-shelly","10":"product_tag-shelly-1","11":"product_tag-smart-switch","13":"first","14":"instock","15":"shipping-taxable","16":"product-type-external","17":"entry","18":"content-bg","19":"loop-entry"},"yoast_head":"<!-- This site is optimized with the Yoast SEO plugin v27.4 - https:\/\/yoast.com\/product\/yoast-seo-wordpress\/ -->\n<title>Shelly 1l - Shelly<\/title>\n<meta name=\"robots\" content=\"index, follow, max-snippet:-1, max-image-preview:large, max-video-preview:-1\" \/>\n<link rel=\"canonical\" href=\"https:\/\/shelly.ee\/en\/product\/shelly-1l\/\" \/>\n<meta property=\"og:locale\" content=\"en_US\" \/>\n<meta property=\"og:type\" content=\"article\" \/>\n<meta property=\"og:title\" content=\"Shelly 1l - Shelly\" \/>\n<meta property=\"og:description\" content=\"Shelly 1L on kompaktne nutikas l\u00fcliti, mis lahendab valgusautomaatika probleeme.\" \/>\n<meta property=\"og:url\" content=\"https:\/\/shelly.ee\/en\/product\/shelly-1l\/\" \/>\n<meta property=\"og:site_name\" content=\"Shelly\" \/>\n<meta property=\"article:publisher\" content=\"https:\/\/www.facebook.com\/groups\/ShellyIoTCommunitySupport\/\" \/>\n<meta property=\"article:modified_time\" content=\"2025-08-08T07:34:59+00:00\" \/>\n<meta property=\"og:image\" content=\"https:\/\/shelly.ee\/wp-content\/uploads\/2025\/08\/shelly1l-Photoroom.png\" \/>\n\t<meta property=\"og:image:width\" content=\"330\" \/>\n\t<meta property=\"og:image:height\" content=\"300\" \/>\n\t<meta property=\"og:image:type\" content=\"image\/png\" \/>\n<meta name=\"twitter:card\" content=\"summary_large_image\" \/>\n<meta name=\"twitter:site\" content=\"@shelly_iot\" \/>\n<meta name=\"twitter:label1\" content=\"Est. reading time\" \/>\n\t<meta name=\"twitter:data1\" content=\"1 minute\" \/>\n<script type=\"application\/ld+json\" class=\"yoast-schema-graph\">{\"@context\":\"https:\\\/\\\/schema.org\",\"@graph\":[{\"@type\":\"WebPage\",\"@id\":\"https:\\\/\\\/shelly.ee\\\/toode\\\/shelly-1l\\\/\",\"url\":\"https:\\\/\\\/shelly.ee\\\/toode\\\/shelly-1l\\\/\",\"name\":\"Shelly 1l - Shelly\",\"isPartOf\":{\"@id\":\"https:\\\/\\\/shelly.ee\\\/#website\"},\"primaryImageOfPage\":{\"@id\":\"https:\\\/\\\/shelly.ee\\\/toode\\\/shelly-1l\\\/#primaryimage\"},\"image\":{\"@id\":\"https:\\\/\\\/shelly.ee\\\/toode\\\/shelly-1l\\\/#primaryimage\"},\"thumbnailUrl\":\"https:\\\/\\\/shelly.ee\\\/wp-content\\\/uploads\\\/2025\\\/08\\\/shelly1l-Photoroom.png\",\"datePublished\":\"2025-08-05T07:02:04+00:00\",\"dateModified\":\"2025-08-08T07:34:59+00:00\",\"breadcrumb\":{\"@id\":\"https:\\\/\\\/shelly.ee\\\/toode\\\/shelly-1l\\\/#breadcrumb\"},\"inLanguage\":\"en-US\",\"potentialAction\":[{\"@type\":\"ReadAction\",\"target\":[\"https:\\\/\\\/shelly.ee\\\/toode\\\/shelly-1l\\\/\"]}]},{\"@type\":\"ImageObject\",\"inLanguage\":\"en-US\",\"@id\":\"https:\\\/\\\/shelly.ee\\\/toode\\\/shelly-1l\\\/#primaryimage\",\"url\":\"https:\\\/\\\/shelly.ee\\\/wp-content\\\/uploads\\\/2025\\\/08\\\/shelly1l-Photoroom.png\",\"contentUrl\":\"https:\\\/\\\/shelly.ee\\\/wp-content\\\/uploads\\\/2025\\\/08\\\/shelly1l-Photoroom.png\",\"width\":330,\"height\":300},{\"@type\":\"BreadcrumbList\",\"@id\":\"https:\\\/\\\/shelly.ee\\\/toode\\\/shelly-1l\\\/#breadcrumb\",\"itemListElement\":[{\"@type\":\"ListItem\",\"position\":1,\"name\":\"Home\",\"item\":\"https:\\\/\\\/shelly.ee\\\/\"},{\"@type\":\"ListItem\",\"position\":2,\"name\":\"Pood\",\"item\":\"https:\\\/\\\/shelly.ee\\\/pood\\\/\"},{\"@type\":\"ListItem\",\"position\":3,\"name\":\"Shelly 1l\"}]},{\"@type\":\"WebSite\",\"@id\":\"https:\\\/\\\/shelly.ee\\\/#website\",\"url\":\"https:\\\/\\\/shelly.ee\\\/\",\"name\":\"Shelly Eesti\",\"description\":\"T&otilde;hus nutikodu automaatika\",\"publisher\":{\"@id\":\"https:\\\/\\\/shelly.ee\\\/#organization\"},\"alternateName\":\"Shelly Estonia\",\"potentialAction\":[{\"@type\":\"SearchAction\",\"target\":{\"@type\":\"EntryPoint\",\"urlTemplate\":\"https:\\\/\\\/shelly.ee\\\/?s={search_term_string}\"},\"query-input\":{\"@type\":\"PropertyValueSpecification\",\"valueRequired\":true,\"valueName\":\"search_term_string\"}}],\"inLanguage\":\"en-US\"},{\"@type\":\"Organization\",\"@id\":\"https:\\\/\\\/shelly.ee\\\/#organization\",\"name\":\"Shelly\",\"alternateName\":\"Shelly Estonia\",\"url\":\"https:\\\/\\\/shelly.ee\\\/\",\"logo\":{\"@type\":\"ImageObject\",\"inLanguage\":\"en-US\",\"@id\":\"https:\\\/\\\/shelly.ee\\\/#\\\/schema\\\/logo\\\/image\\\/\",\"url\":\"https:\\\/\\\/shelly.ee\\\/wp-content\\\/uploads\\\/2024\\\/01\\\/cropped-apple-touch-icon-120x120-1.png\",\"contentUrl\":\"https:\\\/\\\/shelly.ee\\\/wp-content\\\/uploads\\\/2024\\\/01\\\/cropped-apple-touch-icon-120x120-1.png\",\"width\":512,\"height\":512,\"caption\":\"Shelly\"},\"image\":{\"@id\":\"https:\\\/\\\/shelly.ee\\\/#\\\/schema\\\/logo\\\/image\\\/\"},\"sameAs\":[\"https:\\\/\\\/www.facebook.com\\\/groups\\\/ShellyIoTCommunitySupport\\\/\",\"https:\\\/\\\/x.com\\\/shelly_iot\",\"https:\\\/\\\/www.instagram.com\\\/shelly.iot\\\/\",\"https:\\\/\\\/www.youtube.com\\\/channel\\\/UCbsZRChOGBmMXx9-6PhCxdw\"]}]}<\/script>\n<!-- \/ Yoast SEO plugin. -->","yoast_head_json":{"title":"Shelly 1l - Shelly","robots":{"index":"index","follow":"follow","max-snippet":"max-snippet:-1","max-image-preview":"max-image-preview:large","max-video-preview":"max-video-preview:-1"},"canonical":"https:\/\/shelly.ee\/en\/product\/shelly-1l\/","og_locale":"en_US","og_type":"article","og_title":"Shelly 1l - Shelly","og_description":"Shelly 1L on kompaktne nutikas l\u00fcliti, mis lahendab valgusautomaatika probleeme.","og_url":"https:\/\/shelly.ee\/en\/product\/shelly-1l\/","og_site_name":"Shelly","article_publisher":"https:\/\/www.facebook.com\/groups\/ShellyIoTCommunitySupport\/","article_modified_time":"2025-08-08T07:34:59+00:00","og_image":[{"width":330,"height":300,"url":"https:\/\/shelly.ee\/wp-content\/uploads\/2025\/08\/shelly1l-Photoroom.png","type":"image\/png"}],"twitter_card":"summary_large_image","twitter_site":"@shelly_iot","twitter_misc":{"Est. reading time":"1 minute"},"schema":{"@context":"https:\/\/schema.org","@graph":[{"@type":"WebPage","@id":"https:\/\/shelly.ee\/toode\/shelly-1l\/","url":"https:\/\/shelly.ee\/toode\/shelly-1l\/","name":"Shelly 1l - Shelly","isPartOf":{"@id":"https:\/\/shelly.ee\/#website"},"primaryImageOfPage":{"@id":"https:\/\/shelly.ee\/toode\/shelly-1l\/#primaryimage"},"image":{"@id":"https:\/\/shelly.ee\/toode\/shelly-1l\/#primaryimage"},"thumbnailUrl":"https:\/\/shelly.ee\/wp-content\/uploads\/2025\/08\/shelly1l-Photoroom.png","datePublished":"2025-08-05T07:02:04+00:00","dateModified":"2025-08-08T07:34:59+00:00","breadcrumb":{"@id":"https:\/\/shelly.ee\/toode\/shelly-1l\/#breadcrumb"},"inLanguage":"en-US","potentialAction":[{"@type":"ReadAction","target":["https:\/\/shelly.ee\/toode\/shelly-1l\/"]}]},{"@type":"ImageObject","inLanguage":"en-US","@id":"https:\/\/shelly.ee\/toode\/shelly-1l\/#primaryimage","url":"https:\/\/shelly.ee\/wp-content\/uploads\/2025\/08\/shelly1l-Photoroom.png","contentUrl":"https:\/\/shelly.ee\/wp-content\/uploads\/2025\/08\/shelly1l-Photoroom.png","width":330,"height":300},{"@type":"BreadcrumbList","@id":"https:\/\/shelly.ee\/toode\/shelly-1l\/#breadcrumb","itemListElement":[{"@type":"ListItem","position":1,"name":"Home","item":"https:\/\/shelly.ee\/"},{"@type":"ListItem","position":2,"name":"Pood","item":"https:\/\/shelly.ee\/pood\/"},{"@type":"ListItem","position":3,"name":"Shelly 1l"}]},{"@type":"WebSite","@id":"https:\/\/shelly.ee\/#website","url":"https:\/\/shelly.ee\/","name":"Shelly Eesti","description":"T&otilde;hus nutikodu automaatika","publisher":{"@id":"https:\/\/shelly.ee\/#organization"},"alternateName":"Shelly Estonia","potentialAction":[{"@type":"SearchAction","target":{"@type":"EntryPoint","urlTemplate":"https:\/\/shelly.ee\/?s={search_term_string}"},"query-input":{"@type":"PropertyValueSpecification","valueRequired":true,"valueName":"search_term_string"}}],"inLanguage":"en-US"},{"@type":"Organization","@id":"https:\/\/shelly.ee\/#organization","name":"Shelly's","alternateName":"Shelly Estonia","url":"https:\/\/shelly.ee\/","logo":{"@type":"ImageObject","inLanguage":"en-US","@id":"https:\/\/shelly.ee\/#\/schema\/logo\/image\/","url":"https:\/\/shelly.ee\/wp-content\/uploads\/2024\/01\/cropped-apple-touch-icon-120x120-1.png","contentUrl":"https:\/\/shelly.ee\/wp-content\/uploads\/2024\/01\/cropped-apple-touch-icon-120x120-1.png","width":512,"height":512,"caption":"Shelly"},"image":{"@id":"https:\/\/shelly.ee\/#\/schema\/logo\/image\/"},"sameAs":["https:\/\/www.facebook.com\/groups\/ShellyIoTCommunitySupport\/","https:\/\/x.com\/shelly_iot","https:\/\/www.instagram.com\/shelly.iot\/","https:\/\/www.youtube.com\/channel\/UCbsZRChOGBmMXx9-6PhCxdw"]}]}},"_links":{"self":[{"href":"https:\/\/shelly.ee\/en\/wp-json\/wp\/v2\/product\/656","targetHints":{"allow":["GET"]}}],"collection":[{"href":"https:\/\/shelly.ee\/en\/wp-json\/wp\/v2\/product"}],"about":[{"href":"https:\/\/shelly.ee\/en\/wp-json\/wp\/v2\/types\/product"}],"wp:featuredmedia":[{"embeddable":true,"href":"https:\/\/shelly.ee\/en\/wp-json\/wp\/v2\/media\/657"}],"wp:attachment":[{"href":"https:\/\/shelly.ee\/en\/wp-json\/wp\/v2\/media?parent=656"}],"wp:term":[{"taxonomy":"product_brand","embeddable":true,"href":"https:\/\/shelly.ee\/en\/wp-json\/wp\/v2\/product_brand?post=656"},{"taxonomy":"product_cat","embeddable":true,"href":"https:\/\/shelly.ee\/en\/wp-json\/wp\/v2\/product_cat?post=656"},{"taxonomy":"product_tag","embeddable":true,"href":"https:\/\/shelly.ee\/en\/wp-json\/wp\/v2\/product_tag?post=656"}],"curies":[{"name":"wp","href":"https:\/\/api.w.org\/{rel}","templated":true}]}}