{"id":824,"date":"2026-03-19T13:07:47","date_gmt":"2026-03-19T13:07:47","guid":{"rendered":"https:\/\/shelly.ee\/?post_type=product&#038;p=824"},"modified":"2026-03-23T12:13:43","modified_gmt":"2026-03-23T12:13:43","slug":"shelly-1-gen4","status":"publish","type":"product","link":"https:\/\/shelly.ee\/en\/product\/shelly-1-gen4\/","title":{"rendered":"Shelly 1 Gen4"},"content":{"rendered":"<ul>\n<li>Uus \u2013 mitme protokolli \u00fchenduvus: vali Bluetoothi, Wi-Fi v\u00f5i Zigbee vahel.<\/li>\n<li>Uus \u2013 Matter sertifikaadiga.<\/li>\n<li>Uus \u2013 t\u00f6\u00f6tab Apple HomeKitiga: juhi \u00fchendatud seadmeid Apple Home rakenduse v\u00f5i Siri abil l\u00e4bi Matteri.<\/li>\n<li>Kuivad kontaktid (potentsiaalivabad) \u2013 v\u00f5imalus kontaktori juhtimiseks. V\u00f5imaldab l\u00fclitada sisse ja v\u00e4lja madalpinge seadmeid.<\/li>\n<li>Toetab nii madal- kui ka k\u00f5rgepinge lahendusi.<\/li>\n<li>Ideaalne paigaldamiseks olemasolevate l\u00fclitite ja pistikupesade taha.<\/li>\n<li>Toetab ajakavasid, stseene ja kohalikke toiminguid.<\/li>\n<li>Toetab skriptimist, HTTPS-i, MQTTS-i ning sissetulevaid ja v\u00e4ljaminevaid WebSockete.<\/li>\n<li>Toetab virtuaalseid komponente.<\/li>\n<li>Toetab KNXnet \/ IP suhtlust.<\/li>\n<li>Sisemine temperatuuriandur \u00fclekuumenemiskaitseks.<\/li>\n<li>Ei vaja keskseadet (hubi)! Lihtne juhtimine Shelly Smart Control rakenduse, enamiku platvormide ja protokollide ning h\u00e4\u00e4lassistentide kaudu. Kasuta seda Alexaga, Siriga, Home Assistantiga, Apple HomeKitiga v\u00f5i oma eelistatud automaatikaplatvormiga.<\/li>\n<\/ul>","protected":false},"excerpt":{"rendered":"<p>Single-channel smart switch with dry contacts for controlling lights and devices. Enjoy faster performance and multi-protocol support (Wi-Fi, Zigbee, Matter, Bluetooth)<\/p>","protected":false},"featured_media":825,"template":"","meta":{"_kadence_starter_templates_imported_post":false,"_kad_post_transparent":"default","_kad_post_title":"","_kad_post_layout":"default","_kad_post_sidebar_id":"","_kad_post_content_style":"default","_kad_post_vertical_padding":"default","_kad_post_feature":"","_kad_post_feature_position":"","_kad_post_header":false,"_kad_post_footer":false,"_kad_post_classname":""},"product_brand":[],"product_cat":[22],"product_tag":[],"class_list":{"0":"post-824","1":"product","2":"type-product","3":"status-publish","4":"has-post-thumbnail","6":"product_cat-nutireleed-ja-dimmerid","8":"first","9":"instock","10":"shipping-taxable","11":"product-type-external","12":"entry","13":"content-bg","14":"loop-entry"},"yoast_head":"<!-- This site is optimized with the Yoast SEO plugin v27.3 - https:\/\/yoast.com\/product\/yoast-seo-wordpress\/ -->\n<title>Shelly 1 Gen4 - Shelly<\/title>\n<meta name=\"description\" content=\"\u00dchekanaliline kuiva kontaktiga nutikas l\u00fcliti valgustite ja seadmete juhtimiseks. Naudi kiiremat j\u00f5udlust ja mitme protokolli tuge (Wi-Fi, Zigbee, Matter, Bluetooth).\" \/>\n<meta name=\"robots\" content=\"index, follow, max-snippet:-1, max-image-preview:large, max-video-preview:-1\" \/>\n<link rel=\"canonical\" href=\"https:\/\/shelly.ee\/en\/product\/shelly-1-gen4\/\" \/>\n<meta property=\"og:locale\" content=\"en_US\" \/>\n<meta property=\"og:type\" content=\"article\" \/>\n<meta property=\"og:title\" content=\"Shelly 1 Gen4 - Shelly\" \/>\n<meta property=\"og:description\" content=\"\u00dchekanaliline kuiva kontaktiga nutikas l\u00fcliti valgustite ja seadmete juhtimiseks. Naudi kiiremat j\u00f5udlust ja mitme protokolli tuge (Wi-Fi, Zigbee, Matter, Bluetooth).\" \/>\n<meta property=\"og:url\" content=\"https:\/\/shelly.ee\/en\/product\/shelly-1-gen4\/\" \/>\n<meta property=\"og:site_name\" content=\"Shelly\" \/>\n<meta property=\"article:publisher\" content=\"https:\/\/www.facebook.com\/groups\/ShellyIoTCommunitySupport\/\" \/>\n<meta property=\"article:modified_time\" content=\"2026-03-23T12:13:43+00:00\" \/>\n<meta property=\"og:image\" content=\"https:\/\/shelly.ee\/wp-content\/uploads\/2026\/03\/Shelly-1-Gen4-main-image.webp\" \/>\n\t<meta property=\"og:image:width\" content=\"800\" \/>\n\t<meta property=\"og:image:height\" content=\"800\" \/>\n\t<meta property=\"og:image:type\" content=\"image\/webp\" \/>\n<meta name=\"twitter:card\" content=\"summary_large_image\" \/>\n<meta name=\"twitter:site\" content=\"@shelly_iot\" \/>\n<meta name=\"twitter:label1\" content=\"Est. reading time\" \/>\n\t<meta name=\"twitter:data1\" content=\"1 minute\" \/>\n<script type=\"application\/ld+json\" class=\"yoast-schema-graph\">{\"@context\":\"https:\\\/\\\/schema.org\",\"@graph\":[{\"@type\":\"WebPage\",\"@id\":\"https:\\\/\\\/shelly.ee\\\/toode\\\/shelly-1-gen4\\\/\",\"url\":\"https:\\\/\\\/shelly.ee\\\/toode\\\/shelly-1-gen4\\\/\",\"name\":\"Shelly 1 Gen4 - Shelly\",\"isPartOf\":{\"@id\":\"https:\\\/\\\/shelly.ee\\\/#website\"},\"primaryImageOfPage\":{\"@id\":\"https:\\\/\\\/shelly.ee\\\/toode\\\/shelly-1-gen4\\\/#primaryimage\"},\"image\":{\"@id\":\"https:\\\/\\\/shelly.ee\\\/toode\\\/shelly-1-gen4\\\/#primaryimage\"},\"thumbnailUrl\":\"https:\\\/\\\/shelly.ee\\\/wp-content\\\/uploads\\\/2026\\\/03\\\/Shelly-1-Gen4-main-image.webp\",\"datePublished\":\"2026-03-19T13:07:47+00:00\",\"dateModified\":\"2026-03-23T12:13:43+00:00\",\"description\":\"\u00dchekanaliline kuiva kontaktiga nutikas l\u00fcliti valgustite ja seadmete juhtimiseks. Naudi kiiremat j\u00f5udlust ja mitme protokolli tuge (Wi-Fi, Zigbee, Matter, Bluetooth).\",\"breadcrumb\":{\"@id\":\"https:\\\/\\\/shelly.ee\\\/toode\\\/shelly-1-gen4\\\/#breadcrumb\"},\"inLanguage\":\"en-US\",\"potentialAction\":[{\"@type\":\"ReadAction\",\"target\":[\"https:\\\/\\\/shelly.ee\\\/toode\\\/shelly-1-gen4\\\/\"]}]},{\"@type\":\"ImageObject\",\"inLanguage\":\"en-US\",\"@id\":\"https:\\\/\\\/shelly.ee\\\/toode\\\/shelly-1-gen4\\\/#primaryimage\",\"url\":\"https:\\\/\\\/shelly.ee\\\/wp-content\\\/uploads\\\/2026\\\/03\\\/Shelly-1-Gen4-main-image.webp\",\"contentUrl\":\"https:\\\/\\\/shelly.ee\\\/wp-content\\\/uploads\\\/2026\\\/03\\\/Shelly-1-Gen4-main-image.webp\",\"width\":800,\"height\":800},{\"@type\":\"BreadcrumbList\",\"@id\":\"https:\\\/\\\/shelly.ee\\\/toode\\\/shelly-1-gen4\\\/#breadcrumb\",\"itemListElement\":[{\"@type\":\"ListItem\",\"position\":1,\"name\":\"Home\",\"item\":\"https:\\\/\\\/shelly.ee\\\/\"},{\"@type\":\"ListItem\",\"position\":2,\"name\":\"Pood\",\"item\":\"https:\\\/\\\/shelly.ee\\\/pood\\\/\"},{\"@type\":\"ListItem\",\"position\":3,\"name\":\"Shelly 1 Gen4\"}]},{\"@type\":\"WebSite\",\"@id\":\"https:\\\/\\\/shelly.ee\\\/#website\",\"url\":\"https:\\\/\\\/shelly.ee\\\/\",\"name\":\"Shelly Eesti\",\"description\":\"T&otilde;hus nutikodu automaatika\",\"publisher\":{\"@id\":\"https:\\\/\\\/shelly.ee\\\/#organization\"},\"alternateName\":\"Shelly Estonia\",\"potentialAction\":[{\"@type\":\"SearchAction\",\"target\":{\"@type\":\"EntryPoint\",\"urlTemplate\":\"https:\\\/\\\/shelly.ee\\\/?s={search_term_string}\"},\"query-input\":{\"@type\":\"PropertyValueSpecification\",\"valueRequired\":true,\"valueName\":\"search_term_string\"}}],\"inLanguage\":\"en-US\"},{\"@type\":\"Organization\",\"@id\":\"https:\\\/\\\/shelly.ee\\\/#organization\",\"name\":\"Shelly\",\"alternateName\":\"Shelly Estonia\",\"url\":\"https:\\\/\\\/shelly.ee\\\/\",\"logo\":{\"@type\":\"ImageObject\",\"inLanguage\":\"en-US\",\"@id\":\"https:\\\/\\\/shelly.ee\\\/#\\\/schema\\\/logo\\\/image\\\/\",\"url\":\"https:\\\/\\\/shelly.ee\\\/wp-content\\\/uploads\\\/2024\\\/01\\\/cropped-apple-touch-icon-120x120-1.png\",\"contentUrl\":\"https:\\\/\\\/shelly.ee\\\/wp-content\\\/uploads\\\/2024\\\/01\\\/cropped-apple-touch-icon-120x120-1.png\",\"width\":512,\"height\":512,\"caption\":\"Shelly\"},\"image\":{\"@id\":\"https:\\\/\\\/shelly.ee\\\/#\\\/schema\\\/logo\\\/image\\\/\"},\"sameAs\":[\"https:\\\/\\\/www.facebook.com\\\/groups\\\/ShellyIoTCommunitySupport\\\/\",\"https:\\\/\\\/x.com\\\/shelly_iot\",\"https:\\\/\\\/www.instagram.com\\\/shelly.iot\\\/\",\"https:\\\/\\\/www.youtube.com\\\/channel\\\/UCbsZRChOGBmMXx9-6PhCxdw\"]}]}<\/script>\n<!-- \/ Yoast SEO plugin. -->","yoast_head_json":{"title":"Shelly 1 Gen4 - Shelly","description":"Single-channel smart switch with dry contacts for controlling lights and devices. Enjoy faster performance and multi-protocol support (Wi-Fi, Zigbee, Matter, Bluetooth)","robots":{"index":"index","follow":"follow","max-snippet":"max-snippet:-1","max-image-preview":"max-image-preview:large","max-video-preview":"max-video-preview:-1"},"canonical":"https:\/\/shelly.ee\/en\/product\/shelly-1-gen4\/","og_locale":"en_US","og_type":"article","og_title":"Shelly 1 Gen4 - Shelly","og_description":"\u00dchekanaliline kuiva kontaktiga nutikas l\u00fcliti valgustite ja seadmete juhtimiseks. Naudi kiiremat j\u00f5udlust ja mitme protokolli tuge (Wi-Fi, Zigbee, Matter, Bluetooth).","og_url":"https:\/\/shelly.ee\/en\/product\/shelly-1-gen4\/","og_site_name":"Shelly","article_publisher":"https:\/\/www.facebook.com\/groups\/ShellyIoTCommunitySupport\/","article_modified_time":"2026-03-23T12:13:43+00:00","og_image":[{"width":800,"height":800,"url":"https:\/\/shelly.ee\/wp-content\/uploads\/2026\/03\/Shelly-1-Gen4-main-image.webp","type":"image\/webp"}],"twitter_card":"summary_large_image","twitter_site":"@shelly_iot","twitter_misc":{"Est. reading time":"1 minute"},"schema":{"@context":"https:\/\/schema.org","@graph":[{"@type":"WebPage","@id":"https:\/\/shelly.ee\/toode\/shelly-1-gen4\/","url":"https:\/\/shelly.ee\/toode\/shelly-1-gen4\/","name":"Shelly 1 Gen4 - Shelly","isPartOf":{"@id":"https:\/\/shelly.ee\/#website"},"primaryImageOfPage":{"@id":"https:\/\/shelly.ee\/toode\/shelly-1-gen4\/#primaryimage"},"image":{"@id":"https:\/\/shelly.ee\/toode\/shelly-1-gen4\/#primaryimage"},"thumbnailUrl":"https:\/\/shelly.ee\/wp-content\/uploads\/2026\/03\/Shelly-1-Gen4-main-image.webp","datePublished":"2026-03-19T13:07:47+00:00","dateModified":"2026-03-23T12:13:43+00:00","description":"Single-channel smart switch with dry contacts for controlling lights and devices. Enjoy faster performance and multi-protocol support (Wi-Fi, Zigbee, Matter, Bluetooth)","breadcrumb":{"@id":"https:\/\/shelly.ee\/toode\/shelly-1-gen4\/#breadcrumb"},"inLanguage":"en-US","potentialAction":[{"@type":"ReadAction","target":["https:\/\/shelly.ee\/toode\/shelly-1-gen4\/"]}]},{"@type":"ImageObject","inLanguage":"en-US","@id":"https:\/\/shelly.ee\/toode\/shelly-1-gen4\/#primaryimage","url":"https:\/\/shelly.ee\/wp-content\/uploads\/2026\/03\/Shelly-1-Gen4-main-image.webp","contentUrl":"https:\/\/shelly.ee\/wp-content\/uploads\/2026\/03\/Shelly-1-Gen4-main-image.webp","width":800,"height":800},{"@type":"BreadcrumbList","@id":"https:\/\/shelly.ee\/toode\/shelly-1-gen4\/#breadcrumb","itemListElement":[{"@type":"ListItem","position":1,"name":"Home","item":"https:\/\/shelly.ee\/"},{"@type":"ListItem","position":2,"name":"Pood","item":"https:\/\/shelly.ee\/pood\/"},{"@type":"ListItem","position":3,"name":"Shelly 1 Gen4"}]},{"@type":"WebSite","@id":"https:\/\/shelly.ee\/#website","url":"https:\/\/shelly.ee\/","name":"Shelly Eesti","description":"T&otilde;hus nutikodu automaatika","publisher":{"@id":"https:\/\/shelly.ee\/#organization"},"alternateName":"Shelly Estonia","potentialAction":[{"@type":"SearchAction","target":{"@type":"EntryPoint","urlTemplate":"https:\/\/shelly.ee\/?s={search_term_string}"},"query-input":{"@type":"PropertyValueSpecification","valueRequired":true,"valueName":"search_term_string"}}],"inLanguage":"en-US"},{"@type":"Organization","@id":"https:\/\/shelly.ee\/#organization","name":"Shelly's","alternateName":"Shelly Estonia","url":"https:\/\/shelly.ee\/","logo":{"@type":"ImageObject","inLanguage":"en-US","@id":"https:\/\/shelly.ee\/#\/schema\/logo\/image\/","url":"https:\/\/shelly.ee\/wp-content\/uploads\/2024\/01\/cropped-apple-touch-icon-120x120-1.png","contentUrl":"https:\/\/shelly.ee\/wp-content\/uploads\/2024\/01\/cropped-apple-touch-icon-120x120-1.png","width":512,"height":512,"caption":"Shelly"},"image":{"@id":"https:\/\/shelly.ee\/#\/schema\/logo\/image\/"},"sameAs":["https:\/\/www.facebook.com\/groups\/ShellyIoTCommunitySupport\/","https:\/\/x.com\/shelly_iot","https:\/\/www.instagram.com\/shelly.iot\/","https:\/\/www.youtube.com\/channel\/UCbsZRChOGBmMXx9-6PhCxdw"]}]}},"_links":{"self":[{"href":"https:\/\/shelly.ee\/en\/wp-json\/wp\/v2\/product\/824","targetHints":{"allow":["GET"]}}],"collection":[{"href":"https:\/\/shelly.ee\/en\/wp-json\/wp\/v2\/product"}],"about":[{"href":"https:\/\/shelly.ee\/en\/wp-json\/wp\/v2\/types\/product"}],"wp:featuredmedia":[{"embeddable":true,"href":"https:\/\/shelly.ee\/en\/wp-json\/wp\/v2\/media\/825"}],"wp:attachment":[{"href":"https:\/\/shelly.ee\/en\/wp-json\/wp\/v2\/media?parent=824"}],"wp:term":[{"taxonomy":"product_brand","embeddable":true,"href":"https:\/\/shelly.ee\/en\/wp-json\/wp\/v2\/product_brand?post=824"},{"taxonomy":"product_cat","embeddable":true,"href":"https:\/\/shelly.ee\/en\/wp-json\/wp\/v2\/product_cat?post=824"},{"taxonomy":"product_tag","embeddable":true,"href":"https:\/\/shelly.ee\/en\/wp-json\/wp\/v2\/product_tag?post=824"}],"curies":[{"name":"wp","href":"https:\/\/api.w.org\/{rel}","templated":true}]}}