{"id":835,"date":"2026-03-19T14:01:07","date_gmt":"2026-03-19T14:01:07","guid":{"rendered":"https:\/\/shelly.ee\/?post_type=product&#038;p=835"},"modified":"2026-03-23T13:20:20","modified_gmt":"2026-03-23T13:20:20","slug":"shelly-1pm-mini-gen4-2","status":"publish","type":"product","link":"https:\/\/shelly.ee\/en\/product\/shelly-1pm-mini-gen4-2\/","title":{"rendered":"Shelly 1PM Mini Gen4"},"content":{"rendered":"<p>\u2022 New \u2013 Matter certified*. *Available after updating to the latest firmware.<br data-start=\"87\" data-end=\"90\" \/>Accurate and real-time power measurement with free cloud data storage for analysis and optimization of energy use.\u200b\u200b<br data-start=\"217\" data-end=\"220\" \/>\u2013 ESP-Shelly-C38F chip with increased 8MB memory<br data-start=\"284\" data-end=\"287\" \/>\u2022 Improved terminal durability<br data-start=\"322\" data-end=\"325\" \/>\u2022 High security<br data-start=\"344\" data-end=\"347\" \/>\u2022 Wifi range extender and Bluetooth gateway<br data-start=\"393\" data-end=\"396\" \/>\u2022 Supports scripts, webhooks, MQTT, WebSocket, HTTPS, UDP, TLS and custom certificates<br data-start=\"500\" data-end=\"503\" \/>\u2022 No hub needed! Simple control through the Shelly Smart Control application, using various home automation protocols and platforms, as well as support for voice assistants<br data-start=\"661\" data-end=\"664\" \/>\u2022 Supports KNXnet \/ IP communications<\/p>","protected":false},"excerpt":{"rendered":"<p>Wi-Fi-operated smart relay with energy consumption measurement that allows remote control of a wide range of home and office devices<\/p>","protected":false},"featured_media":836,"template":"","meta":{"_kadence_starter_templates_imported_post":false,"_kad_post_transparent":"default","_kad_post_title":"","_kad_post_layout":"default","_kad_post_sidebar_id":"","_kad_post_content_style":"default","_kad_post_vertical_padding":"default","_kad_post_feature":"","_kad_post_feature_position":"","_kad_post_header":false,"_kad_post_footer":false,"_kad_post_classname":""},"product_brand":[],"product_cat":[104,22],"product_tag":[],"class_list":{"0":"post-835","1":"product","2":"type-product","3":"status-publish","4":"has-post-thumbnail","6":"product_cat-energiaarvestid","7":"product_cat-nutireleed-ja-dimmerid","9":"first","10":"instock","11":"shipping-taxable","12":"product-type-external","13":"entry","14":"content-bg","15":"loop-entry"},"yoast_head":"<!-- This site is optimized with the Yoast SEO plugin v27.3 - https:\/\/yoast.com\/product\/yoast-seo-wordpress\/ -->\n<title>Shelly 1PM Mini Gen4 - Shelly<\/title>\n<meta name=\"description\" content=\"Wi-Fi kaudu t\u00f6\u00f6tav nutirelee energiatarbimise m\u00f5\u00f5tmisega, mis v\u00f5imaldab kaugjuhtida laia valikut kodu- ja kontoriseadmeid.\" \/>\n<meta name=\"robots\" content=\"index, follow, max-snippet:-1, max-image-preview:large, max-video-preview:-1\" \/>\n<link rel=\"canonical\" href=\"https:\/\/shelly.ee\/en\/product\/shelly-1pm-mini-gen4-2\/\" \/>\n<meta property=\"og:locale\" content=\"en_US\" \/>\n<meta property=\"og:type\" content=\"article\" \/>\n<meta property=\"og:title\" content=\"Shelly 1PM Mini Gen4 - Shelly\" \/>\n<meta property=\"og:description\" content=\"Wi-Fi kaudu t\u00f6\u00f6tav nutirelee energiatarbimise m\u00f5\u00f5tmisega, mis v\u00f5imaldab kaugjuhtida laia valikut kodu- ja kontoriseadmeid.\" \/>\n<meta property=\"og:url\" content=\"https:\/\/shelly.ee\/en\/product\/shelly-1pm-mini-gen4-2\/\" \/>\n<meta property=\"og:site_name\" content=\"Shelly\" \/>\n<meta property=\"article:publisher\" content=\"https:\/\/www.facebook.com\/groups\/ShellyIoTCommunitySupport\/\" \/>\n<meta property=\"article:modified_time\" content=\"2026-03-23T13:20:20+00:00\" \/>\n<meta property=\"og:image\" content=\"https:\/\/shelly.ee\/wp-content\/uploads\/2026\/03\/Shelly-1PM-Mini-Gen4-main-image.webp\" \/>\n\t<meta property=\"og:image:width\" content=\"800\" \/>\n\t<meta property=\"og:image:height\" content=\"800\" \/>\n\t<meta property=\"og:image:type\" content=\"image\/webp\" \/>\n<meta name=\"twitter:card\" content=\"summary_large_image\" \/>\n<meta name=\"twitter:site\" content=\"@shelly_iot\" \/>\n<meta name=\"twitter:label1\" content=\"Est. reading time\" \/>\n\t<meta name=\"twitter:data1\" content=\"1 minute\" \/>\n<script type=\"application\/ld+json\" class=\"yoast-schema-graph\">{\"@context\":\"https:\\\/\\\/schema.org\",\"@graph\":[{\"@type\":\"WebPage\",\"@id\":\"https:\\\/\\\/shelly.ee\\\/toode\\\/shelly-1pm-mini-gen4-2\\\/\",\"url\":\"https:\\\/\\\/shelly.ee\\\/toode\\\/shelly-1pm-mini-gen4-2\\\/\",\"name\":\"Shelly 1PM Mini Gen4 - Shelly\",\"isPartOf\":{\"@id\":\"https:\\\/\\\/shelly.ee\\\/#website\"},\"primaryImageOfPage\":{\"@id\":\"https:\\\/\\\/shelly.ee\\\/toode\\\/shelly-1pm-mini-gen4-2\\\/#primaryimage\"},\"image\":{\"@id\":\"https:\\\/\\\/shelly.ee\\\/toode\\\/shelly-1pm-mini-gen4-2\\\/#primaryimage\"},\"thumbnailUrl\":\"https:\\\/\\\/shelly.ee\\\/wp-content\\\/uploads\\\/2026\\\/03\\\/Shelly-1PM-Mini-Gen4-main-image.webp\",\"datePublished\":\"2026-03-19T14:01:07+00:00\",\"dateModified\":\"2026-03-23T13:20:20+00:00\",\"description\":\"Wi-Fi kaudu t\u00f6\u00f6tav nutirelee energiatarbimise m\u00f5\u00f5tmisega, mis v\u00f5imaldab kaugjuhtida laia valikut kodu- ja kontoriseadmeid.\",\"breadcrumb\":{\"@id\":\"https:\\\/\\\/shelly.ee\\\/toode\\\/shelly-1pm-mini-gen4-2\\\/#breadcrumb\"},\"inLanguage\":\"en-US\",\"potentialAction\":[{\"@type\":\"ReadAction\",\"target\":[\"https:\\\/\\\/shelly.ee\\\/toode\\\/shelly-1pm-mini-gen4-2\\\/\"]}]},{\"@type\":\"ImageObject\",\"inLanguage\":\"en-US\",\"@id\":\"https:\\\/\\\/shelly.ee\\\/toode\\\/shelly-1pm-mini-gen4-2\\\/#primaryimage\",\"url\":\"https:\\\/\\\/shelly.ee\\\/wp-content\\\/uploads\\\/2026\\\/03\\\/Shelly-1PM-Mini-Gen4-main-image.webp\",\"contentUrl\":\"https:\\\/\\\/shelly.ee\\\/wp-content\\\/uploads\\\/2026\\\/03\\\/Shelly-1PM-Mini-Gen4-main-image.webp\",\"width\":800,\"height\":800},{\"@type\":\"BreadcrumbList\",\"@id\":\"https:\\\/\\\/shelly.ee\\\/toode\\\/shelly-1pm-mini-gen4-2\\\/#breadcrumb\",\"itemListElement\":[{\"@type\":\"ListItem\",\"position\":1,\"name\":\"Home\",\"item\":\"https:\\\/\\\/shelly.ee\\\/\"},{\"@type\":\"ListItem\",\"position\":2,\"name\":\"Pood\",\"item\":\"https:\\\/\\\/shelly.ee\\\/pood\\\/\"},{\"@type\":\"ListItem\",\"position\":3,\"name\":\"Shelly 1PM Mini Gen4\"}]},{\"@type\":\"WebSite\",\"@id\":\"https:\\\/\\\/shelly.ee\\\/#website\",\"url\":\"https:\\\/\\\/shelly.ee\\\/\",\"name\":\"Shelly Eesti\",\"description\":\"T&otilde;hus nutikodu automaatika\",\"publisher\":{\"@id\":\"https:\\\/\\\/shelly.ee\\\/#organization\"},\"alternateName\":\"Shelly Estonia\",\"potentialAction\":[{\"@type\":\"SearchAction\",\"target\":{\"@type\":\"EntryPoint\",\"urlTemplate\":\"https:\\\/\\\/shelly.ee\\\/?s={search_term_string}\"},\"query-input\":{\"@type\":\"PropertyValueSpecification\",\"valueRequired\":true,\"valueName\":\"search_term_string\"}}],\"inLanguage\":\"en-US\"},{\"@type\":\"Organization\",\"@id\":\"https:\\\/\\\/shelly.ee\\\/#organization\",\"name\":\"Shelly\",\"alternateName\":\"Shelly Estonia\",\"url\":\"https:\\\/\\\/shelly.ee\\\/\",\"logo\":{\"@type\":\"ImageObject\",\"inLanguage\":\"en-US\",\"@id\":\"https:\\\/\\\/shelly.ee\\\/#\\\/schema\\\/logo\\\/image\\\/\",\"url\":\"https:\\\/\\\/shelly.ee\\\/wp-content\\\/uploads\\\/2024\\\/01\\\/cropped-apple-touch-icon-120x120-1.png\",\"contentUrl\":\"https:\\\/\\\/shelly.ee\\\/wp-content\\\/uploads\\\/2024\\\/01\\\/cropped-apple-touch-icon-120x120-1.png\",\"width\":512,\"height\":512,\"caption\":\"Shelly\"},\"image\":{\"@id\":\"https:\\\/\\\/shelly.ee\\\/#\\\/schema\\\/logo\\\/image\\\/\"},\"sameAs\":[\"https:\\\/\\\/www.facebook.com\\\/groups\\\/ShellyIoTCommunitySupport\\\/\",\"https:\\\/\\\/x.com\\\/shelly_iot\",\"https:\\\/\\\/www.instagram.com\\\/shelly.iot\\\/\",\"https:\\\/\\\/www.youtube.com\\\/channel\\\/UCbsZRChOGBmMXx9-6PhCxdw\"]}]}<\/script>\n<!-- \/ Yoast SEO plugin. -->","yoast_head_json":{"title":"Shelly 1PM Mini Gen4 - Shelly","description":"Wi-Fi-operated smart relay with energy consumption measurement that allows remote control of a wide range of home and office devices","robots":{"index":"index","follow":"follow","max-snippet":"max-snippet:-1","max-image-preview":"max-image-preview:large","max-video-preview":"max-video-preview:-1"},"canonical":"https:\/\/shelly.ee\/en\/product\/shelly-1pm-mini-gen4-2\/","og_locale":"en_US","og_type":"article","og_title":"Shelly 1PM Mini Gen4 - Shelly","og_description":"Wi-Fi kaudu t\u00f6\u00f6tav nutirelee energiatarbimise m\u00f5\u00f5tmisega, mis v\u00f5imaldab kaugjuhtida laia valikut kodu- ja kontoriseadmeid.","og_url":"https:\/\/shelly.ee\/en\/product\/shelly-1pm-mini-gen4-2\/","og_site_name":"Shelly","article_publisher":"https:\/\/www.facebook.com\/groups\/ShellyIoTCommunitySupport\/","article_modified_time":"2026-03-23T13:20:20+00:00","og_image":[{"width":800,"height":800,"url":"https:\/\/shelly.ee\/wp-content\/uploads\/2026\/03\/Shelly-1PM-Mini-Gen4-main-image.webp","type":"image\/webp"}],"twitter_card":"summary_large_image","twitter_site":"@shelly_iot","twitter_misc":{"Est. reading time":"1 minute"},"schema":{"@context":"https:\/\/schema.org","@graph":[{"@type":"WebPage","@id":"https:\/\/shelly.ee\/toode\/shelly-1pm-mini-gen4-2\/","url":"https:\/\/shelly.ee\/toode\/shelly-1pm-mini-gen4-2\/","name":"Shelly 1PM Mini Gen4 - Shelly","isPartOf":{"@id":"https:\/\/shelly.ee\/#website"},"primaryImageOfPage":{"@id":"https:\/\/shelly.ee\/toode\/shelly-1pm-mini-gen4-2\/#primaryimage"},"image":{"@id":"https:\/\/shelly.ee\/toode\/shelly-1pm-mini-gen4-2\/#primaryimage"},"thumbnailUrl":"https:\/\/shelly.ee\/wp-content\/uploads\/2026\/03\/Shelly-1PM-Mini-Gen4-main-image.webp","datePublished":"2026-03-19T14:01:07+00:00","dateModified":"2026-03-23T13:20:20+00:00","description":"Wi-Fi-operated smart relay with energy consumption measurement that allows remote control of a wide range of home and office devices","breadcrumb":{"@id":"https:\/\/shelly.ee\/toode\/shelly-1pm-mini-gen4-2\/#breadcrumb"},"inLanguage":"en-US","potentialAction":[{"@type":"ReadAction","target":["https:\/\/shelly.ee\/toode\/shelly-1pm-mini-gen4-2\/"]}]},{"@type":"ImageObject","inLanguage":"en-US","@id":"https:\/\/shelly.ee\/toode\/shelly-1pm-mini-gen4-2\/#primaryimage","url":"https:\/\/shelly.ee\/wp-content\/uploads\/2026\/03\/Shelly-1PM-Mini-Gen4-main-image.webp","contentUrl":"https:\/\/shelly.ee\/wp-content\/uploads\/2026\/03\/Shelly-1PM-Mini-Gen4-main-image.webp","width":800,"height":800},{"@type":"BreadcrumbList","@id":"https:\/\/shelly.ee\/toode\/shelly-1pm-mini-gen4-2\/#breadcrumb","itemListElement":[{"@type":"ListItem","position":1,"name":"Home","item":"https:\/\/shelly.ee\/"},{"@type":"ListItem","position":2,"name":"Pood","item":"https:\/\/shelly.ee\/pood\/"},{"@type":"ListItem","position":3,"name":"Shelly 1PM Mini Gen4"}]},{"@type":"WebSite","@id":"https:\/\/shelly.ee\/#website","url":"https:\/\/shelly.ee\/","name":"Shelly Eesti","description":"T&otilde;hus nutikodu automaatika","publisher":{"@id":"https:\/\/shelly.ee\/#organization"},"alternateName":"Shelly Estonia","potentialAction":[{"@type":"SearchAction","target":{"@type":"EntryPoint","urlTemplate":"https:\/\/shelly.ee\/?s={search_term_string}"},"query-input":{"@type":"PropertyValueSpecification","valueRequired":true,"valueName":"search_term_string"}}],"inLanguage":"en-US"},{"@type":"Organization","@id":"https:\/\/shelly.ee\/#organization","name":"Shelly's","alternateName":"Shelly Estonia","url":"https:\/\/shelly.ee\/","logo":{"@type":"ImageObject","inLanguage":"en-US","@id":"https:\/\/shelly.ee\/#\/schema\/logo\/image\/","url":"https:\/\/shelly.ee\/wp-content\/uploads\/2024\/01\/cropped-apple-touch-icon-120x120-1.png","contentUrl":"https:\/\/shelly.ee\/wp-content\/uploads\/2024\/01\/cropped-apple-touch-icon-120x120-1.png","width":512,"height":512,"caption":"Shelly"},"image":{"@id":"https:\/\/shelly.ee\/#\/schema\/logo\/image\/"},"sameAs":["https:\/\/www.facebook.com\/groups\/ShellyIoTCommunitySupport\/","https:\/\/x.com\/shelly_iot","https:\/\/www.instagram.com\/shelly.iot\/","https:\/\/www.youtube.com\/channel\/UCbsZRChOGBmMXx9-6PhCxdw"]}]}},"_links":{"self":[{"href":"https:\/\/shelly.ee\/en\/wp-json\/wp\/v2\/product\/835","targetHints":{"allow":["GET"]}}],"collection":[{"href":"https:\/\/shelly.ee\/en\/wp-json\/wp\/v2\/product"}],"about":[{"href":"https:\/\/shelly.ee\/en\/wp-json\/wp\/v2\/types\/product"}],"wp:featuredmedia":[{"embeddable":true,"href":"https:\/\/shelly.ee\/en\/wp-json\/wp\/v2\/media\/836"}],"wp:attachment":[{"href":"https:\/\/shelly.ee\/en\/wp-json\/wp\/v2\/media?parent=835"}],"wp:term":[{"taxonomy":"product_brand","embeddable":true,"href":"https:\/\/shelly.ee\/en\/wp-json\/wp\/v2\/product_brand?post=835"},{"taxonomy":"product_cat","embeddable":true,"href":"https:\/\/shelly.ee\/en\/wp-json\/wp\/v2\/product_cat?post=835"},{"taxonomy":"product_tag","embeddable":true,"href":"https:\/\/shelly.ee\/en\/wp-json\/wp\/v2\/product_tag?post=835"}],"curies":[{"name":"wp","href":"https:\/\/api.w.org\/{rel}","templated":true}]}}