{"id":848,"date":"2026-03-23T10:57:33","date_gmt":"2026-03-23T10:57:33","guid":{"rendered":"https:\/\/shelly.ee\/?post_type=product&#038;p=848"},"modified":"2026-04-22T08:19:16","modified_gmt":"2026-04-22T08:19:16","slug":"shelly-2pm-gen4","status":"publish","type":"product","link":"https:\/\/shelly.ee\/en\/product\/shelly-2pm-gen4\/","title":{"rendered":"Shelly 2PM Gen4"},"content":{"rendered":"<ul>\n<li data-section-id=\"1oz2t3q\" data-start=\"36\" data-end=\"110\">\n<p data-start=\"38\" data-end=\"110\">New \u2013 multi-protocol support: choose between Bluetooth, Wi-Fi or Zigbee<\/p>\n<\/li>\n<li data-section-id=\"z9ldxo\" data-start=\"111\" data-end=\"137\">\n<p data-start=\"113\" data-end=\"137\">2 same phase channels<\/p>\n<\/li>\n<li data-section-id=\"1uj61oc\" data-start=\"138\" data-end=\"180\">\n<p data-start=\"140\" data-end=\"180\">Power consumption measurements on every channel<\/p>\n<\/li>\n<li data-section-id=\"uyssg1\" data-start=\"181\" data-end=\"324\">\n<p data-start=\"183\" data-end=\"324\">Curtain and blind control \u2013 automate and adjust the position of blinds, curtains, awnings and bidirectional AC motors<\/p>\n<\/li>\n<li data-section-id=\"dn4rmm\" data-start=\"325\" data-end=\"439\">\n<p data-start=\"327\" data-end=\"439\">Slat tilt adjustment \u2013 suitable for venetian blinds, allows changing the angle of the slats and the amount of light in the room<\/p>\n<\/li>\n<li data-section-id=\"1krg88e\" data-start=\"440\" data-end=\"529\">\n<p data-start=\"442\" data-end=\"529\">Apple Homekit support: Control connected devices using Apple Home app or Siri (using Matter)<\/p>\n<\/li>\n<li data-section-id=\"hj28cr\" data-start=\"530\" data-end=\"606\">\n<p data-start=\"532\" data-end=\"606\">Suitable for installation behind existing switches and sockets (retrofit)<\/p>\n<\/li>\n<li data-section-id=\"kghtcr\" data-start=\"607\" data-end=\"664\">\n<p data-start=\"609\" data-end=\"664\">Supports schedules, scenes, and local actions<\/p>\n<\/li>\n<li data-section-id=\"1lezjpe\" data-start=\"665\" data-end=\"747\">\n<p data-start=\"667\" data-end=\"747\">Supports scripting, HTTPS, MQTTS and inbound and outbound WebSockets<\/p>\n<\/li>\n<li data-section-id=\"7zn7jg\" data-start=\"748\" data-end=\"807\">\n<p data-start=\"750\" data-end=\"807\">Built-in temperature sensor for overheating protection<\/p>\n<\/li>\n<li data-section-id=\"12o3eak\" data-start=\"808\" data-end=\"866\">\n<p data-start=\"810\" data-end=\"866\">Wi-Fi and Zigbee range extender and Bluetooth gateway<\/p>\n<\/li>\n<li data-section-id=\"1u7gp4e\" data-start=\"867\" data-end=\"1004\" data-is-last-node=\"\">\n<p data-start=\"869\" data-end=\"1004\" data-is-last-node=\"\">Simple control through the Shelly Smart Control application, using various home automation protocols and platforms, as well as support for voice assistants<\/p>\n<\/li>\n<\/ul>\n<h3 id=\"Wiringdiagrams-Legend\" tabindex=\"-1\">\u00dchendusskeemi legend<\/h3>\n<table class=\"confluenceTable\" data-layout=\"default\" data-local-id=\"6b2cebb6-5ec5-416d-bf2e-bc8e624ecb44\">\n<tbody>\n<tr data-local-id=\"ed2a4034-1754-4935-8edd-cb11552d8d61\">\n<th class=\"confluenceTh\" colspan=\"2\" rowspan=\"1\" data-local-id=\"65f38ab9-0eda-4969-b9dc-ec9b607df175\"><strong>Klemmid<\/strong><\/th>\n<th class=\"confluenceTh\" colspan=\"2\" rowspan=\"1\" data-local-id=\"c812611d-ac82-4204-92f0-8d4df4550679\"><strong>Juhtmed<\/strong><\/th>\n<\/tr>\n<tr data-local-id=\"541e7f54-f97b-465b-8d4f-c115f53ef596\">\n<td class=\"confluenceTd\" colspan=\"1\" rowspan=\"1\" data-local-id=\"8e4eb26a-fd69-468c-aa5d-e4f025c7143a\"><strong>O1, O2:<\/strong><\/td>\n<td class=\"confluenceTd\" colspan=\"1\" rowspan=\"1\" data-local-id=\"ba74b231-3b97-4d86-9b28-f03185e77d1c\">\u00a0Koormus (lamp) \u2013 siia tekib faas<\/td>\n<td class=\"confluenceTd\" colspan=\"1\" rowspan=\"1\" data-local-id=\"0a81c016-94d5-48c5-b7b4-54ff7f08fb20\"><strong>N:<\/strong><\/td>\n<td class=\"confluenceTd\" colspan=\"1\" rowspan=\"1\" data-local-id=\"f2037693-9139-4987-b05f-5d0b2546f53b\">Neutraali juhe<\/td>\n<\/tr>\n<tr data-local-id=\"38584114-e0f5-4224-82fb-f9cdaada1917\">\n<td class=\"confluenceTd\" colspan=\"1\" rowspan=\"1\" data-local-id=\"27fe5370-a6db-4915-9529-1da74c2d80f9\"><strong>L:<\/strong><\/td>\n<td class=\"confluenceTd\" colspan=\"1\" rowspan=\"1\" data-local-id=\"7e6f82e4-ec85-4e4a-8458-59a04043f11c\">Faas (110\u2013240 V~) juhe<\/td>\n<td class=\"confluenceTd\" colspan=\"1\" rowspan=\"1\" data-local-id=\"aca660d2-6570-405b-bc95-85b7d5d06571\"><strong>L:<\/strong><\/td>\n<td class=\"confluenceTd\" colspan=\"1\" rowspan=\"1\" data-local-id=\"11af77b9-1e3a-415e-b168-f5ea08e9cbbf\">Faas (110-240 V~) juhe<\/td>\n<\/tr>\n<tr data-local-id=\"adc43c14-f63d-4d8c-aa68-f16adeb00a8a\">\n<td class=\"confluenceTd\" colspan=\"1\" rowspan=\"1\" data-local-id=\"53e52ba2-d55c-408c-886d-53f0ef2b7121\"><strong>S1, S2:<\/strong><\/td>\n<td class=\"confluenceTd\" colspan=\"1\" rowspan=\"1\" data-local-id=\"1829a570-67c8-4b2a-91c5-0db3492ae400\">L\u00fcliti sisend \u2013 siia l\u00fclitatakse faas<\/td>\n<td class=\"confluenceTd\" colspan=\"1\" rowspan=\"1\" data-local-id=\"a19701ab-2cf7-45f8-b035-ff4025538263\"><strong>+:<\/strong><\/td>\n<td class=\"confluenceTd\" colspan=\"1\" rowspan=\"1\" data-local-id=\"da3e85c7-8f09-45b9-9ca4-29a09946fbef\">24 V\u2393 positiivne juhe<\/td>\n<\/tr>\n<tr data-local-id=\"46ae045f-6d06-4a52-98f3-d0552d3bbe4c\">\n<td class=\"confluenceTd\" colspan=\"1\" rowspan=\"1\" data-local-id=\"e36ccddb-fd11-47fc-91e2-53e047488aef\"><strong>S1, S2<\/strong><\/td>\n<td class=\"confluenceTd\" colspan=\"1\" rowspan=\"1\" data-local-id=\"6cefbf0d-694a-4ec2-bb3b-7f697c4b8075\">L\u00fcliti sisend \u2013 siia l\u00fclitatakse faas<\/td>\n<td class=\"confluenceTd\" colspan=\"1\" rowspan=\"1\" data-local-id=\"48243ff8-db4e-4f5a-b7e9-e3c773871225\"><strong>&#8211;<\/strong><\/td>\n<td class=\"confluenceTd\" colspan=\"1\" rowspan=\"1\" data-local-id=\"a9f731ea-b0f9-43d7-a94a-446f3fcb9910\">24 V\u2393 negatiivne juhe<\/td>\n<\/tr>\n<tr data-local-id=\"7eeadaf6-b119-4e6b-80ca-c70ccfb08c0b\">\n<td class=\"confluenceTd\" colspan=\"1\" rowspan=\"1\" data-local-id=\"9c05730d-d2ec-433b-b540-a42a85fc3b9c\"><strong>+:<\/strong><\/td>\n<td class=\"confluenceTd\" colspan=\"1\" rowspan=\"1\" data-local-id=\"408ff204-3e32-4f71-b1f3-3b2d16cb7430\">24V\u2393 positiivne klemm<\/td>\n<td class=\"confluenceTd\" colspan=\"1\" rowspan=\"1\" data-local-id=\"3b5d92a6-bbfb-474e-870b-04b9ae13e148\"><\/td>\n<td class=\"confluenceTd\" colspan=\"1\" rowspan=\"1\" data-local-id=\"e838f736-8dd9-4273-80fa-86de0b54a82d\"><\/td>\n<\/tr>\n<tr data-local-id=\"45b9cf09-d76c-4b9b-9bdd-273d32078ca1\">\n<td class=\"confluenceTd\" colspan=\"1\" rowspan=\"1\" data-local-id=\"ce2adde3-4792-445b-ba0c-5819b324bebf\"><strong>\ua7b1:<\/strong><\/td>\n<td class=\"confluenceTd\" colspan=\"1\" rowspan=\"1\" data-local-id=\"80213d1f-4c6e-443d-8c2b-10b65021247e\">24V\u2393 negatiivne klemm<\/td>\n<td class=\"confluenceTd\" colspan=\"1\" rowspan=\"1\" data-local-id=\"d3e30122-02d5-4ab4-a7d5-431c9d2ff613\"><\/td>\n<td class=\"confluenceTd\" colspan=\"1\" rowspan=\"1\" data-local-id=\"a58b3650-4b1e-4cf9-b4fc-45f25b21bd91\"><\/td>\n<\/tr>\n<\/tbody>\n<\/table>\n<p data-start=\"869\" data-end=\"1004\" data-is-last-node=\"\"><a href=\"https:\/\/shelly.ee\/wp-content\/uploads\/2026\/03\/EN_User-and-safety-guide-Shelly-2PM-Gen4.pdf\">EN_User and safety guide Shelly 2PM Gen4<\/a><\/p>\n<p data-start=\"869\" data-end=\"1004\" data-is-last-node=\"\"><a href=\"https:\/\/shelly.ee\/wp-content\/uploads\/2026\/03\/ET_Kasutus-ja-ohutusjuhend-Shelly-2PM-Gen4.pdf\">ET_Kasutus- ja ohutusjuhend Shelly 2PM Gen4<\/a><\/p>","protected":false},"excerpt":{"rendered":"<p>Dual-channel smart relay for controlling curtains, blinds and shutters. Enables energy consumption measurement and multi-protocol support (Wi-Fi, Zigbee, Matter, Bluetooth).<\/p>","protected":false},"featured_media":849,"template":"","meta":{"_kadence_starter_templates_imported_post":false,"_kad_post_transparent":"default","_kad_post_title":"","_kad_post_layout":"default","_kad_post_sidebar_id":"","_kad_post_content_style":"default","_kad_post_vertical_padding":"default","_kad_post_feature":"","_kad_post_feature_position":"","_kad_post_header":false,"_kad_post_footer":false,"_kad_post_classname":""},"product_brand":[],"product_cat":[104,22],"product_tag":[],"class_list":{"0":"post-848","1":"product","2":"type-product","3":"status-publish","4":"has-post-thumbnail","6":"product_cat-energiaarvestid","7":"product_cat-nutireleed-ja-dimmerid","9":"first","10":"instock","11":"shipping-taxable","12":"product-type-external","13":"entry","14":"content-bg","15":"loop-entry"},"yoast_head":"<!-- This site is optimized with the Yoast SEO plugin v27.6 - https:\/\/yoast.com\/product\/yoast-seo-wordpress\/ -->\n<title>Shelly 2PM Gen4 - Shelly<\/title>\n<meta name=\"robots\" content=\"index, follow, max-snippet:-1, max-image-preview:large, max-video-preview:-1\" \/>\n<link rel=\"canonical\" href=\"https:\/\/shelly.ee\/en\/product\/shelly-2pm-gen4\/\" \/>\n<meta property=\"og:locale\" content=\"en_US\" \/>\n<meta property=\"og:type\" content=\"article\" \/>\n<meta property=\"og:title\" content=\"Shelly 2PM Gen4 - Shelly\" \/>\n<meta property=\"og:description\" content=\"Kahekanaliline nutirelee kardinate, ruloode ja aknaluukide juhtimiseks. V\u00f5imaldab energiatarbimise m\u00f5\u00f5tmist ja mitme protokolli tuge (Wi-Fi, Zigbee, Matter, Bluetooth).\" \/>\n<meta property=\"og:url\" content=\"https:\/\/shelly.ee\/en\/product\/shelly-2pm-gen4\/\" \/>\n<meta property=\"og:site_name\" content=\"Shelly\" \/>\n<meta property=\"article:publisher\" content=\"https:\/\/www.facebook.com\/groups\/ShellyIoTCommunitySupport\/\" \/>\n<meta property=\"article:modified_time\" content=\"2026-04-22T08:19:16+00:00\" \/>\n<meta property=\"og:image\" content=\"https:\/\/shelly.ee\/wp-content\/uploads\/2026\/03\/Shelly-2PM-Gen4-main-image.webp\" \/>\n\t<meta property=\"og:image:width\" content=\"800\" \/>\n\t<meta property=\"og:image:height\" content=\"800\" \/>\n\t<meta property=\"og:image:type\" content=\"image\/webp\" \/>\n<meta name=\"twitter:card\" content=\"summary_large_image\" \/>\n<meta name=\"twitter:site\" content=\"@shelly_iot\" \/>\n<meta name=\"twitter:label1\" content=\"Est. reading time\" \/>\n\t<meta name=\"twitter:data1\" content=\"2 minutes\" \/>\n<script type=\"application\/ld+json\" class=\"yoast-schema-graph\">{\"@context\":\"https:\\\/\\\/schema.org\",\"@graph\":[{\"@type\":\"WebPage\",\"@id\":\"https:\\\/\\\/shelly.ee\\\/toode\\\/shelly-2pm-gen4\\\/\",\"url\":\"https:\\\/\\\/shelly.ee\\\/toode\\\/shelly-2pm-gen4\\\/\",\"name\":\"Shelly 2PM Gen4 - Shelly\",\"isPartOf\":{\"@id\":\"https:\\\/\\\/shelly.ee\\\/#website\"},\"primaryImageOfPage\":{\"@id\":\"https:\\\/\\\/shelly.ee\\\/toode\\\/shelly-2pm-gen4\\\/#primaryimage\"},\"image\":{\"@id\":\"https:\\\/\\\/shelly.ee\\\/toode\\\/shelly-2pm-gen4\\\/#primaryimage\"},\"thumbnailUrl\":\"https:\\\/\\\/shelly.ee\\\/wp-content\\\/uploads\\\/2026\\\/03\\\/Shelly-2PM-Gen4-main-image.webp\",\"datePublished\":\"2026-03-23T10:57:33+00:00\",\"dateModified\":\"2026-04-22T08:19:16+00:00\",\"breadcrumb\":{\"@id\":\"https:\\\/\\\/shelly.ee\\\/toode\\\/shelly-2pm-gen4\\\/#breadcrumb\"},\"inLanguage\":\"en-US\",\"potentialAction\":[{\"@type\":\"ReadAction\",\"target\":[\"https:\\\/\\\/shelly.ee\\\/toode\\\/shelly-2pm-gen4\\\/\"]}]},{\"@type\":\"ImageObject\",\"inLanguage\":\"en-US\",\"@id\":\"https:\\\/\\\/shelly.ee\\\/toode\\\/shelly-2pm-gen4\\\/#primaryimage\",\"url\":\"https:\\\/\\\/shelly.ee\\\/wp-content\\\/uploads\\\/2026\\\/03\\\/Shelly-2PM-Gen4-main-image.webp\",\"contentUrl\":\"https:\\\/\\\/shelly.ee\\\/wp-content\\\/uploads\\\/2026\\\/03\\\/Shelly-2PM-Gen4-main-image.webp\",\"width\":800,\"height\":800},{\"@type\":\"BreadcrumbList\",\"@id\":\"https:\\\/\\\/shelly.ee\\\/toode\\\/shelly-2pm-gen4\\\/#breadcrumb\",\"itemListElement\":[{\"@type\":\"ListItem\",\"position\":1,\"name\":\"Home\",\"item\":\"https:\\\/\\\/shelly.ee\\\/\"},{\"@type\":\"ListItem\",\"position\":2,\"name\":\"Pood\",\"item\":\"https:\\\/\\\/shelly.ee\\\/pood\\\/\"},{\"@type\":\"ListItem\",\"position\":3,\"name\":\"Shelly 2PM Gen4\"}]},{\"@type\":\"WebSite\",\"@id\":\"https:\\\/\\\/shelly.ee\\\/#website\",\"url\":\"https:\\\/\\\/shelly.ee\\\/\",\"name\":\"Shelly Eesti\",\"description\":\"T&otilde;hus nutikodu automaatika\",\"publisher\":{\"@id\":\"https:\\\/\\\/shelly.ee\\\/#organization\"},\"alternateName\":\"Shelly Estonia\",\"potentialAction\":[{\"@type\":\"SearchAction\",\"target\":{\"@type\":\"EntryPoint\",\"urlTemplate\":\"https:\\\/\\\/shelly.ee\\\/?s={search_term_string}\"},\"query-input\":{\"@type\":\"PropertyValueSpecification\",\"valueRequired\":true,\"valueName\":\"search_term_string\"}}],\"inLanguage\":\"en-US\"},{\"@type\":\"Organization\",\"@id\":\"https:\\\/\\\/shelly.ee\\\/#organization\",\"name\":\"Shelly\",\"alternateName\":\"Shelly Estonia\",\"url\":\"https:\\\/\\\/shelly.ee\\\/\",\"logo\":{\"@type\":\"ImageObject\",\"inLanguage\":\"en-US\",\"@id\":\"https:\\\/\\\/shelly.ee\\\/#\\\/schema\\\/logo\\\/image\\\/\",\"url\":\"https:\\\/\\\/shelly.ee\\\/wp-content\\\/uploads\\\/2024\\\/01\\\/cropped-apple-touch-icon-120x120-1.png\",\"contentUrl\":\"https:\\\/\\\/shelly.ee\\\/wp-content\\\/uploads\\\/2024\\\/01\\\/cropped-apple-touch-icon-120x120-1.png\",\"width\":512,\"height\":512,\"caption\":\"Shelly\"},\"image\":{\"@id\":\"https:\\\/\\\/shelly.ee\\\/#\\\/schema\\\/logo\\\/image\\\/\"},\"sameAs\":[\"https:\\\/\\\/www.facebook.com\\\/groups\\\/ShellyIoTCommunitySupport\\\/\",\"https:\\\/\\\/x.com\\\/shelly_iot\",\"https:\\\/\\\/www.instagram.com\\\/shelly.iot\\\/\",\"https:\\\/\\\/www.youtube.com\\\/channel\\\/UCbsZRChOGBmMXx9-6PhCxdw\"]}]}<\/script>\n<!-- \/ Yoast SEO plugin. -->","yoast_head_json":{"title":"Shelly 2PM Gen4 - Shelly","robots":{"index":"index","follow":"follow","max-snippet":"max-snippet:-1","max-image-preview":"max-image-preview:large","max-video-preview":"max-video-preview:-1"},"canonical":"https:\/\/shelly.ee\/en\/product\/shelly-2pm-gen4\/","og_locale":"en_US","og_type":"article","og_title":"Shelly 2PM Gen4 - Shelly","og_description":"Kahekanaliline nutirelee kardinate, ruloode ja aknaluukide juhtimiseks. V\u00f5imaldab energiatarbimise m\u00f5\u00f5tmist ja mitme protokolli tuge (Wi-Fi, Zigbee, Matter, Bluetooth).","og_url":"https:\/\/shelly.ee\/en\/product\/shelly-2pm-gen4\/","og_site_name":"Shelly","article_publisher":"https:\/\/www.facebook.com\/groups\/ShellyIoTCommunitySupport\/","article_modified_time":"2026-04-22T08:19:16+00:00","og_image":[{"width":800,"height":800,"url":"https:\/\/shelly.ee\/wp-content\/uploads\/2026\/03\/Shelly-2PM-Gen4-main-image.webp","type":"image\/webp"}],"twitter_card":"summary_large_image","twitter_site":"@shelly_iot","twitter_misc":{"Est. reading time":"2 minutes"},"schema":{"@context":"https:\/\/schema.org","@graph":[{"@type":"WebPage","@id":"https:\/\/shelly.ee\/toode\/shelly-2pm-gen4\/","url":"https:\/\/shelly.ee\/toode\/shelly-2pm-gen4\/","name":"Shelly 2PM Gen4 - Shelly","isPartOf":{"@id":"https:\/\/shelly.ee\/#website"},"primaryImageOfPage":{"@id":"https:\/\/shelly.ee\/toode\/shelly-2pm-gen4\/#primaryimage"},"image":{"@id":"https:\/\/shelly.ee\/toode\/shelly-2pm-gen4\/#primaryimage"},"thumbnailUrl":"https:\/\/shelly.ee\/wp-content\/uploads\/2026\/03\/Shelly-2PM-Gen4-main-image.webp","datePublished":"2026-03-23T10:57:33+00:00","dateModified":"2026-04-22T08:19:16+00:00","breadcrumb":{"@id":"https:\/\/shelly.ee\/toode\/shelly-2pm-gen4\/#breadcrumb"},"inLanguage":"en-US","potentialAction":[{"@type":"ReadAction","target":["https:\/\/shelly.ee\/toode\/shelly-2pm-gen4\/"]}]},{"@type":"ImageObject","inLanguage":"en-US","@id":"https:\/\/shelly.ee\/toode\/shelly-2pm-gen4\/#primaryimage","url":"https:\/\/shelly.ee\/wp-content\/uploads\/2026\/03\/Shelly-2PM-Gen4-main-image.webp","contentUrl":"https:\/\/shelly.ee\/wp-content\/uploads\/2026\/03\/Shelly-2PM-Gen4-main-image.webp","width":800,"height":800},{"@type":"BreadcrumbList","@id":"https:\/\/shelly.ee\/toode\/shelly-2pm-gen4\/#breadcrumb","itemListElement":[{"@type":"ListItem","position":1,"name":"Home","item":"https:\/\/shelly.ee\/"},{"@type":"ListItem","position":2,"name":"Pood","item":"https:\/\/shelly.ee\/pood\/"},{"@type":"ListItem","position":3,"name":"Shelly 2PM Gen4"}]},{"@type":"WebSite","@id":"https:\/\/shelly.ee\/#website","url":"https:\/\/shelly.ee\/","name":"Shelly Eesti","description":"T&otilde;hus nutikodu automaatika","publisher":{"@id":"https:\/\/shelly.ee\/#organization"},"alternateName":"Shelly Estonia","potentialAction":[{"@type":"SearchAction","target":{"@type":"EntryPoint","urlTemplate":"https:\/\/shelly.ee\/?s={search_term_string}"},"query-input":{"@type":"PropertyValueSpecification","valueRequired":true,"valueName":"search_term_string"}}],"inLanguage":"en-US"},{"@type":"Organization","@id":"https:\/\/shelly.ee\/#organization","name":"Shelly's","alternateName":"Shelly Estonia","url":"https:\/\/shelly.ee\/","logo":{"@type":"ImageObject","inLanguage":"en-US","@id":"https:\/\/shelly.ee\/#\/schema\/logo\/image\/","url":"https:\/\/shelly.ee\/wp-content\/uploads\/2024\/01\/cropped-apple-touch-icon-120x120-1.png","contentUrl":"https:\/\/shelly.ee\/wp-content\/uploads\/2024\/01\/cropped-apple-touch-icon-120x120-1.png","width":512,"height":512,"caption":"Shelly"},"image":{"@id":"https:\/\/shelly.ee\/#\/schema\/logo\/image\/"},"sameAs":["https:\/\/www.facebook.com\/groups\/ShellyIoTCommunitySupport\/","https:\/\/x.com\/shelly_iot","https:\/\/www.instagram.com\/shelly.iot\/","https:\/\/www.youtube.com\/channel\/UCbsZRChOGBmMXx9-6PhCxdw"]}]}},"_links":{"self":[{"href":"https:\/\/shelly.ee\/en\/wp-json\/wp\/v2\/product\/848","targetHints":{"allow":["GET"]}}],"collection":[{"href":"https:\/\/shelly.ee\/en\/wp-json\/wp\/v2\/product"}],"about":[{"href":"https:\/\/shelly.ee\/en\/wp-json\/wp\/v2\/types\/product"}],"wp:featuredmedia":[{"embeddable":true,"href":"https:\/\/shelly.ee\/en\/wp-json\/wp\/v2\/media\/849"}],"wp:attachment":[{"href":"https:\/\/shelly.ee\/en\/wp-json\/wp\/v2\/media?parent=848"}],"wp:term":[{"taxonomy":"product_brand","embeddable":true,"href":"https:\/\/shelly.ee\/en\/wp-json\/wp\/v2\/product_brand?post=848"},{"taxonomy":"product_cat","embeddable":true,"href":"https:\/\/shelly.ee\/en\/wp-json\/wp\/v2\/product_cat?post=848"},{"taxonomy":"product_tag","embeddable":true,"href":"https:\/\/shelly.ee\/en\/wp-json\/wp\/v2\/product_tag?post=848"}],"curies":[{"name":"wp","href":"https:\/\/api.w.org\/{rel}","templated":true}]}}