{"id":855,"date":"2026-03-23T11:14:50","date_gmt":"2026-03-23T11:14:50","guid":{"rendered":"https:\/\/shelly.ee\/?post_type=product&#038;p=855"},"modified":"2026-04-22T07:58:12","modified_gmt":"2026-04-22T07:58:12","slug":"shelly-1pm-gen4","status":"publish","type":"product","link":"https:\/\/shelly.ee\/en\/product\/shelly-1pm-gen4\/","title":{"rendered":"Shelly 1PM Gen4"},"content":{"rendered":"<ul>\n<li data-section-id=\"1r0erft\" data-start=\"0\" data-end=\"72\">\n<p data-start=\"2\" data-end=\"72\">New \u2013 multi-protocol support: choose between Bluetooth, Wi-Fi or Zigbee<\/p>\n<\/li>\n<li data-section-id=\"1m871p6\" data-start=\"73\" data-end=\"101\">\n<p data-start=\"75\" data-end=\"101\">New - Matter certificate<\/p>\n<\/li>\n<li data-section-id=\"ccfy4c\" data-start=\"102\" data-end=\"166\">\n<p data-start=\"104\" data-end=\"166\">New - Wi-Fi and Zigbee range extender and Bluetooth gateway<\/p>\n<\/li>\n<li data-section-id=\"zsjdto\" data-start=\"167\" data-end=\"272\">\n<p data-start=\"169\" data-end=\"272\">Energy consumption measurement \u2013 accurate real-time energy usage monitoring and free data storage for analysis<\/p>\n<\/li>\n<li data-section-id=\"1nl85pb\" data-start=\"273\" data-end=\"302\">\n<p data-start=\"275\" data-end=\"302\">Low and high voltage support<\/p>\n<\/li>\n<li data-section-id=\"hj28cr\" data-start=\"303\" data-end=\"379\">\n<p data-start=\"305\" data-end=\"379\">Suitable for installation behind existing switches and sockets (retrofit)<\/p>\n<\/li>\n<li data-section-id=\"kghtcr\" data-start=\"380\" data-end=\"437\">\n<p data-start=\"382\" data-end=\"437\">Supports schedules, scenes, and local actions<\/p>\n<\/li>\n<li data-section-id=\"1lezjpe\" data-start=\"438\" data-end=\"520\">\n<p data-start=\"440\" data-end=\"520\">Supports scripting, HTTPS, MQTTS and inbound and outbound WebSockets<\/p>\n<\/li>\n<li data-section-id=\"1niu8zc\" data-start=\"521\" data-end=\"555\">\n<p data-start=\"523\" data-end=\"555\">Supports virtual components<\/p>\n<\/li>\n<li data-section-id=\"1f6wda8\" data-start=\"556\" data-end=\"595\">\n<p data-start=\"558\" data-end=\"595\">Supports KNXnet\/IP communication<\/p>\n<\/li>\n<li data-section-id=\"7zn7jg\" data-start=\"596\" data-end=\"655\">\n<p data-start=\"598\" data-end=\"655\">Built-in temperature sensor for overheating protection<\/p>\n<\/li>\n<li data-section-id=\"19gl69x\" data-start=\"656\" data-end=\"839\" data-is-last-node=\"\">\n<p data-start=\"658\" data-end=\"839\" data-is-last-node=\"\">No hub required! Easy control via the Shelly Smart Control app, various platforms and protocols, and voice assistants (Alexa, Siri, Home Assistant, Apple HomeKit, etc.)<\/p>\n<\/li>\n<\/ul>\n<h3 id=\"Wiringdiagrams-Legend\" tabindex=\"-1\">\u00dchendusskeemi legend<\/h3>\n<table class=\"confluenceTable tablesorter tablesorter-default tablesorter1603c9fd3a1978\" role=\"grid\" data-layout=\"default\" data-local-id=\"b63231dc-57d0-4dbc-a039-05a0215a9837\">\n<thead><\/thead>\n<tbody aria-live=\"polite\" aria-relevant=\"all\">\n<tr role=\"row\" data-local-id=\"37ebf954-4c59-4485-96fd-b6654ad5ad53\">\n<td class=\"confluenceTd\" colspan=\"1\" rowspan=\"1\" data-local-id=\"c1c41d50-21cb-4352-8f00-1a48bbc34a4d\"><strong>O<\/strong><\/td>\n<td class=\"confluenceTd\" colspan=\"1\" rowspan=\"1\" data-local-id=\"c69c4da7-dee3-4c8f-a919-c09729dbfcab\">\n<table class=\"confluenceTable\" data-layout=\"default\" data-local-id=\"e7390462-348c-4bb6-8018-3f5ffcc7a4dd\">\n<tbody>\n<tr data-local-id=\"09aa0c1a-12e6-45b0-9a85-f9522cd129ed\">\n<td class=\"confluenceTd\" colspan=\"1\" rowspan=\"1\" data-local-id=\"e7847c8a-9a32-497f-9921-341b7714ab05\">Koormus (lamp) \u2013 siia tekib faas<\/td>\n<\/tr>\n<\/tbody>\n<\/table>\n<\/td>\n<td class=\"confluenceTd\" colspan=\"1\" rowspan=\"1\" data-local-id=\"8531f99a-1a51-4b96-9a1c-ab5e1e79be74\"><strong>L<\/strong><\/td>\n<td class=\"confluenceTd\" colspan=\"1\" rowspan=\"1\" data-local-id=\"d24d4ec2-c837-4228-956d-a79e4b7cf4f5\">Faas (110-240 V~) juhe<\/td>\n<\/tr>\n<tr role=\"row\" data-local-id=\"39e3a874-eeac-4458-adfc-93eba8a95d00\">\n<td class=\"confluenceTd\" colspan=\"1\" rowspan=\"1\" data-local-id=\"5523f819-6801-446d-820a-5284c6c24385\"><strong>SW<\/strong><\/td>\n<td class=\"confluenceTd\" colspan=\"1\" rowspan=\"1\" data-local-id=\"6ae55d52-80eb-46cd-910f-fd67b8cd6fef\">L\u00fcliti sisend \u2013 siia l\u00fclitatakse faas<\/td>\n<td class=\"confluenceTd\" colspan=\"1\" rowspan=\"1\" data-local-id=\"4bd67e8a-04df-466a-a22a-6b37d9564c5b\">+<\/td>\n<td class=\"confluenceTd\" colspan=\"1\" rowspan=\"1\" data-local-id=\"fd1eddd5-31f7-4a99-8108-3a26ff6cec41\">24-30V \u2393 + juhe<\/td>\n<\/tr>\n<tr role=\"row\" data-local-id=\"2780be0b-5f8b-4f99-8c46-db15a2bb6826\">\n<td class=\"confluenceTd\" colspan=\"1\" rowspan=\"1\" data-local-id=\"bed610bc-b025-4588-a7a2-e1d5b6c205af\"><strong>L<\/strong><\/td>\n<td class=\"confluenceTd\" colspan=\"1\" rowspan=\"1\" data-local-id=\"b5b633fb-210a-4a53-ae26-65bc7e74874d\">\n<table class=\"confluenceTable\" data-layout=\"default\" data-local-id=\"e7390462-348c-4bb6-8018-3f5ffcc7a4dd\">\n<tbody>\n<tr data-local-id=\"efc08ed2-bf05-421a-9d33-6b31fd1f60ef\">\n<td class=\"confluenceTd\" colspan=\"1\" rowspan=\"1\" data-local-id=\"241c7014-6ab2-466f-a105-c001f5588b28\">Faas (110\u2013240 V~) juhe<\/td>\n<\/tr>\n<\/tbody>\n<\/table>\n<\/td>\n<td class=\"confluenceTd\" colspan=\"1\" rowspan=\"1\" data-local-id=\"07f4ecb1-4a31-4f25-9956-3f33f147835a\"><strong>N<\/strong><\/td>\n<td class=\"confluenceTd\" colspan=\"1\" rowspan=\"1\" data-local-id=\"0979a7d5-9dfb-45f6-93f5-e24014897205\">Neutraali juhe<\/td>\n<\/tr>\n<tr role=\"row\" data-local-id=\"fb12cd3c-064b-48a3-ba55-df9971f99f5f\">\n<td class=\"confluenceTd\" colspan=\"1\" rowspan=\"1\" data-local-id=\"2dec3d0d-57aa-4103-bf49-d2c2a83373d4\"><strong>N<\/strong><\/td>\n<td class=\"confluenceTd\" colspan=\"1\" rowspan=\"1\" data-local-id=\"c6e04a1d-a3ed-45cd-9839-cada0126f7a3\">Neutraali klemm<\/td>\n<td class=\"confluenceTd\" colspan=\"1\" rowspan=\"1\" data-local-id=\"3a2a8d72-5ee8-4f25-b8e7-8be63249f52a\"><\/td>\n<td class=\"confluenceTd\" colspan=\"1\" rowspan=\"1\" data-local-id=\"3c02203a-a58f-4206-9d79-2c050b2dc85b\"><\/td>\n<\/tr>\n<tr role=\"row\" data-local-id=\"0ff5af56-0985-44b9-b232-2ef07810f78c\">\n<td class=\"confluenceTd\" colspan=\"1\" rowspan=\"1\" data-local-id=\"6e45388c-5754-49da-b28a-4f12b16923cf\"><strong>+<\/strong><\/td>\n<td class=\"confluenceTd\" colspan=\"1\" rowspan=\"1\" data-local-id=\"46087261-2bcb-481e-a3b1-27ec93ae3008\">24-30 V\u2393 + klemm<\/td>\n<td class=\"confluenceTd\" colspan=\"1\" rowspan=\"1\" data-local-id=\"8a440ae8-5da1-4001-8af1-8052ea16ee18\"><\/td>\n<td class=\"confluenceTd\" colspan=\"1\" rowspan=\"1\" data-local-id=\"c70fa803-08ee-4d3c-99b7-874e2dbd7a78\"><\/td>\n<\/tr>\n<tr role=\"row\" data-local-id=\"fa84445f-94be-4529-aa34-dd56701c76ae\">\n<td class=\"confluenceTd\" colspan=\"1\" rowspan=\"1\" data-local-id=\"918f3f4f-9970-4818-a347-e29c5f7a8490\"><strong>\ua7b1<\/strong><\/td>\n<td class=\"confluenceTd\" colspan=\"1\" rowspan=\"1\" data-local-id=\"fc165180-d59f-4a24-acaf-fa4a3f649dae\">24-30V\u2393 maanduse klemm<\/td>\n<td class=\"confluenceTd\" colspan=\"1\" rowspan=\"1\" data-local-id=\"beadece0-edda-42ed-84fd-b22101ab7830\"><\/td>\n<td class=\"confluenceTd\" colspan=\"1\" rowspan=\"1\" data-local-id=\"0b88c533-3cd7-40d9-8e79-4b48015ed999\"><\/td>\n<\/tr>\n<\/tbody>\n<\/table>\n<p><a href=\"https:\/\/shelly.ee\/wp-content\/uploads\/2026\/03\/Shelly-1PM-Gen-4-multilingual-printed-user-and-safety-guide.pdf\">Shelly 1PM Gen 4 multilingual printed user and safety guide<\/a><\/p>","protected":false},"excerpt":{"rendered":"<p>Compact smart switch with energy consumption measurement, multi-protocol support and fast performance. Ideal for controlling lighting and devices, enables remote control and helps save energy<\/p>","protected":false},"featured_media":832,"template":"","meta":{"_kadence_starter_templates_imported_post":false,"_kad_post_transparent":"default","_kad_post_title":"","_kad_post_layout":"default","_kad_post_sidebar_id":"","_kad_post_content_style":"default","_kad_post_vertical_padding":"default","_kad_post_feature":"","_kad_post_feature_position":"","_kad_post_header":false,"_kad_post_footer":false,"_kad_post_classname":""},"product_brand":[],"product_cat":[104,22],"product_tag":[],"class_list":{"0":"post-855","1":"product","2":"type-product","3":"status-publish","4":"has-post-thumbnail","6":"product_cat-energiaarvestid","7":"product_cat-nutireleed-ja-dimmerid","9":"first","10":"instock","11":"shipping-taxable","12":"product-type-external","13":"entry","14":"content-bg","15":"loop-entry"},"yoast_head":"<!-- This site is optimized with the Yoast SEO plugin v27.6 - https:\/\/yoast.com\/product\/yoast-seo-wordpress\/ -->\n<title>Shelly 1PM Gen4 - Shelly<\/title>\n<meta name=\"robots\" content=\"index, follow, max-snippet:-1, max-image-preview:large, max-video-preview:-1\" \/>\n<link rel=\"canonical\" href=\"https:\/\/shelly.ee\/en\/product\/shelly-1pm-gen4\/\" \/>\n<meta property=\"og:locale\" content=\"en_US\" \/>\n<meta property=\"og:type\" content=\"article\" \/>\n<meta property=\"og:title\" content=\"Shelly 1PM Gen4 - Shelly\" \/>\n<meta property=\"og:description\" content=\"Kompaktne nutikas l\u00fcliti energiatarbimise m\u00f5\u00f5tmise, mitme protokolli toe ja kiire t\u00f6\u00f6v\u00f5imega. Ideaalne valgustuse ja seadmete juhtimiseks, v\u00f5imaldab kaugjuhtimist ning aitab s\u00e4\u00e4sta energiat.\" \/>\n<meta property=\"og:url\" content=\"https:\/\/shelly.ee\/en\/product\/shelly-1pm-gen4\/\" \/>\n<meta property=\"og:site_name\" content=\"Shelly\" \/>\n<meta property=\"article:publisher\" content=\"https:\/\/www.facebook.com\/groups\/ShellyIoTCommunitySupport\/\" \/>\n<meta property=\"article:modified_time\" content=\"2026-04-22T07:58:12+00:00\" \/>\n<meta property=\"og:image\" content=\"https:\/\/shelly.ee\/wp-content\/uploads\/2026\/03\/Shelly-1PM-Gen4-main-image.webp\" \/>\n\t<meta property=\"og:image:width\" content=\"800\" \/>\n\t<meta property=\"og:image:height\" content=\"800\" \/>\n\t<meta property=\"og:image:type\" content=\"image\/webp\" \/>\n<meta name=\"twitter:card\" content=\"summary_large_image\" \/>\n<meta name=\"twitter:site\" content=\"@shelly_iot\" \/>\n<meta name=\"twitter:label1\" content=\"Est. reading time\" \/>\n\t<meta name=\"twitter:data1\" content=\"1 minute\" \/>\n<script type=\"application\/ld+json\" class=\"yoast-schema-graph\">{\"@context\":\"https:\\\/\\\/schema.org\",\"@graph\":[{\"@type\":\"WebPage\",\"@id\":\"https:\\\/\\\/shelly.ee\\\/toode\\\/shelly-1pm-gen4\\\/\",\"url\":\"https:\\\/\\\/shelly.ee\\\/toode\\\/shelly-1pm-gen4\\\/\",\"name\":\"Shelly 1PM Gen4 - Shelly\",\"isPartOf\":{\"@id\":\"https:\\\/\\\/shelly.ee\\\/#website\"},\"primaryImageOfPage\":{\"@id\":\"https:\\\/\\\/shelly.ee\\\/toode\\\/shelly-1pm-gen4\\\/#primaryimage\"},\"image\":{\"@id\":\"https:\\\/\\\/shelly.ee\\\/toode\\\/shelly-1pm-gen4\\\/#primaryimage\"},\"thumbnailUrl\":\"https:\\\/\\\/shelly.ee\\\/wp-content\\\/uploads\\\/2026\\\/03\\\/Shelly-1PM-Gen4-main-image.webp\",\"datePublished\":\"2026-03-23T11:14:50+00:00\",\"dateModified\":\"2026-04-22T07:58:12+00:00\",\"breadcrumb\":{\"@id\":\"https:\\\/\\\/shelly.ee\\\/toode\\\/shelly-1pm-gen4\\\/#breadcrumb\"},\"inLanguage\":\"en-US\",\"potentialAction\":[{\"@type\":\"ReadAction\",\"target\":[\"https:\\\/\\\/shelly.ee\\\/toode\\\/shelly-1pm-gen4\\\/\"]}]},{\"@type\":\"ImageObject\",\"inLanguage\":\"en-US\",\"@id\":\"https:\\\/\\\/shelly.ee\\\/toode\\\/shelly-1pm-gen4\\\/#primaryimage\",\"url\":\"https:\\\/\\\/shelly.ee\\\/wp-content\\\/uploads\\\/2026\\\/03\\\/Shelly-1PM-Gen4-main-image.webp\",\"contentUrl\":\"https:\\\/\\\/shelly.ee\\\/wp-content\\\/uploads\\\/2026\\\/03\\\/Shelly-1PM-Gen4-main-image.webp\",\"width\":800,\"height\":800},{\"@type\":\"BreadcrumbList\",\"@id\":\"https:\\\/\\\/shelly.ee\\\/toode\\\/shelly-1pm-gen4\\\/#breadcrumb\",\"itemListElement\":[{\"@type\":\"ListItem\",\"position\":1,\"name\":\"Home\",\"item\":\"https:\\\/\\\/shelly.ee\\\/\"},{\"@type\":\"ListItem\",\"position\":2,\"name\":\"Pood\",\"item\":\"https:\\\/\\\/shelly.ee\\\/pood\\\/\"},{\"@type\":\"ListItem\",\"position\":3,\"name\":\"Shelly 1PM Gen4\"}]},{\"@type\":\"WebSite\",\"@id\":\"https:\\\/\\\/shelly.ee\\\/#website\",\"url\":\"https:\\\/\\\/shelly.ee\\\/\",\"name\":\"Shelly Eesti\",\"description\":\"T&otilde;hus nutikodu automaatika\",\"publisher\":{\"@id\":\"https:\\\/\\\/shelly.ee\\\/#organization\"},\"alternateName\":\"Shelly Estonia\",\"potentialAction\":[{\"@type\":\"SearchAction\",\"target\":{\"@type\":\"EntryPoint\",\"urlTemplate\":\"https:\\\/\\\/shelly.ee\\\/?s={search_term_string}\"},\"query-input\":{\"@type\":\"PropertyValueSpecification\",\"valueRequired\":true,\"valueName\":\"search_term_string\"}}],\"inLanguage\":\"en-US\"},{\"@type\":\"Organization\",\"@id\":\"https:\\\/\\\/shelly.ee\\\/#organization\",\"name\":\"Shelly\",\"alternateName\":\"Shelly Estonia\",\"url\":\"https:\\\/\\\/shelly.ee\\\/\",\"logo\":{\"@type\":\"ImageObject\",\"inLanguage\":\"en-US\",\"@id\":\"https:\\\/\\\/shelly.ee\\\/#\\\/schema\\\/logo\\\/image\\\/\",\"url\":\"https:\\\/\\\/shelly.ee\\\/wp-content\\\/uploads\\\/2024\\\/01\\\/cropped-apple-touch-icon-120x120-1.png\",\"contentUrl\":\"https:\\\/\\\/shelly.ee\\\/wp-content\\\/uploads\\\/2024\\\/01\\\/cropped-apple-touch-icon-120x120-1.png\",\"width\":512,\"height\":512,\"caption\":\"Shelly\"},\"image\":{\"@id\":\"https:\\\/\\\/shelly.ee\\\/#\\\/schema\\\/logo\\\/image\\\/\"},\"sameAs\":[\"https:\\\/\\\/www.facebook.com\\\/groups\\\/ShellyIoTCommunitySupport\\\/\",\"https:\\\/\\\/x.com\\\/shelly_iot\",\"https:\\\/\\\/www.instagram.com\\\/shelly.iot\\\/\",\"https:\\\/\\\/www.youtube.com\\\/channel\\\/UCbsZRChOGBmMXx9-6PhCxdw\"]}]}<\/script>\n<!-- \/ Yoast SEO plugin. -->","yoast_head_json":{"title":"Shelly 1PM Gen4 - Shelly","robots":{"index":"index","follow":"follow","max-snippet":"max-snippet:-1","max-image-preview":"max-image-preview:large","max-video-preview":"max-video-preview:-1"},"canonical":"https:\/\/shelly.ee\/en\/product\/shelly-1pm-gen4\/","og_locale":"en_US","og_type":"article","og_title":"Shelly 1PM Gen4 - Shelly","og_description":"Kompaktne nutikas l\u00fcliti energiatarbimise m\u00f5\u00f5tmise, mitme protokolli toe ja kiire t\u00f6\u00f6v\u00f5imega. Ideaalne valgustuse ja seadmete juhtimiseks, v\u00f5imaldab kaugjuhtimist ning aitab s\u00e4\u00e4sta energiat.","og_url":"https:\/\/shelly.ee\/en\/product\/shelly-1pm-gen4\/","og_site_name":"Shelly","article_publisher":"https:\/\/www.facebook.com\/groups\/ShellyIoTCommunitySupport\/","article_modified_time":"2026-04-22T07:58:12+00:00","og_image":[{"width":800,"height":800,"url":"https:\/\/shelly.ee\/wp-content\/uploads\/2026\/03\/Shelly-1PM-Gen4-main-image.webp","type":"image\/webp"}],"twitter_card":"summary_large_image","twitter_site":"@shelly_iot","twitter_misc":{"Est. reading time":"1 minute"},"schema":{"@context":"https:\/\/schema.org","@graph":[{"@type":"WebPage","@id":"https:\/\/shelly.ee\/toode\/shelly-1pm-gen4\/","url":"https:\/\/shelly.ee\/toode\/shelly-1pm-gen4\/","name":"Shelly 1PM Gen4 - Shelly","isPartOf":{"@id":"https:\/\/shelly.ee\/#website"},"primaryImageOfPage":{"@id":"https:\/\/shelly.ee\/toode\/shelly-1pm-gen4\/#primaryimage"},"image":{"@id":"https:\/\/shelly.ee\/toode\/shelly-1pm-gen4\/#primaryimage"},"thumbnailUrl":"https:\/\/shelly.ee\/wp-content\/uploads\/2026\/03\/Shelly-1PM-Gen4-main-image.webp","datePublished":"2026-03-23T11:14:50+00:00","dateModified":"2026-04-22T07:58:12+00:00","breadcrumb":{"@id":"https:\/\/shelly.ee\/toode\/shelly-1pm-gen4\/#breadcrumb"},"inLanguage":"en-US","potentialAction":[{"@type":"ReadAction","target":["https:\/\/shelly.ee\/toode\/shelly-1pm-gen4\/"]}]},{"@type":"ImageObject","inLanguage":"en-US","@id":"https:\/\/shelly.ee\/toode\/shelly-1pm-gen4\/#primaryimage","url":"https:\/\/shelly.ee\/wp-content\/uploads\/2026\/03\/Shelly-1PM-Gen4-main-image.webp","contentUrl":"https:\/\/shelly.ee\/wp-content\/uploads\/2026\/03\/Shelly-1PM-Gen4-main-image.webp","width":800,"height":800},{"@type":"BreadcrumbList","@id":"https:\/\/shelly.ee\/toode\/shelly-1pm-gen4\/#breadcrumb","itemListElement":[{"@type":"ListItem","position":1,"name":"Home","item":"https:\/\/shelly.ee\/"},{"@type":"ListItem","position":2,"name":"Pood","item":"https:\/\/shelly.ee\/pood\/"},{"@type":"ListItem","position":3,"name":"Shelly 1PM Gen4"}]},{"@type":"WebSite","@id":"https:\/\/shelly.ee\/#website","url":"https:\/\/shelly.ee\/","name":"Shelly Eesti","description":"T&otilde;hus nutikodu automaatika","publisher":{"@id":"https:\/\/shelly.ee\/#organization"},"alternateName":"Shelly Estonia","potentialAction":[{"@type":"SearchAction","target":{"@type":"EntryPoint","urlTemplate":"https:\/\/shelly.ee\/?s={search_term_string}"},"query-input":{"@type":"PropertyValueSpecification","valueRequired":true,"valueName":"search_term_string"}}],"inLanguage":"en-US"},{"@type":"Organization","@id":"https:\/\/shelly.ee\/#organization","name":"Shelly's","alternateName":"Shelly Estonia","url":"https:\/\/shelly.ee\/","logo":{"@type":"ImageObject","inLanguage":"en-US","@id":"https:\/\/shelly.ee\/#\/schema\/logo\/image\/","url":"https:\/\/shelly.ee\/wp-content\/uploads\/2024\/01\/cropped-apple-touch-icon-120x120-1.png","contentUrl":"https:\/\/shelly.ee\/wp-content\/uploads\/2024\/01\/cropped-apple-touch-icon-120x120-1.png","width":512,"height":512,"caption":"Shelly"},"image":{"@id":"https:\/\/shelly.ee\/#\/schema\/logo\/image\/"},"sameAs":["https:\/\/www.facebook.com\/groups\/ShellyIoTCommunitySupport\/","https:\/\/x.com\/shelly_iot","https:\/\/www.instagram.com\/shelly.iot\/","https:\/\/www.youtube.com\/channel\/UCbsZRChOGBmMXx9-6PhCxdw"]}]}},"_links":{"self":[{"href":"https:\/\/shelly.ee\/en\/wp-json\/wp\/v2\/product\/855","targetHints":{"allow":["GET"]}}],"collection":[{"href":"https:\/\/shelly.ee\/en\/wp-json\/wp\/v2\/product"}],"about":[{"href":"https:\/\/shelly.ee\/en\/wp-json\/wp\/v2\/types\/product"}],"wp:featuredmedia":[{"embeddable":true,"href":"https:\/\/shelly.ee\/en\/wp-json\/wp\/v2\/media\/832"}],"wp:attachment":[{"href":"https:\/\/shelly.ee\/en\/wp-json\/wp\/v2\/media?parent=855"}],"wp:term":[{"taxonomy":"product_brand","embeddable":true,"href":"https:\/\/shelly.ee\/en\/wp-json\/wp\/v2\/product_brand?post=855"},{"taxonomy":"product_cat","embeddable":true,"href":"https:\/\/shelly.ee\/en\/wp-json\/wp\/v2\/product_cat?post=855"},{"taxonomy":"product_tag","embeddable":true,"href":"https:\/\/shelly.ee\/en\/wp-json\/wp\/v2\/product_tag?post=855"}],"curies":[{"name":"wp","href":"https:\/\/api.w.org\/{rel}","templated":true}]}}