{"id":877,"date":"2026-03-23T12:46:39","date_gmt":"2026-03-23T12:46:39","guid":{"rendered":"https:\/\/shelly.ee\/?post_type=product&#038;p=877"},"modified":"2026-03-24T12:47:36","modified_gmt":"2026-03-24T12:47:36","slug":"shelly-flood-gen4","status":"publish","type":"product","link":"https:\/\/shelly.ee\/en\/product\/shelly-flood-gen4\/","title":{"rendered":"Shelly Flood Gen4"},"content":{"rendered":"<ul>\n<li>New \u2013 multi-protocol support: choose between Bluetooth, Wi-Fi or Zigbee<\/li>\n<li>Matter certified \u2013 integrates with all Matter ecosystems<\/li>\n<li>Water leak detection \u2013 2 m extendable leak sensor cable for covering small and large areas<\/li>\n<li>Supports two modes: water leak detection and rain detection<\/li>\n<li>Three built-in alarm modes: intensive, normal and energy-saving<\/li>\n<li>Battery-powered \u2013 flexible use and uninterrupted operation (batteries included)<\/li>\n<li>Protection class IP44 \u2013 durable construction for use in humid environments<\/li>\n<li>Smart automations \u2013 supports local automated actions<\/li>\n<li>Control from anywhere via the Shelly Smart Control app or other automation platforms<\/li>\n<li>Compatible with all major systems: Apple HomeKit, Google Home, Home Assistant<\/li>\n<\/ul>\n<p><a href=\"https:\/\/shelly.ee\/wp-content\/uploads\/2026\/03\/Shelly-Flood-Gen4-multilingual-printed-user-and-safety-guide.pdf\">Shelly Flood Gen4 multilingual printed user and safety guide<\/a><\/p>","protected":false},"excerpt":{"rendered":"<p>Stay one step ahead of water damage. Smart water leak sensor with a cable that includes a leak detection sensor, which detects problems before they escalate. Sends real-time notifications and integrates seamlessly with your smart home system. Ideal for basements, kitchens, garages, laundry rooms, summer houses or other risk-prone areas.<\/p>","protected":false},"featured_media":878,"template":"","meta":{"_kadence_starter_templates_imported_post":false,"_kad_post_transparent":"default","_kad_post_title":"","_kad_post_layout":"default","_kad_post_sidebar_id":"","_kad_post_content_style":"default","_kad_post_vertical_padding":"default","_kad_post_feature":"","_kad_post_feature_position":"","_kad_post_header":false,"_kad_post_footer":false,"_kad_post_classname":""},"product_brand":[],"product_cat":[29],"product_tag":[115,116,117],"class_list":{"0":"post-877","1":"product","2":"type-product","3":"status-publish","4":"has-post-thumbnail","6":"product_cat-turvalisus","7":"product_tag-flood","8":"product_tag-shelly-flood","9":"product_tag-shelly-flood-gen4","11":"first","12":"instock","13":"shipping-taxable","14":"product-type-external","15":"entry","16":"content-bg","17":"loop-entry"},"yoast_head":"<!-- This site is optimized with the Yoast SEO plugin v27.4 - https:\/\/yoast.com\/product\/yoast-seo-wordpress\/ -->\n<title>Shelly Flood Gen4 - Shelly Eesti<\/title>\n<meta name=\"robots\" content=\"index, follow, max-snippet:-1, max-image-preview:large, max-video-preview:-1\" \/>\n<link rel=\"canonical\" href=\"https:\/\/shelly.ee\/en\/product\/shelly-flood-gen4\/\" \/>\n<meta property=\"og:locale\" content=\"en_US\" \/>\n<meta property=\"og:type\" content=\"article\" \/>\n<meta property=\"og:title\" content=\"Shelly Flood Gen4 - Shelly Eesti\" \/>\n<meta property=\"og:description\" content=\"Ole veekahjustustest alati samm ees. Nutikas veelekkeandur koos lekkeandurit sisaldava kaabliga, mis tuvastab probleemid enne nende nende s\u00fcvenemist. Edastab reaalajas teavitusi ja sobitub ideaalselt sinu nutikodu s\u00fcsteemi. Ideaalne keldritesse, k\u00f6\u00f6kidesse, garaa\u017eidesse, pesuruumidesse, suvilatesse v\u00f5i teistesse riskipiirkondadesse.\" \/>\n<meta property=\"og:url\" content=\"https:\/\/shelly.ee\/en\/product\/shelly-flood-gen4\/\" \/>\n<meta property=\"og:site_name\" content=\"Shelly\" \/>\n<meta property=\"article:publisher\" content=\"https:\/\/www.facebook.com\/groups\/ShellyIoTCommunitySupport\/\" \/>\n<meta property=\"article:modified_time\" content=\"2026-03-24T12:47:36+00:00\" \/>\n<meta property=\"og:image\" content=\"https:\/\/shelly.ee\/wp-content\/uploads\/2026\/03\/Shelly-Flood-Gen4-main-image-01.webp\" \/>\n\t<meta property=\"og:image:width\" content=\"800\" \/>\n\t<meta property=\"og:image:height\" content=\"800\" \/>\n\t<meta property=\"og:image:type\" content=\"image\/webp\" \/>\n<meta name=\"twitter:card\" content=\"summary_large_image\" \/>\n<meta name=\"twitter:site\" content=\"@shelly_iot\" \/>\n<meta name=\"twitter:label1\" content=\"Est. reading time\" \/>\n\t<meta name=\"twitter:data1\" content=\"1 minute\" \/>\n<script type=\"application\/ld+json\" class=\"yoast-schema-graph\">{\"@context\":\"https:\\\/\\\/schema.org\",\"@graph\":[{\"@type\":\"WebPage\",\"@id\":\"https:\\\/\\\/shelly.ee\\\/toode\\\/shelly-flood-gen4\\\/\",\"url\":\"https:\\\/\\\/shelly.ee\\\/toode\\\/shelly-flood-gen4\\\/\",\"name\":\"Shelly Flood Gen4 - Shelly Eesti\",\"isPartOf\":{\"@id\":\"https:\\\/\\\/shelly.ee\\\/#website\"},\"primaryImageOfPage\":{\"@id\":\"https:\\\/\\\/shelly.ee\\\/toode\\\/shelly-flood-gen4\\\/#primaryimage\"},\"image\":{\"@id\":\"https:\\\/\\\/shelly.ee\\\/toode\\\/shelly-flood-gen4\\\/#primaryimage\"},\"thumbnailUrl\":\"https:\\\/\\\/shelly.ee\\\/wp-content\\\/uploads\\\/2026\\\/03\\\/Shelly-Flood-Gen4-main-image-01.webp\",\"datePublished\":\"2026-03-23T12:46:39+00:00\",\"dateModified\":\"2026-03-24T12:47:36+00:00\",\"breadcrumb\":{\"@id\":\"https:\\\/\\\/shelly.ee\\\/toode\\\/shelly-flood-gen4\\\/#breadcrumb\"},\"inLanguage\":\"en-US\",\"potentialAction\":[{\"@type\":\"ReadAction\",\"target\":[\"https:\\\/\\\/shelly.ee\\\/toode\\\/shelly-flood-gen4\\\/\"]}]},{\"@type\":\"ImageObject\",\"inLanguage\":\"en-US\",\"@id\":\"https:\\\/\\\/shelly.ee\\\/toode\\\/shelly-flood-gen4\\\/#primaryimage\",\"url\":\"https:\\\/\\\/shelly.ee\\\/wp-content\\\/uploads\\\/2026\\\/03\\\/Shelly-Flood-Gen4-main-image-01.webp\",\"contentUrl\":\"https:\\\/\\\/shelly.ee\\\/wp-content\\\/uploads\\\/2026\\\/03\\\/Shelly-Flood-Gen4-main-image-01.webp\",\"width\":800,\"height\":800},{\"@type\":\"BreadcrumbList\",\"@id\":\"https:\\\/\\\/shelly.ee\\\/toode\\\/shelly-flood-gen4\\\/#breadcrumb\",\"itemListElement\":[{\"@type\":\"ListItem\",\"position\":1,\"name\":\"Home\",\"item\":\"https:\\\/\\\/shelly.ee\\\/\"},{\"@type\":\"ListItem\",\"position\":2,\"name\":\"Pood\",\"item\":\"https:\\\/\\\/shelly.ee\\\/pood\\\/\"},{\"@type\":\"ListItem\",\"position\":3,\"name\":\"Shelly Flood Gen4\"}]},{\"@type\":\"WebSite\",\"@id\":\"https:\\\/\\\/shelly.ee\\\/#website\",\"url\":\"https:\\\/\\\/shelly.ee\\\/\",\"name\":\"Shelly Eesti\",\"description\":\"T&otilde;hus nutikodu automaatika\",\"publisher\":{\"@id\":\"https:\\\/\\\/shelly.ee\\\/#organization\"},\"alternateName\":\"Shelly Estonia\",\"potentialAction\":[{\"@type\":\"SearchAction\",\"target\":{\"@type\":\"EntryPoint\",\"urlTemplate\":\"https:\\\/\\\/shelly.ee\\\/?s={search_term_string}\"},\"query-input\":{\"@type\":\"PropertyValueSpecification\",\"valueRequired\":true,\"valueName\":\"search_term_string\"}}],\"inLanguage\":\"en-US\"},{\"@type\":\"Organization\",\"@id\":\"https:\\\/\\\/shelly.ee\\\/#organization\",\"name\":\"Shelly\",\"alternateName\":\"Shelly Estonia\",\"url\":\"https:\\\/\\\/shelly.ee\\\/\",\"logo\":{\"@type\":\"ImageObject\",\"inLanguage\":\"en-US\",\"@id\":\"https:\\\/\\\/shelly.ee\\\/#\\\/schema\\\/logo\\\/image\\\/\",\"url\":\"https:\\\/\\\/shelly.ee\\\/wp-content\\\/uploads\\\/2024\\\/01\\\/cropped-apple-touch-icon-120x120-1.png\",\"contentUrl\":\"https:\\\/\\\/shelly.ee\\\/wp-content\\\/uploads\\\/2024\\\/01\\\/cropped-apple-touch-icon-120x120-1.png\",\"width\":512,\"height\":512,\"caption\":\"Shelly\"},\"image\":{\"@id\":\"https:\\\/\\\/shelly.ee\\\/#\\\/schema\\\/logo\\\/image\\\/\"},\"sameAs\":[\"https:\\\/\\\/www.facebook.com\\\/groups\\\/ShellyIoTCommunitySupport\\\/\",\"https:\\\/\\\/x.com\\\/shelly_iot\",\"https:\\\/\\\/www.instagram.com\\\/shelly.iot\\\/\",\"https:\\\/\\\/www.youtube.com\\\/channel\\\/UCbsZRChOGBmMXx9-6PhCxdw\"]}]}<\/script>\n<!-- \/ Yoast SEO plugin. -->","yoast_head_json":{"title":"Shelly Flood Gen4 - Shelly Eesti","robots":{"index":"index","follow":"follow","max-snippet":"max-snippet:-1","max-image-preview":"max-image-preview:large","max-video-preview":"max-video-preview:-1"},"canonical":"https:\/\/shelly.ee\/en\/product\/shelly-flood-gen4\/","og_locale":"en_US","og_type":"article","og_title":"Shelly Flood Gen4 - Shelly Eesti","og_description":"Ole veekahjustustest alati samm ees. Nutikas veelekkeandur koos lekkeandurit sisaldava kaabliga, mis tuvastab probleemid enne nende nende s\u00fcvenemist. Edastab reaalajas teavitusi ja sobitub ideaalselt sinu nutikodu s\u00fcsteemi. Ideaalne keldritesse, k\u00f6\u00f6kidesse, garaa\u017eidesse, pesuruumidesse, suvilatesse v\u00f5i teistesse riskipiirkondadesse.","og_url":"https:\/\/shelly.ee\/en\/product\/shelly-flood-gen4\/","og_site_name":"Shelly","article_publisher":"https:\/\/www.facebook.com\/groups\/ShellyIoTCommunitySupport\/","article_modified_time":"2026-03-24T12:47:36+00:00","og_image":[{"width":800,"height":800,"url":"https:\/\/shelly.ee\/wp-content\/uploads\/2026\/03\/Shelly-Flood-Gen4-main-image-01.webp","type":"image\/webp"}],"twitter_card":"summary_large_image","twitter_site":"@shelly_iot","twitter_misc":{"Est. reading time":"1 minute"},"schema":{"@context":"https:\/\/schema.org","@graph":[{"@type":"WebPage","@id":"https:\/\/shelly.ee\/toode\/shelly-flood-gen4\/","url":"https:\/\/shelly.ee\/toode\/shelly-flood-gen4\/","name":"Shelly Flood Gen4 - Shelly Eesti","isPartOf":{"@id":"https:\/\/shelly.ee\/#website"},"primaryImageOfPage":{"@id":"https:\/\/shelly.ee\/toode\/shelly-flood-gen4\/#primaryimage"},"image":{"@id":"https:\/\/shelly.ee\/toode\/shelly-flood-gen4\/#primaryimage"},"thumbnailUrl":"https:\/\/shelly.ee\/wp-content\/uploads\/2026\/03\/Shelly-Flood-Gen4-main-image-01.webp","datePublished":"2026-03-23T12:46:39+00:00","dateModified":"2026-03-24T12:47:36+00:00","breadcrumb":{"@id":"https:\/\/shelly.ee\/toode\/shelly-flood-gen4\/#breadcrumb"},"inLanguage":"en-US","potentialAction":[{"@type":"ReadAction","target":["https:\/\/shelly.ee\/toode\/shelly-flood-gen4\/"]}]},{"@type":"ImageObject","inLanguage":"en-US","@id":"https:\/\/shelly.ee\/toode\/shelly-flood-gen4\/#primaryimage","url":"https:\/\/shelly.ee\/wp-content\/uploads\/2026\/03\/Shelly-Flood-Gen4-main-image-01.webp","contentUrl":"https:\/\/shelly.ee\/wp-content\/uploads\/2026\/03\/Shelly-Flood-Gen4-main-image-01.webp","width":800,"height":800},{"@type":"BreadcrumbList","@id":"https:\/\/shelly.ee\/toode\/shelly-flood-gen4\/#breadcrumb","itemListElement":[{"@type":"ListItem","position":1,"name":"Home","item":"https:\/\/shelly.ee\/"},{"@type":"ListItem","position":2,"name":"Pood","item":"https:\/\/shelly.ee\/pood\/"},{"@type":"ListItem","position":3,"name":"Shelly Flood Gen4"}]},{"@type":"WebSite","@id":"https:\/\/shelly.ee\/#website","url":"https:\/\/shelly.ee\/","name":"Shelly Eesti","description":"T&otilde;hus nutikodu automaatika","publisher":{"@id":"https:\/\/shelly.ee\/#organization"},"alternateName":"Shelly Estonia","potentialAction":[{"@type":"SearchAction","target":{"@type":"EntryPoint","urlTemplate":"https:\/\/shelly.ee\/?s={search_term_string}"},"query-input":{"@type":"PropertyValueSpecification","valueRequired":true,"valueName":"search_term_string"}}],"inLanguage":"en-US"},{"@type":"Organization","@id":"https:\/\/shelly.ee\/#organization","name":"Shelly's","alternateName":"Shelly Estonia","url":"https:\/\/shelly.ee\/","logo":{"@type":"ImageObject","inLanguage":"en-US","@id":"https:\/\/shelly.ee\/#\/schema\/logo\/image\/","url":"https:\/\/shelly.ee\/wp-content\/uploads\/2024\/01\/cropped-apple-touch-icon-120x120-1.png","contentUrl":"https:\/\/shelly.ee\/wp-content\/uploads\/2024\/01\/cropped-apple-touch-icon-120x120-1.png","width":512,"height":512,"caption":"Shelly"},"image":{"@id":"https:\/\/shelly.ee\/#\/schema\/logo\/image\/"},"sameAs":["https:\/\/www.facebook.com\/groups\/ShellyIoTCommunitySupport\/","https:\/\/x.com\/shelly_iot","https:\/\/www.instagram.com\/shelly.iot\/","https:\/\/www.youtube.com\/channel\/UCbsZRChOGBmMXx9-6PhCxdw"]}]}},"_links":{"self":[{"href":"https:\/\/shelly.ee\/en\/wp-json\/wp\/v2\/product\/877","targetHints":{"allow":["GET"]}}],"collection":[{"href":"https:\/\/shelly.ee\/en\/wp-json\/wp\/v2\/product"}],"about":[{"href":"https:\/\/shelly.ee\/en\/wp-json\/wp\/v2\/types\/product"}],"wp:featuredmedia":[{"embeddable":true,"href":"https:\/\/shelly.ee\/en\/wp-json\/wp\/v2\/media\/878"}],"wp:attachment":[{"href":"https:\/\/shelly.ee\/en\/wp-json\/wp\/v2\/media?parent=877"}],"wp:term":[{"taxonomy":"product_brand","embeddable":true,"href":"https:\/\/shelly.ee\/en\/wp-json\/wp\/v2\/product_brand?post=877"},{"taxonomy":"product_cat","embeddable":true,"href":"https:\/\/shelly.ee\/en\/wp-json\/wp\/v2\/product_cat?post=877"},{"taxonomy":"product_tag","embeddable":true,"href":"https:\/\/shelly.ee\/en\/wp-json\/wp\/v2\/product_tag?post=877"}],"curies":[{"name":"wp","href":"https:\/\/api.w.org\/{rel}","templated":true}]}}