{"id":930,"date":"2026-03-26T10:26:05","date_gmt":"2026-03-26T10:26:05","guid":{"rendered":"https:\/\/shelly.ee\/?post_type=product&#038;p=930"},"modified":"2026-03-26T10:26:05","modified_gmt":"2026-03-26T10:26:05","slug":"shelly-plus-suitsuandur","status":"publish","type":"product","link":"https:\/\/shelly.ee\/en\/product\/shelly-plus-suitsuandur\/","title":{"rendered":"Shelly Plus Smoke Alarm"},"content":{"rendered":"<p>The Shelly Plus Smoke WiFi smoke detector\u2019s unique smoke detection technology can detect slow smoldering fires, which may develop even before flames become visible.<\/p>\n<p>In case of any detected danger, Shelly Plus Smoke will immediately inform you and your family members in real-time and allow you to take action, no matter how far away you are. Shelly Plus Smoke Alarm can execute direct actions on other devices on your local network without being connected to the Internet or Shelly Cloud. Count on immediate response time and local scenes to keep your home safe.<\/p>\n<ul>\n<li data-section-id=\"15xgolt\" data-start=\"55\" data-end=\"143\" class=\"translation-block\"><strong data-start=\"57\" data-end=\"74\">Battery powered<\/strong>\u00a0\u2013 1 \u00d7 CR123A battery \u2013 Not restricted as per IATA s.p. A123<\/li>\n<li data-section-id=\"19rs1zt\" data-start=\"144\" data-end=\"214\"><strong data-start=\"146\" data-end=\"180\">LED indications and loud alarm<\/strong>; Alarm pause (Hush mode)<\/li>\n<li data-section-id=\"18tb8ax\" data-start=\"215\" data-end=\"248\"><strong data-start=\"217\" data-end=\"246\">Low battery warning<\/strong><\/li>\n<li data-section-id=\"4ik2y2\" data-start=\"249\" data-end=\"271\" data-is-last-node=\"\"><strong data-start=\"251\" data-end=\"271\" data-is-last-node=\"\">Easy to install<\/strong><\/li>\n<\/ul>","protected":false},"excerpt":{"rendered":"<p>Wire-free, battery-operated smart photoelectric smoke alarm with high sensitivity - use it to constantly monitor your home for any smoke and keep your property and family safe, wherever you are.<\/p>","protected":false},"featured_media":931,"template":"","meta":{"_kadence_starter_templates_imported_post":false,"_kad_post_transparent":"default","_kad_post_title":"","_kad_post_layout":"default","_kad_post_sidebar_id":"","_kad_post_content_style":"default","_kad_post_vertical_padding":"default","_kad_post_feature":"","_kad_post_feature_position":"","_kad_post_header":false,"_kad_post_footer":false,"_kad_post_classname":""},"product_brand":[],"product_cat":[29],"product_tag":[33,121,122,120],"class_list":{"0":"post-930","1":"product","2":"type-product","3":"status-publish","4":"has-post-thumbnail","6":"product_cat-turvalisus","7":"product_tag-andur","8":"product_tag-shelly-plus","9":"product_tag-smoke-alarm","10":"product_tag-suitsuandur","12":"first","13":"instock","14":"shipping-taxable","15":"product-type-external","16":"entry","17":"content-bg","18":"loop-entry"},"yoast_head":"<!-- This site is optimized with the Yoast SEO plugin v27.4 - https:\/\/yoast.com\/product\/yoast-seo-wordpress\/ -->\n<title>Shelly Plus Suitsuandur - Shelly<\/title>\n<meta name=\"robots\" content=\"index, follow, max-snippet:-1, max-image-preview:large, max-video-preview:-1\" \/>\n<link rel=\"canonical\" href=\"https:\/\/shelly.ee\/en\/product\/shelly-plus-suitsuandur\/\" \/>\n<meta property=\"og:locale\" content=\"en_US\" \/>\n<meta property=\"og:type\" content=\"article\" \/>\n<meta property=\"og:title\" content=\"Shelly Plus Suitsuandur - Shelly\" \/>\n<meta property=\"og:description\" content=\"Juhtmevaba, patareiga t\u00f6\u00f6tav nutikas fotoelektriline suitsuandur k\u00f5rge tundlikkusega \u2013 hoia oma kodu ohutuna.\" \/>\n<meta property=\"og:url\" content=\"https:\/\/shelly.ee\/en\/product\/shelly-plus-suitsuandur\/\" \/>\n<meta property=\"og:site_name\" content=\"Shelly\" \/>\n<meta property=\"article:publisher\" content=\"https:\/\/www.facebook.com\/groups\/ShellyIoTCommunitySupport\/\" \/>\n<meta property=\"og:image\" content=\"https:\/\/shelly.ee\/wp-content\/uploads\/2026\/03\/Shelly-Plus-Smoke-main-image.webp\" \/>\n\t<meta property=\"og:image:width\" content=\"800\" \/>\n\t<meta property=\"og:image:height\" content=\"800\" \/>\n\t<meta property=\"og:image:type\" content=\"image\/webp\" \/>\n<meta name=\"twitter:card\" content=\"summary_large_image\" \/>\n<meta name=\"twitter:site\" content=\"@shelly_iot\" \/>\n<meta name=\"twitter:label1\" content=\"Est. reading time\" \/>\n\t<meta name=\"twitter:data1\" content=\"1 minute\" \/>\n<script type=\"application\/ld+json\" class=\"yoast-schema-graph\">{\"@context\":\"https:\\\/\\\/schema.org\",\"@graph\":[{\"@type\":\"WebPage\",\"@id\":\"https:\\\/\\\/shelly.ee\\\/toode\\\/shelly-plus-suitsuandur\\\/\",\"url\":\"https:\\\/\\\/shelly.ee\\\/toode\\\/shelly-plus-suitsuandur\\\/\",\"name\":\"Shelly Plus Suitsuandur - Shelly\",\"isPartOf\":{\"@id\":\"https:\\\/\\\/shelly.ee\\\/#website\"},\"primaryImageOfPage\":{\"@id\":\"https:\\\/\\\/shelly.ee\\\/toode\\\/shelly-plus-suitsuandur\\\/#primaryimage\"},\"image\":{\"@id\":\"https:\\\/\\\/shelly.ee\\\/toode\\\/shelly-plus-suitsuandur\\\/#primaryimage\"},\"thumbnailUrl\":\"https:\\\/\\\/shelly.ee\\\/wp-content\\\/uploads\\\/2026\\\/03\\\/Shelly-Plus-Smoke-main-image.webp\",\"datePublished\":\"2026-03-26T10:26:05+00:00\",\"breadcrumb\":{\"@id\":\"https:\\\/\\\/shelly.ee\\\/toode\\\/shelly-plus-suitsuandur\\\/#breadcrumb\"},\"inLanguage\":\"en-US\",\"potentialAction\":[{\"@type\":\"ReadAction\",\"target\":[\"https:\\\/\\\/shelly.ee\\\/toode\\\/shelly-plus-suitsuandur\\\/\"]}]},{\"@type\":\"ImageObject\",\"inLanguage\":\"en-US\",\"@id\":\"https:\\\/\\\/shelly.ee\\\/toode\\\/shelly-plus-suitsuandur\\\/#primaryimage\",\"url\":\"https:\\\/\\\/shelly.ee\\\/wp-content\\\/uploads\\\/2026\\\/03\\\/Shelly-Plus-Smoke-main-image.webp\",\"contentUrl\":\"https:\\\/\\\/shelly.ee\\\/wp-content\\\/uploads\\\/2026\\\/03\\\/Shelly-Plus-Smoke-main-image.webp\",\"width\":800,\"height\":800},{\"@type\":\"BreadcrumbList\",\"@id\":\"https:\\\/\\\/shelly.ee\\\/toode\\\/shelly-plus-suitsuandur\\\/#breadcrumb\",\"itemListElement\":[{\"@type\":\"ListItem\",\"position\":1,\"name\":\"Home\",\"item\":\"https:\\\/\\\/shelly.ee\\\/\"},{\"@type\":\"ListItem\",\"position\":2,\"name\":\"Pood\",\"item\":\"https:\\\/\\\/shelly.ee\\\/pood\\\/\"},{\"@type\":\"ListItem\",\"position\":3,\"name\":\"Shelly Plus Suitsuandur\"}]},{\"@type\":\"WebSite\",\"@id\":\"https:\\\/\\\/shelly.ee\\\/#website\",\"url\":\"https:\\\/\\\/shelly.ee\\\/\",\"name\":\"Shelly Eesti\",\"description\":\"T&otilde;hus nutikodu automaatika\",\"publisher\":{\"@id\":\"https:\\\/\\\/shelly.ee\\\/#organization\"},\"alternateName\":\"Shelly Estonia\",\"potentialAction\":[{\"@type\":\"SearchAction\",\"target\":{\"@type\":\"EntryPoint\",\"urlTemplate\":\"https:\\\/\\\/shelly.ee\\\/?s={search_term_string}\"},\"query-input\":{\"@type\":\"PropertyValueSpecification\",\"valueRequired\":true,\"valueName\":\"search_term_string\"}}],\"inLanguage\":\"en-US\"},{\"@type\":\"Organization\",\"@id\":\"https:\\\/\\\/shelly.ee\\\/#organization\",\"name\":\"Shelly\",\"alternateName\":\"Shelly Estonia\",\"url\":\"https:\\\/\\\/shelly.ee\\\/\",\"logo\":{\"@type\":\"ImageObject\",\"inLanguage\":\"en-US\",\"@id\":\"https:\\\/\\\/shelly.ee\\\/#\\\/schema\\\/logo\\\/image\\\/\",\"url\":\"https:\\\/\\\/shelly.ee\\\/wp-content\\\/uploads\\\/2024\\\/01\\\/cropped-apple-touch-icon-120x120-1.png\",\"contentUrl\":\"https:\\\/\\\/shelly.ee\\\/wp-content\\\/uploads\\\/2024\\\/01\\\/cropped-apple-touch-icon-120x120-1.png\",\"width\":512,\"height\":512,\"caption\":\"Shelly\"},\"image\":{\"@id\":\"https:\\\/\\\/shelly.ee\\\/#\\\/schema\\\/logo\\\/image\\\/\"},\"sameAs\":[\"https:\\\/\\\/www.facebook.com\\\/groups\\\/ShellyIoTCommunitySupport\\\/\",\"https:\\\/\\\/x.com\\\/shelly_iot\",\"https:\\\/\\\/www.instagram.com\\\/shelly.iot\\\/\",\"https:\\\/\\\/www.youtube.com\\\/channel\\\/UCbsZRChOGBmMXx9-6PhCxdw\"]}]}<\/script>\n<!-- \/ Yoast SEO plugin. -->","yoast_head_json":{"title":"Shelly Plus Suitsuandur - Shelly","robots":{"index":"index","follow":"follow","max-snippet":"max-snippet:-1","max-image-preview":"max-image-preview:large","max-video-preview":"max-video-preview:-1"},"canonical":"https:\/\/shelly.ee\/en\/product\/shelly-plus-suitsuandur\/","og_locale":"en_US","og_type":"article","og_title":"Shelly Plus Suitsuandur - Shelly","og_description":"Juhtmevaba, patareiga t\u00f6\u00f6tav nutikas fotoelektriline suitsuandur k\u00f5rge tundlikkusega \u2013 hoia oma kodu ohutuna.","og_url":"https:\/\/shelly.ee\/en\/product\/shelly-plus-suitsuandur\/","og_site_name":"Shelly","article_publisher":"https:\/\/www.facebook.com\/groups\/ShellyIoTCommunitySupport\/","og_image":[{"width":800,"height":800,"url":"https:\/\/shelly.ee\/wp-content\/uploads\/2026\/03\/Shelly-Plus-Smoke-main-image.webp","type":"image\/webp"}],"twitter_card":"summary_large_image","twitter_site":"@shelly_iot","twitter_misc":{"Est. reading time":"1 minute"},"schema":{"@context":"https:\/\/schema.org","@graph":[{"@type":"WebPage","@id":"https:\/\/shelly.ee\/toode\/shelly-plus-suitsuandur\/","url":"https:\/\/shelly.ee\/toode\/shelly-plus-suitsuandur\/","name":"Shelly Plus Suitsuandur - Shelly","isPartOf":{"@id":"https:\/\/shelly.ee\/#website"},"primaryImageOfPage":{"@id":"https:\/\/shelly.ee\/toode\/shelly-plus-suitsuandur\/#primaryimage"},"image":{"@id":"https:\/\/shelly.ee\/toode\/shelly-plus-suitsuandur\/#primaryimage"},"thumbnailUrl":"https:\/\/shelly.ee\/wp-content\/uploads\/2026\/03\/Shelly-Plus-Smoke-main-image.webp","datePublished":"2026-03-26T10:26:05+00:00","breadcrumb":{"@id":"https:\/\/shelly.ee\/toode\/shelly-plus-suitsuandur\/#breadcrumb"},"inLanguage":"en-US","potentialAction":[{"@type":"ReadAction","target":["https:\/\/shelly.ee\/toode\/shelly-plus-suitsuandur\/"]}]},{"@type":"ImageObject","inLanguage":"en-US","@id":"https:\/\/shelly.ee\/toode\/shelly-plus-suitsuandur\/#primaryimage","url":"https:\/\/shelly.ee\/wp-content\/uploads\/2026\/03\/Shelly-Plus-Smoke-main-image.webp","contentUrl":"https:\/\/shelly.ee\/wp-content\/uploads\/2026\/03\/Shelly-Plus-Smoke-main-image.webp","width":800,"height":800},{"@type":"BreadcrumbList","@id":"https:\/\/shelly.ee\/toode\/shelly-plus-suitsuandur\/#breadcrumb","itemListElement":[{"@type":"ListItem","position":1,"name":"Home","item":"https:\/\/shelly.ee\/"},{"@type":"ListItem","position":2,"name":"Pood","item":"https:\/\/shelly.ee\/pood\/"},{"@type":"ListItem","position":3,"name":"Shelly Plus Suitsuandur"}]},{"@type":"WebSite","@id":"https:\/\/shelly.ee\/#website","url":"https:\/\/shelly.ee\/","name":"Shelly Eesti","description":"T&otilde;hus nutikodu automaatika","publisher":{"@id":"https:\/\/shelly.ee\/#organization"},"alternateName":"Shelly Estonia","potentialAction":[{"@type":"SearchAction","target":{"@type":"EntryPoint","urlTemplate":"https:\/\/shelly.ee\/?s={search_term_string}"},"query-input":{"@type":"PropertyValueSpecification","valueRequired":true,"valueName":"search_term_string"}}],"inLanguage":"en-US"},{"@type":"Organization","@id":"https:\/\/shelly.ee\/#organization","name":"Shelly's","alternateName":"Shelly Estonia","url":"https:\/\/shelly.ee\/","logo":{"@type":"ImageObject","inLanguage":"en-US","@id":"https:\/\/shelly.ee\/#\/schema\/logo\/image\/","url":"https:\/\/shelly.ee\/wp-content\/uploads\/2024\/01\/cropped-apple-touch-icon-120x120-1.png","contentUrl":"https:\/\/shelly.ee\/wp-content\/uploads\/2024\/01\/cropped-apple-touch-icon-120x120-1.png","width":512,"height":512,"caption":"Shelly"},"image":{"@id":"https:\/\/shelly.ee\/#\/schema\/logo\/image\/"},"sameAs":["https:\/\/www.facebook.com\/groups\/ShellyIoTCommunitySupport\/","https:\/\/x.com\/shelly_iot","https:\/\/www.instagram.com\/shelly.iot\/","https:\/\/www.youtube.com\/channel\/UCbsZRChOGBmMXx9-6PhCxdw"]}]}},"_links":{"self":[{"href":"https:\/\/shelly.ee\/en\/wp-json\/wp\/v2\/product\/930","targetHints":{"allow":["GET"]}}],"collection":[{"href":"https:\/\/shelly.ee\/en\/wp-json\/wp\/v2\/product"}],"about":[{"href":"https:\/\/shelly.ee\/en\/wp-json\/wp\/v2\/types\/product"}],"wp:featuredmedia":[{"embeddable":true,"href":"https:\/\/shelly.ee\/en\/wp-json\/wp\/v2\/media\/931"}],"wp:attachment":[{"href":"https:\/\/shelly.ee\/en\/wp-json\/wp\/v2\/media?parent=930"}],"wp:term":[{"taxonomy":"product_brand","embeddable":true,"href":"https:\/\/shelly.ee\/en\/wp-json\/wp\/v2\/product_brand?post=930"},{"taxonomy":"product_cat","embeddable":true,"href":"https:\/\/shelly.ee\/en\/wp-json\/wp\/v2\/product_cat?post=930"},{"taxonomy":"product_tag","embeddable":true,"href":"https:\/\/shelly.ee\/en\/wp-json\/wp\/v2\/product_tag?post=930"}],"curies":[{"name":"wp","href":"https:\/\/api.w.org\/{rel}","templated":true}]}}